{"id":78470,"date":"2022-12-01T10:00:00","date_gmt":"2022-12-01T10:00:00","guid":{"rendered":"https:\/\/logistiikkakeskus.net\/kauppa\/tuote\/tikkurila-valtti-puuoljy-27l-ec-kirkas\/"},"modified":"2026-01-20T09:20:31","modified_gmt":"2026-01-20T07:20:31","slug":"tikkurila-valtti-puuoljy-27l-ec-kirkas","status":"publish","type":"product","link":"https:\/\/logistiikkakeskus.net\/kauppa\/tuote\/tikkurila-valtti-puuoljy-27l-ec-kirkas\/","title":{"rendered":"Tikkurila Valtti Wood Oil 3,6L Kirkas"},"content":{"rendered":"<p>Liuotinohenteinen puu\u00f6ljy ulkok\u00e4ytt\u00f6\u00f6n. Suojaa puuta hyvin kosteudeltatehden siit\u00e4 s\u00e4\u00e4nkest\u00e4v\u00e4n. S\u00e4vytett\u00e4viss\u00e4 laajaan v\u00e4rivalikoimaan.Helppo levitt\u00e4\u00e4.-kalustonhoito<\/p>\n","protected":false},"excerpt":{"rendered":"<p>Liuotinohenteinen puu\u00f6ljy ulkok\u00e4ytt\u00f6\u00f6n. Suojaa puuta hyvin kosteudeltatehden siit\u00e4 s\u00e4\u00e4nkest\u00e4v\u00e4n. S\u00e4vytett\u00e4viss\u00e4 laajaan v\u00e4rivalikoimaan.Helppo levitt\u00e4\u00e4.-kalustonhoito<\/p>\n","protected":false},"featured_media":0,"comment_status":"open","ping_status":"closed","template":"","meta":[],"product_brand":[],"product_cat":[3323],"product_tag":[],"class_list":{"0":"post-78470","1":"product","2":"type-product","3":"status-publish","5":"product_cat-kiinteistotarvikkeet-muut-tuotteet-kiinteistotuotteet","7":"first","8":"instock","9":"shipping-taxable","10":"purchasable","11":"product-type-simple"},"_links":{"self":[{"href":"https:\/\/logistiikkakeskus.net\/kauppa\/wp-json\/wp\/v2\/product\/78470","targetHints":{"allow":["GET"]}}],"collection":[{"href":"https:\/\/logistiikkakeskus.net\/kauppa\/wp-json\/wp\/v2\/product"}],"about":[{"href":"https:\/\/logistiikkakeskus.net\/kauppa\/wp-json\/wp\/v2\/types\/product"}],"replies":[{"embeddable":true,"href":"https:\/\/logistiikkakeskus.net\/kauppa\/wp-json\/wp\/v2\/comments?post=78470"}],"wp:attachment":[{"href":"https:\/\/logistiikkakeskus.net\/kauppa\/wp-json\/wp\/v2\/media?parent=78470"}],"wp:term":[{"taxonomy":"product_brand","embeddable":true,"href":"https:\/\/logistiikkakeskus.net\/kauppa\/wp-json\/wp\/v2\/product_brand?post=78470"},{"taxonomy":"product_cat","embeddable":true,"href":"https:\/\/logistiikkakeskus.net\/kauppa\/wp-json\/wp\/v2\/product_cat?post=78470"},{"taxonomy":"product_tag","embeddable":true,"href":"https:\/\/logistiikkakeskus.net\/kauppa\/wp-json\/wp\/v2\/product_tag?post=78470"}],"curies":[{"name":"wp","href":"https:\/\/api.w.org\/{rel}","templated":true}]}}