{"id":78466,"date":"2022-12-01T09:59:59","date_gmt":"2022-12-01T09:59:59","guid":{"rendered":"https:\/\/logistiikkakeskus.net\/kauppa\/tuote\/puristusside-cbs-staassi-avattava-mk\/"},"modified":"2026-01-20T09:20:30","modified_gmt":"2026-01-20T07:20:30","slug":"puristusside-cbs-staassi-avattava-mk","status":"publish","type":"product","link":"https:\/\/logistiikkakeskus.net\/kauppa\/tuote\/puristusside-cbs-staassi-avattava-mk\/","title":{"rendered":"X Puristusside, CBS-staassi avattava mk"},"content":{"rendered":"<p>Myyntiyksikk\u00f6 KPL <\/p>\n<h2>CBS-staassi<\/h2>\n<ul>\n<li>Verin\u00e4ytteenotto-ja injektio-toimenpiteisiintarkoitettu CBS-staassi on kest\u00e4v\u00e4 jahelppok\u00e4ytt\u00f6inen.\n<li>CBS-staassin lukkoa on helppok\u00e4sitell\u00e4 yhdell\u00e4kin k\u00e4dell\u00e4.\n<li>Stassin nauhat ovat iloisen v\u00e4risi\u00e4, joten nesoveltuvat erinomaisesti my\u00f6s lapsille.\n<li>Staassit voidaan autoklaavata aina 121 asteessa.<\/ul>\n<p><i><br \/>hakusanat: Puristusside,staassi avattava<\/i><\/p>\n","protected":false},"excerpt":{"rendered":"<p>Myyntiyksikk\u00f6 KPL CBS-staassi Verin\u00e4ytteenotto-ja injektio-toimenpiteisiintarkoitettu CBS-staassi on kest\u00e4v\u00e4 jahelppok\u00e4ytt\u00f6inen. CBS-staassin lukkoa on helppok\u00e4sitell\u00e4 yhdell\u00e4kin k\u00e4dell\u00e4. Stassin nauhat ovat iloisen v\u00e4risi\u00e4, joten nesoveltuvat erinomaisesti my\u00f6s lapsille. Staassit voidaan autoklaavata aina 121 asteessa. hakusanat: Puristusside,staassi avattava<\/p>\n","protected":false},"featured_media":104704,"comment_status":"open","ping_status":"closed","template":"","meta":[],"product_brand":[],"product_cat":[3487],"product_tag":[],"class_list":{"0":"post-78466","1":"product","2":"type-product","3":"status-publish","4":"has-post-thumbnail","6":"product_cat-hoitotarvikkeet-instrumentit-muut-instrumentit-ja-tarvikkeet","8":"first","9":"instock","10":"shipping-taxable","11":"purchasable","12":"product-type-simple"},"_links":{"self":[{"href":"https:\/\/logistiikkakeskus.net\/kauppa\/wp-json\/wp\/v2\/product\/78466","targetHints":{"allow":["GET"]}}],"collection":[{"href":"https:\/\/logistiikkakeskus.net\/kauppa\/wp-json\/wp\/v2\/product"}],"about":[{"href":"https:\/\/logistiikkakeskus.net\/kauppa\/wp-json\/wp\/v2\/types\/product"}],"replies":[{"embeddable":true,"href":"https:\/\/logistiikkakeskus.net\/kauppa\/wp-json\/wp\/v2\/comments?post=78466"}],"wp:featuredmedia":[{"embeddable":true,"href":"https:\/\/logistiikkakeskus.net\/kauppa\/wp-json\/wp\/v2\/media\/104704"}],"wp:attachment":[{"href":"https:\/\/logistiikkakeskus.net\/kauppa\/wp-json\/wp\/v2\/media?parent=78466"}],"wp:term":[{"taxonomy":"product_brand","embeddable":true,"href":"https:\/\/logistiikkakeskus.net\/kauppa\/wp-json\/wp\/v2\/product_brand?post=78466"},{"taxonomy":"product_cat","embeddable":true,"href":"https:\/\/logistiikkakeskus.net\/kauppa\/wp-json\/wp\/v2\/product_cat?post=78466"},{"taxonomy":"product_tag","embeddable":true,"href":"https:\/\/logistiikkakeskus.net\/kauppa\/wp-json\/wp\/v2\/product_tag?post=78466"}],"curies":[{"name":"wp","href":"https:\/\/api.w.org\/{rel}","templated":true}]}}