{"id":78464,"date":"2022-12-01T09:59:58","date_gmt":"2022-12-01T09:59:58","guid":{"rendered":"https:\/\/logistiikkakeskus.net\/kauppa\/tuote\/sakset-economy-bob-tety-13cm-kayrat\/"},"modified":"2025-10-15T10:21:51","modified_gmt":"2025-10-15T07:21:51","slug":"sakset-economy-bob-tety-13cm-kayrat","status":"publish","type":"product","link":"https:\/\/logistiikkakeskus.net\/kauppa\/tuote\/sakset-economy-bob-tety-13cm-kayrat\/","title":{"rendered":"Sakset, Economy Bob te\/ty 13cm k\u00e4yr\u00e4t"},"content":{"rendered":"<p>Myyntiyksikk\u00f6 KPL<\/p>\n<h2>Sakset k\u00e4yr\u00e4t tety 13cm, economy Bob 3070.13E<\/h2>\n<p>Tehdaspuhtaat, k\u00e4yr\u00e4k\u00e4rkiset sakset,joidenpituus on 130mm. Materiaalina kirurgin ter\u00e4s jokakest\u00e4\u00e4 hyvin steriloinnin.Valmistaja BOB<\/p>\n<p><i><br \/>hakusanat: kirurgiset instrumentit, sakset,k\u00e4yr\u00e4ttety 13cm economy toimenpideinstrumentit<\/i><\/p>\n","protected":false},"excerpt":{"rendered":"<p>Myyntiyksikk\u00f6 KPL Sakset k\u00e4yr\u00e4t tety 13cm, economy Bob 3070.13E Tehdaspuhtaat, k\u00e4yr\u00e4k\u00e4rkiset sakset,joidenpituus on 130mm. Materiaalina kirurgin ter\u00e4s jokakest\u00e4\u00e4 hyvin steriloinnin.Valmistaja BOB hakusanat: kirurgiset instrumentit, sakset,k\u00e4yr\u00e4ttety 13cm economy toimenpideinstrumentit<\/p>\n","protected":false},"featured_media":0,"comment_status":"open","ping_status":"closed","template":"","meta":[],"product_brand":[],"product_cat":[3486],"product_tag":[],"class_list":{"0":"post-78464","1":"product","2":"type-product","3":"status-publish","5":"product_cat-hoitotarvikkeet-instrumentit-sakset","7":"first","8":"instock","9":"shipping-taxable","10":"purchasable","11":"product-type-simple"},"_links":{"self":[{"href":"https:\/\/logistiikkakeskus.net\/kauppa\/wp-json\/wp\/v2\/product\/78464","targetHints":{"allow":["GET"]}}],"collection":[{"href":"https:\/\/logistiikkakeskus.net\/kauppa\/wp-json\/wp\/v2\/product"}],"about":[{"href":"https:\/\/logistiikkakeskus.net\/kauppa\/wp-json\/wp\/v2\/types\/product"}],"replies":[{"embeddable":true,"href":"https:\/\/logistiikkakeskus.net\/kauppa\/wp-json\/wp\/v2\/comments?post=78464"}],"wp:attachment":[{"href":"https:\/\/logistiikkakeskus.net\/kauppa\/wp-json\/wp\/v2\/media?parent=78464"}],"wp:term":[{"taxonomy":"product_brand","embeddable":true,"href":"https:\/\/logistiikkakeskus.net\/kauppa\/wp-json\/wp\/v2\/product_brand?post=78464"},{"taxonomy":"product_cat","embeddable":true,"href":"https:\/\/logistiikkakeskus.net\/kauppa\/wp-json\/wp\/v2\/product_cat?post=78464"},{"taxonomy":"product_tag","embeddable":true,"href":"https:\/\/logistiikkakeskus.net\/kauppa\/wp-json\/wp\/v2\/product_tag?post=78464"}],"curies":[{"name":"wp","href":"https:\/\/api.w.org\/{rel}","templated":true}]}}