{"id":78462,"date":"2022-12-01T09:59:57","date_gmt":"2022-12-01T09:59:57","guid":{"rendered":"https:\/\/logistiikkakeskus.net\/kauppa\/tuote\/sakset-economy-tety-13cm-suorat\/"},"modified":"2026-01-20T09:20:30","modified_gmt":"2026-01-20T07:20:30","slug":"sakset-economy-tety-13cm-suorat","status":"publish","type":"product","link":"https:\/\/logistiikkakeskus.net\/kauppa\/tuote\/sakset-economy-tety-13cm-suorat\/","title":{"rendered":"Sakset, Economy te\/ty 13cm suorat"},"content":{"rendered":"<p>myyntiyksikkk\u00f6: KPL<\/p>\n<h2> Sakset suorat tety 13cm ter\u00e4v\u00e4\/tylpp\u00e4tehdaspuht. <\/h2>\n<p>Materiaalina kirurgin ter\u00e4s joka kest\u00e4\u00e4 hyvinsteriloinnin. <\/p>\n<p><i><br \/> Toimittajan tuotenro. 125-0023 Otoplug Oy<br \/> hakusanat: kirurgiset toimenpideinstrumentit, tehdaspuhtaat Korvaakoodin 43170<\/i><\/p>\n<p> suorat tety 13cm ecomomy, toimenpideinstrumentit,43170<\/i><\/p>\n","protected":false},"excerpt":{"rendered":"<p>myyntiyksikkk\u00f6: KPL Sakset suorat tety 13cm ter\u00e4v\u00e4\/tylpp\u00e4tehdaspuht. Materiaalina kirurgin ter\u00e4s joka kest\u00e4\u00e4 hyvinsteriloinnin. Toimittajan tuotenro. 125-0023 Otoplug Oy hakusanat: kirurgiset toimenpideinstrumentit, tehdaspuhtaat Korvaakoodin 43170 suorat tety 13cm ecomomy, toimenpideinstrumentit,43170<\/p>\n","protected":false},"featured_media":104703,"comment_status":"open","ping_status":"closed","template":"","meta":[],"product_brand":[],"product_cat":[3486],"product_tag":[],"class_list":{"0":"post-78462","1":"product","2":"type-product","3":"status-publish","4":"has-post-thumbnail","6":"product_cat-hoitotarvikkeet-instrumentit-sakset","8":"first","9":"instock","10":"shipping-taxable","11":"purchasable","12":"product-type-simple"},"_links":{"self":[{"href":"https:\/\/logistiikkakeskus.net\/kauppa\/wp-json\/wp\/v2\/product\/78462","targetHints":{"allow":["GET"]}}],"collection":[{"href":"https:\/\/logistiikkakeskus.net\/kauppa\/wp-json\/wp\/v2\/product"}],"about":[{"href":"https:\/\/logistiikkakeskus.net\/kauppa\/wp-json\/wp\/v2\/types\/product"}],"replies":[{"embeddable":true,"href":"https:\/\/logistiikkakeskus.net\/kauppa\/wp-json\/wp\/v2\/comments?post=78462"}],"wp:featuredmedia":[{"embeddable":true,"href":"https:\/\/logistiikkakeskus.net\/kauppa\/wp-json\/wp\/v2\/media\/104703"}],"wp:attachment":[{"href":"https:\/\/logistiikkakeskus.net\/kauppa\/wp-json\/wp\/v2\/media?parent=78462"}],"wp:term":[{"taxonomy":"product_brand","embeddable":true,"href":"https:\/\/logistiikkakeskus.net\/kauppa\/wp-json\/wp\/v2\/product_brand?post=78462"},{"taxonomy":"product_cat","embeddable":true,"href":"https:\/\/logistiikkakeskus.net\/kauppa\/wp-json\/wp\/v2\/product_cat?post=78462"},{"taxonomy":"product_tag","embeddable":true,"href":"https:\/\/logistiikkakeskus.net\/kauppa\/wp-json\/wp\/v2\/product_tag?post=78462"}],"curies":[{"name":"wp","href":"https:\/\/api.w.org\/{rel}","templated":true}]}}