{"id":78458,"date":"2022-12-01T09:59:56","date_gmt":"2022-12-01T09:59:56","guid":{"rendered":"https:\/\/logistiikkakeskus.net\/kauppa\/tuote\/sakset-aikuisten-kynsisakset-10cm-kayra\/"},"modified":"2026-01-20T09:20:30","modified_gmt":"2026-01-20T07:20:30","slug":"sakset-aikuisten-kynsisakset-10cm-kayra","status":"publish","type":"product","link":"https:\/\/logistiikkakeskus.net\/kauppa\/tuote\/sakset-aikuisten-kynsisakset-10cm-kayra\/","title":{"rendered":"Sakset, aikuisten kynsisakset 10cm k\u00e4yr\u00e4"},"content":{"rendered":"<p>Myyntiyksikk\u00f6: KPL<\/p>\n<h2>Aikuisten kynsisakset 10 cm, k\u00e4yr\u00e4t<\/h2>\n<p>Tehdaspuhtaat, k\u00e4yr\u00e4t kynsisakset jotkamitoitettu aikuisille &#8211; Saksien pituus on 100 mm.Saksien valmistusmateriaalina on ruostumaton ter\u00e4s, <b>joka kest\u00e4\u00e4 s\u00e4\u00e4nn\u00f6llist\u00e4 sterilointia<\/b>.Saksilla on MDD-direktiivin mukainen CE-hyv\u00e4ksynt\u00e4.<\/p>\n<p><i><br \/>hakusanat: kirurgiset instrumentit, kynsisakset,aikuisten k\u00e4yr\u00e4t 10cm,toimenpideinstrumentit,varpaankynsi,sormenkynsi<\/i><\/p>\n","protected":false},"excerpt":{"rendered":"<p>Myyntiyksikk\u00f6: KPL Aikuisten kynsisakset 10 cm, k\u00e4yr\u00e4t Tehdaspuhtaat, k\u00e4yr\u00e4t kynsisakset jotkamitoitettu aikuisille &#8211; Saksien pituus on 100 mm.Saksien valmistusmateriaalina on ruostumaton ter\u00e4s, joka kest\u00e4\u00e4 s\u00e4\u00e4nn\u00f6llist\u00e4 sterilointia.Saksilla on MDD-direktiivin mukainen CE-hyv\u00e4ksynt\u00e4. hakusanat: kirurgiset instrumentit, kynsisakset,aikuisten k\u00e4yr\u00e4t 10cm,toimenpideinstrumentit,varpaankynsi,sormenkynsi<\/p>\n","protected":false},"featured_media":104701,"comment_status":"open","ping_status":"closed","template":"","meta":[],"product_brand":[],"product_cat":[3486],"product_tag":[],"class_list":{"0":"post-78458","1":"product","2":"type-product","3":"status-publish","4":"has-post-thumbnail","6":"product_cat-hoitotarvikkeet-instrumentit-sakset","8":"first","9":"instock","10":"shipping-taxable","11":"purchasable","12":"product-type-simple"},"_links":{"self":[{"href":"https:\/\/logistiikkakeskus.net\/kauppa\/wp-json\/wp\/v2\/product\/78458","targetHints":{"allow":["GET"]}}],"collection":[{"href":"https:\/\/logistiikkakeskus.net\/kauppa\/wp-json\/wp\/v2\/product"}],"about":[{"href":"https:\/\/logistiikkakeskus.net\/kauppa\/wp-json\/wp\/v2\/types\/product"}],"replies":[{"embeddable":true,"href":"https:\/\/logistiikkakeskus.net\/kauppa\/wp-json\/wp\/v2\/comments?post=78458"}],"wp:featuredmedia":[{"embeddable":true,"href":"https:\/\/logistiikkakeskus.net\/kauppa\/wp-json\/wp\/v2\/media\/104701"}],"wp:attachment":[{"href":"https:\/\/logistiikkakeskus.net\/kauppa\/wp-json\/wp\/v2\/media?parent=78458"}],"wp:term":[{"taxonomy":"product_brand","embeddable":true,"href":"https:\/\/logistiikkakeskus.net\/kauppa\/wp-json\/wp\/v2\/product_brand?post=78458"},{"taxonomy":"product_cat","embeddable":true,"href":"https:\/\/logistiikkakeskus.net\/kauppa\/wp-json\/wp\/v2\/product_cat?post=78458"},{"taxonomy":"product_tag","embeddable":true,"href":"https:\/\/logistiikkakeskus.net\/kauppa\/wp-json\/wp\/v2\/product_tag?post=78458"}],"curies":[{"name":"wp","href":"https:\/\/api.w.org\/{rel}","templated":true}]}}