{"id":78454,"date":"2022-12-01T09:59:54","date_gmt":"2022-12-01T09:59:54","guid":{"rendered":"https:\/\/logistiikkakeskus.net\/kauppa\/tuote\/veitsi-leikkaus-turva-kk-no-10\/"},"modified":"2025-03-25T14:45:45","modified_gmt":"2025-03-25T12:45:45","slug":"veitsi-leikkaus-turva-kk-no-10","status":"publish","type":"product","link":"https:\/\/logistiikkakeskus.net\/kauppa\/tuote\/veitsi-leikkaus-turva-kk-no-10\/","title":{"rendered":"Veitsi leikkaus turva kk No 10"},"content":{"rendered":"<p>Myyntiyksikk\u00f6 RAS (10kpl), Ryhm\u00e4pakkaus 10 ras\/ltk<\/p>\n<h2>Leikkausveitsi Bard-Parker n:o 10, turvasuojuksella<\/h2>\n<ul>\n<p><b> Ter\u00e4n koko: no. 10<\/b><\/p>\n<li>kertak\u00e4ytt\u00f6istenturvasuojuksellisten Bard-Parkerleikkausveitsien laaadukkaat ja turvalliset ter\u00e4t ovat ruostumatontater\u00e4st\u00e4\n<li>suorituskyky on hyv\u00e4,eik\u00e4 turvasuojus vaikutaleikkaustekniikkaan\n<li>turvasuojus on helppo avata k\u00e4ytt\u00f6\u00e4 vartenjalukita k\u00e4yt\u00f6n j\u00e4lkeen yhdell\u00e4 k\u00e4dell\u00e4\n<li>leikkausveitsien k\u00e4ytt\u00f6tukeemy\u00f6s EU direktiivin 2010\/32\/EU (ter\u00e4vien instrumenttien aiheuttamientapaturmien ehk\u00e4isy) noudattamista<\/ul>\n<p><i><br \/>hakusanat:veitset, leikkaus,turva, turvasuojus,ter\u00e4<\/i><\/p>\n","protected":false},"excerpt":{"rendered":"<p>Myyntiyksikk\u00f6 RAS (10kpl), Ryhm\u00e4pakkaus 10 ras\/ltk Leikkausveitsi Bard-Parker n:o 10, turvasuojuksella Ter\u00e4n koko: no. 10 kertak\u00e4ytt\u00f6istenturvasuojuksellisten Bard-Parkerleikkausveitsien laaadukkaat ja turvalliset ter\u00e4t ovat ruostumatontater\u00e4st\u00e4 suorituskyky on hyv\u00e4,eik\u00e4 turvasuojus vaikutaleikkaustekniikkaan turvasuojus on helppo avata k\u00e4ytt\u00f6\u00e4 vartenjalukita k\u00e4yt\u00f6n j\u00e4lkeen yhdell\u00e4 k\u00e4dell\u00e4 leikkausveitsien k\u00e4ytt\u00f6tukeemy\u00f6s EU direktiivin 2010\/32\/EU (ter\u00e4vien instrumenttien aiheuttamientapaturmien ehk\u00e4isy) noudattamista hakusanat:veitset, leikkaus,turva, turvasuojus,ter\u00e4<\/p>\n","protected":false},"featured_media":0,"comment_status":"open","ping_status":"closed","template":"","meta":[],"product_brand":[],"product_cat":[3485],"product_tag":[],"class_list":{"0":"post-78454","1":"product","2":"type-product","3":"status-publish","5":"product_cat-hoitotarvikkeet-instrumentit-leikkausveitset","7":"first","8":"instock","9":"shipping-taxable","10":"purchasable","11":"product-type-simple"},"_links":{"self":[{"href":"https:\/\/logistiikkakeskus.net\/kauppa\/wp-json\/wp\/v2\/product\/78454","targetHints":{"allow":["GET"]}}],"collection":[{"href":"https:\/\/logistiikkakeskus.net\/kauppa\/wp-json\/wp\/v2\/product"}],"about":[{"href":"https:\/\/logistiikkakeskus.net\/kauppa\/wp-json\/wp\/v2\/types\/product"}],"replies":[{"embeddable":true,"href":"https:\/\/logistiikkakeskus.net\/kauppa\/wp-json\/wp\/v2\/comments?post=78454"}],"wp:attachment":[{"href":"https:\/\/logistiikkakeskus.net\/kauppa\/wp-json\/wp\/v2\/media?parent=78454"}],"wp:term":[{"taxonomy":"product_brand","embeddable":true,"href":"https:\/\/logistiikkakeskus.net\/kauppa\/wp-json\/wp\/v2\/product_brand?post=78454"},{"taxonomy":"product_cat","embeddable":true,"href":"https:\/\/logistiikkakeskus.net\/kauppa\/wp-json\/wp\/v2\/product_cat?post=78454"},{"taxonomy":"product_tag","embeddable":true,"href":"https:\/\/logistiikkakeskus.net\/kauppa\/wp-json\/wp\/v2\/product_tag?post=78454"}],"curies":[{"name":"wp","href":"https:\/\/api.w.org\/{rel}","templated":true}]}}