{"id":78452,"date":"2022-12-01T09:59:53","date_gmt":"2022-12-01T09:59:53","guid":{"rendered":"https:\/\/logistiikkakeskus.net\/kauppa\/tuote\/atula-kirurginen-suora-11-5cm-siro\/"},"modified":"2026-01-20T09:20:30","modified_gmt":"2026-01-20T07:20:30","slug":"atula-kirurginen-suora-11-5cm-siro","status":"publish","type":"product","link":"https:\/\/logistiikkakeskus.net\/kauppa\/tuote\/atula-kirurginen-suora-11-5cm-siro\/","title":{"rendered":"Atula, kirurginen suora 11.5cm siro"},"content":{"rendered":"<p>myyntiyksikk\u00f6 KPL<\/p>\n<h2>Atula kirurginen suora pituus 11,5cm hennot<\/h2>\n<p>Tehdaspuhtaat kirurgiset atulat, jossasiro k\u00e4rki. K\u00e4rjess\u00e4 1&#215;2 -leikkaus, jolla saapit\u00e4v\u00e4n otteen.Atuloiden kokonaispituus on 115 mm.Materiaalina kirurgin ter\u00e4s joka kest\u00e4\u00e4 hyvinsteriloinnin.<\/p>\n<p><i><br \/>hakusanat: Atulat,pinsetit,kirurgiset,anatomiset,instrumentit,toimenpideinstrumentit suora,siro13cm 11,5cm hennot<\/i><\/p>\n","protected":false},"excerpt":{"rendered":"<p>myyntiyksikk\u00f6 KPL Atula kirurginen suora pituus 11,5cm hennot Tehdaspuhtaat kirurgiset atulat, jossasiro k\u00e4rki. K\u00e4rjess\u00e4 1&#215;2 -leikkaus, jolla saapit\u00e4v\u00e4n otteen.Atuloiden kokonaispituus on 115 mm.Materiaalina kirurgin ter\u00e4s joka kest\u00e4\u00e4 hyvinsteriloinnin. hakusanat: Atulat,pinsetit,kirurgiset,anatomiset,instrumentit,toimenpideinstrumentit suora,siro13cm 11,5cm hennot<\/p>\n","protected":false},"featured_media":104699,"comment_status":"open","ping_status":"closed","template":"","meta":[],"product_brand":[],"product_cat":[3484],"product_tag":[],"class_list":{"0":"post-78452","1":"product","2":"type-product","3":"status-publish","4":"has-post-thumbnail","6":"product_cat-hoitotarvikkeet-instrumentit-atulat","8":"first","9":"instock","10":"shipping-taxable","11":"purchasable","12":"product-type-simple"},"_links":{"self":[{"href":"https:\/\/logistiikkakeskus.net\/kauppa\/wp-json\/wp\/v2\/product\/78452","targetHints":{"allow":["GET"]}}],"collection":[{"href":"https:\/\/logistiikkakeskus.net\/kauppa\/wp-json\/wp\/v2\/product"}],"about":[{"href":"https:\/\/logistiikkakeskus.net\/kauppa\/wp-json\/wp\/v2\/types\/product"}],"replies":[{"embeddable":true,"href":"https:\/\/logistiikkakeskus.net\/kauppa\/wp-json\/wp\/v2\/comments?post=78452"}],"wp:featuredmedia":[{"embeddable":true,"href":"https:\/\/logistiikkakeskus.net\/kauppa\/wp-json\/wp\/v2\/media\/104699"}],"wp:attachment":[{"href":"https:\/\/logistiikkakeskus.net\/kauppa\/wp-json\/wp\/v2\/media?parent=78452"}],"wp:term":[{"taxonomy":"product_brand","embeddable":true,"href":"https:\/\/logistiikkakeskus.net\/kauppa\/wp-json\/wp\/v2\/product_brand?post=78452"},{"taxonomy":"product_cat","embeddable":true,"href":"https:\/\/logistiikkakeskus.net\/kauppa\/wp-json\/wp\/v2\/product_cat?post=78452"},{"taxonomy":"product_tag","embeddable":true,"href":"https:\/\/logistiikkakeskus.net\/kauppa\/wp-json\/wp\/v2\/product_tag?post=78452"}],"curies":[{"name":"wp","href":"https:\/\/api.w.org\/{rel}","templated":true}]}}