{"id":78450,"date":"2022-12-01T09:59:53","date_gmt":"2022-12-01T09:59:53","guid":{"rendered":"https:\/\/logistiikkakeskus.net\/kauppa\/tuote\/atula-anatominen-suora-13cm-siro-teras\/"},"modified":"2026-01-20T09:20:30","modified_gmt":"2026-01-20T07:20:30","slug":"atula-anatominen-suora-13cm-siro-teras","status":"publish","type":"product","link":"https:\/\/logistiikkakeskus.net\/kauppa\/tuote\/atula-anatominen-suora-13cm-siro-teras\/","title":{"rendered":"Atula, anatominen suora 13cm siro, ter\u00e4s"},"content":{"rendered":"<p>myyntiyksikk\u00f6 KPL<\/p>\n<h2>Atula anatominen suora pituus 13 cm siro<\/h2>\n<p>Tehdaspuhtaat atulat, jossa kapea k\u00e4rki.Atuloiden kokonaispituus on 130 mm. Materiaalinakirurgin ter\u00e4s joka kest\u00e4\u00e4 hyvin steriloinnin.<\/p>\n<p><i><br \/>hakusanat: Atulat,pinsetit,kirurgiset instrumentittoimenpideinstrumentit,anatominen suora,siro 13cm<\/i><\/p>\n","protected":false},"excerpt":{"rendered":"<p>myyntiyksikk\u00f6 KPL Atula anatominen suora pituus 13 cm siro Tehdaspuhtaat atulat, jossa kapea k\u00e4rki.Atuloiden kokonaispituus on 130 mm. Materiaalinakirurgin ter\u00e4s joka kest\u00e4\u00e4 hyvin steriloinnin. hakusanat: Atulat,pinsetit,kirurgiset instrumentittoimenpideinstrumentit,anatominen suora,siro 13cm<\/p>\n","protected":false},"featured_media":104698,"comment_status":"open","ping_status":"closed","template":"","meta":[],"product_brand":[],"product_cat":[3484],"product_tag":[],"class_list":{"0":"post-78450","1":"product","2":"type-product","3":"status-publish","4":"has-post-thumbnail","6":"product_cat-hoitotarvikkeet-instrumentit-atulat","8":"first","9":"instock","10":"shipping-taxable","11":"purchasable","12":"product-type-simple"},"_links":{"self":[{"href":"https:\/\/logistiikkakeskus.net\/kauppa\/wp-json\/wp\/v2\/product\/78450","targetHints":{"allow":["GET"]}}],"collection":[{"href":"https:\/\/logistiikkakeskus.net\/kauppa\/wp-json\/wp\/v2\/product"}],"about":[{"href":"https:\/\/logistiikkakeskus.net\/kauppa\/wp-json\/wp\/v2\/types\/product"}],"replies":[{"embeddable":true,"href":"https:\/\/logistiikkakeskus.net\/kauppa\/wp-json\/wp\/v2\/comments?post=78450"}],"wp:featuredmedia":[{"embeddable":true,"href":"https:\/\/logistiikkakeskus.net\/kauppa\/wp-json\/wp\/v2\/media\/104698"}],"wp:attachment":[{"href":"https:\/\/logistiikkakeskus.net\/kauppa\/wp-json\/wp\/v2\/media?parent=78450"}],"wp:term":[{"taxonomy":"product_brand","embeddable":true,"href":"https:\/\/logistiikkakeskus.net\/kauppa\/wp-json\/wp\/v2\/product_brand?post=78450"},{"taxonomy":"product_cat","embeddable":true,"href":"https:\/\/logistiikkakeskus.net\/kauppa\/wp-json\/wp\/v2\/product_cat?post=78450"},{"taxonomy":"product_tag","embeddable":true,"href":"https:\/\/logistiikkakeskus.net\/kauppa\/wp-json\/wp\/v2\/product_tag?post=78450"}],"curies":[{"name":"wp","href":"https:\/\/api.w.org\/{rel}","templated":true}]}}