{"id":78440,"date":"2022-12-01T09:59:49","date_gmt":"2022-12-01T09:59:49","guid":{"rendered":"https:\/\/logistiikkakeskus.net\/kauppa\/tuote\/sterilointipussi-bop-sps-150x350mm\/"},"modified":"2026-01-20T09:20:29","modified_gmt":"2026-01-20T07:20:29","slug":"sterilointipussi-bop-sps-150x350mm","status":"publish","type":"product","link":"https:\/\/logistiikkakeskus.net\/kauppa\/tuote\/sterilointipussi-bop-sps-150x350mm\/","title":{"rendered":"Sterilointipussi BOP SPS 150x350mm"},"content":{"rendered":"<p>Myyntiyksikk\u00f6 LTK (1500kpl)<\/p>\n<h2>Sterilointipussi BOP SPS 150 x 350mm sile\u00e4v\u00e4ri lila<\/h2>\n<p>H\u00f6yry-ja kaasusterilointiin.Standardin mukainen Medical Grade-laadunsterilointipussi (standardit EN868-1 ja 868-5)<\/p>\n<ul><i>Ominaisuudet:<\/b><\/p>\n<li>Koostumuspaperi60g\/m2, filmin materiaali polyesteri 12 micron,polypropyleeni 40 micron\n<li>Indikaattori laminoitukalvojen v\u00e4liin, mik\u00e4 est\u00e4\u00e4 paperin rikkoutumisenja musteen vuotoa\n<li>L\u00e4mm\u00f6nkest\u00e4vyys 143 astetta,saumausl\u00e4mp\u00f6tila 170-185 astetta.<\/ul>\n<p><i><br \/>hakusanat: Sterilointipussi p\/l sile\u00e4 tehdaspuhdas<\/i><\/p>\n","protected":false},"excerpt":{"rendered":"<p>Myyntiyksikk\u00f6 LTK (1500kpl) Sterilointipussi BOP SPS 150 x 350mm sile\u00e4v\u00e4ri lila H\u00f6yry-ja kaasusterilointiin.Standardin mukainen Medical Grade-laadunsterilointipussi (standardit EN868-1 ja 868-5) Ominaisuudet: Koostumuspaperi60g\/m2, filmin materiaali polyesteri 12 micron,polypropyleeni 40 micron Indikaattori laminoitukalvojen v\u00e4liin, mik\u00e4 est\u00e4\u00e4 paperin rikkoutumisenja musteen vuotoa L\u00e4mm\u00f6nkest\u00e4vyys 143 astetta,saumausl\u00e4mp\u00f6tila 170-185 astetta. hakusanat: Sterilointipussi p\/l sile\u00e4 tehdaspuhdas<\/p>\n","protected":false},"featured_media":104694,"comment_status":"open","ping_status":"closed","template":"","meta":[],"product_brand":[],"product_cat":[3482],"product_tag":[],"class_list":{"0":"post-78440","1":"product","2":"type-product","3":"status-publish","4":"has-post-thumbnail","6":"product_cat-hoitotarvikkeet-sterilointitarvikkeet-sterilointipussit","8":"first","9":"instock","10":"shipping-taxable","11":"purchasable","12":"product-type-simple"},"_links":{"self":[{"href":"https:\/\/logistiikkakeskus.net\/kauppa\/wp-json\/wp\/v2\/product\/78440","targetHints":{"allow":["GET"]}}],"collection":[{"href":"https:\/\/logistiikkakeskus.net\/kauppa\/wp-json\/wp\/v2\/product"}],"about":[{"href":"https:\/\/logistiikkakeskus.net\/kauppa\/wp-json\/wp\/v2\/types\/product"}],"replies":[{"embeddable":true,"href":"https:\/\/logistiikkakeskus.net\/kauppa\/wp-json\/wp\/v2\/comments?post=78440"}],"wp:featuredmedia":[{"embeddable":true,"href":"https:\/\/logistiikkakeskus.net\/kauppa\/wp-json\/wp\/v2\/media\/104694"}],"wp:attachment":[{"href":"https:\/\/logistiikkakeskus.net\/kauppa\/wp-json\/wp\/v2\/media?parent=78440"}],"wp:term":[{"taxonomy":"product_brand","embeddable":true,"href":"https:\/\/logistiikkakeskus.net\/kauppa\/wp-json\/wp\/v2\/product_brand?post=78440"},{"taxonomy":"product_cat","embeddable":true,"href":"https:\/\/logistiikkakeskus.net\/kauppa\/wp-json\/wp\/v2\/product_cat?post=78440"},{"taxonomy":"product_tag","embeddable":true,"href":"https:\/\/logistiikkakeskus.net\/kauppa\/wp-json\/wp\/v2\/product_tag?post=78440"}],"curies":[{"name":"wp","href":"https:\/\/api.w.org\/{rel}","templated":true}]}}