{"id":78436,"date":"2022-12-01T09:59:48","date_gmt":"2022-12-01T09:59:48","guid":{"rendered":"https:\/\/logistiikkakeskus.net\/kauppa\/tuote\/sterilointipussi-bop-sps-100x200mm\/"},"modified":"2026-01-20T09:20:29","modified_gmt":"2026-01-20T07:20:29","slug":"sterilointipussi-bop-sps-100x200mm","status":"publish","type":"product","link":"https:\/\/logistiikkakeskus.net\/kauppa\/tuote\/sterilointipussi-bop-sps-100x200mm\/","title":{"rendered":"Sterilointipussi BOP SPS 100x200mm"},"content":{"rendered":"<p>Myyntiyksikk\u00f6 LTK (1200kpl) sis. 12nipx100kpl <\/p>\n<h2>SterilointipussiBOP SPS 100 x 200mm  sile\u00e4 v\u00e4ri lila<\/h2>\n<p>H\u00f6yry-ja kaasusterilointiin.Standardin mukainen Medical Grade-laadun sterilointipussi (standarditEN868-1 ja 868-5) <\/p>\n<ul><b>Ominaisuudet:<\/b><\/p>\n<li>Koostumus paperi60g\/m2,filmin materiaali polyesteri 12 micron, polypropyleeni 40 micron\n<li>Ind ikaattori laminoitu kalvojen v\u00e4liin, mik\u00e4 est\u00e4\u00e4 paperinrikkoutumisen jamusteen vuotoa\n<li>L\u00e4mm\u00f6nkest\u00e4vyys 143 astetta,saumausl\u00e4mp\u00f6tila 170-185 astetta. <\/ul>\n<p><i><br \/> Toimittajan tuotenr o. SPS91BOP01020 OneMed Oy<br \/> hakusanat:Sterilointipussi p\/l sile\u00e4 tehdaspuhdas KORVAA koodin 44523<\/i><\/p>\n","protected":false},"excerpt":{"rendered":"<p>Myyntiyksikk\u00f6 LTK (1200kpl) sis. 12nipx100kpl SterilointipussiBOP SPS 100 x 200mm sile\u00e4 v\u00e4ri lila H\u00f6yry-ja kaasusterilointiin.Standardin mukainen Medical Grade-laadun sterilointipussi (standarditEN868-1 ja 868-5) Ominaisuudet: Koostumus paperi60g\/m2,filmin materiaali polyesteri 12 micron, polypropyleeni 40 micron Ind ikaattori laminoitu kalvojen v\u00e4liin, mik\u00e4 est\u00e4\u00e4 paperinrikkoutumisen jamusteen vuotoa L\u00e4mm\u00f6nkest\u00e4vyys 143 astetta,saumausl\u00e4mp\u00f6tila 170-185 astetta. Toimittajan tuotenr o. SPS91BOP01020 OneMed Oy hakusanat:Sterilointipussi p\/l [&hellip;]<\/p>\n","protected":false},"featured_media":104693,"comment_status":"open","ping_status":"closed","template":"","meta":[],"product_brand":[],"product_cat":[3482],"product_tag":[],"class_list":{"0":"post-78436","1":"product","2":"type-product","3":"status-publish","4":"has-post-thumbnail","6":"product_cat-hoitotarvikkeet-sterilointitarvikkeet-sterilointipussit","8":"first","9":"instock","10":"shipping-taxable","11":"purchasable","12":"product-type-simple"},"_links":{"self":[{"href":"https:\/\/logistiikkakeskus.net\/kauppa\/wp-json\/wp\/v2\/product\/78436","targetHints":{"allow":["GET"]}}],"collection":[{"href":"https:\/\/logistiikkakeskus.net\/kauppa\/wp-json\/wp\/v2\/product"}],"about":[{"href":"https:\/\/logistiikkakeskus.net\/kauppa\/wp-json\/wp\/v2\/types\/product"}],"replies":[{"embeddable":true,"href":"https:\/\/logistiikkakeskus.net\/kauppa\/wp-json\/wp\/v2\/comments?post=78436"}],"wp:featuredmedia":[{"embeddable":true,"href":"https:\/\/logistiikkakeskus.net\/kauppa\/wp-json\/wp\/v2\/media\/104693"}],"wp:attachment":[{"href":"https:\/\/logistiikkakeskus.net\/kauppa\/wp-json\/wp\/v2\/media?parent=78436"}],"wp:term":[{"taxonomy":"product_brand","embeddable":true,"href":"https:\/\/logistiikkakeskus.net\/kauppa\/wp-json\/wp\/v2\/product_brand?post=78436"},{"taxonomy":"product_cat","embeddable":true,"href":"https:\/\/logistiikkakeskus.net\/kauppa\/wp-json\/wp\/v2\/product_cat?post=78436"},{"taxonomy":"product_tag","embeddable":true,"href":"https:\/\/logistiikkakeskus.net\/kauppa\/wp-json\/wp\/v2\/product_tag?post=78436"}],"curies":[{"name":"wp","href":"https:\/\/api.w.org\/{rel}","templated":true}]}}