{"id":78430,"date":"2022-12-01T09:59:46","date_gmt":"2022-12-01T09:59:46","guid":{"rendered":"https:\/\/logistiikkakeskus.net\/kauppa\/tuote\/sterilointipussi-amf-3-ind-75x270mm\/"},"modified":"2026-01-20T09:20:29","modified_gmt":"2026-01-20T07:20:29","slug":"sterilointipussi-amf-3-ind-75x270mm","status":"publish","type":"product","link":"https:\/\/logistiikkakeskus.net\/kauppa\/tuote\/sterilointipussi-amf-3-ind-75x270mm\/","title":{"rendered":"Sterilointipussi AMF 3 ind 75x270mm"},"content":{"rendered":"<p>Myyntiyksikk\u00f6 LTK (200 kpl)<\/p>\n<h2>Sterilointipussi AMF 3 ind 75 x 270 mm<\/h2>\n<ul>\n<li>Paperi-laminaattipussi\n<li>koko: 75x270mm\n<li>Vahva laminaatti ja korkeatasoinen,kosteuden kest\u00e4v\u00e4, helposti avautuva,fibre free paperi\n<li>Soveltuu h\u00f6yry, EO ja formaldehydisterilointiin(h\u00f6yry vaaleanpunaisesta ruskeaan,EO sinisest\u00e4 vihre\u00e4\u00e4n, formaliini purppurasta vihre\u00e4\u00e4n)\n<li>Saumausl\u00e4mp\u00f6tila 170 &#8211; 185 C\n<li>Standardit EN ISO 11607 -1, EN 868 &#8211; 1 &#038; 5, EN 867 &#8211; 2\n<li>Varastoitava kuivassa viile\u00e4ss\u00e4 paikassa pois suorasta auringonvalosta\n<li>Suositeltava varastointil\u00e4mp\u00f6tila 10 &#8211; 30 C ja kosteus 30 &#8211; 70%<\/p>\n<\/ul>\n<p><i>hakusanat: Sterilointipussi p\/lsile\u00e4 tehdaspuhdas<\/i><\/p>\n","protected":false},"excerpt":{"rendered":"<p>Myyntiyksikk\u00f6 LTK (200 kpl) Sterilointipussi AMF 3 ind 75 x 270 mm Paperi-laminaattipussi koko: 75x270mm Vahva laminaatti ja korkeatasoinen,kosteuden kest\u00e4v\u00e4, helposti avautuva,fibre free paperi Soveltuu h\u00f6yry, EO ja formaldehydisterilointiin(h\u00f6yry vaaleanpunaisesta ruskeaan,EO sinisest\u00e4 vihre\u00e4\u00e4n, formaliini purppurasta vihre\u00e4\u00e4n) Saumausl\u00e4mp\u00f6tila 170 &#8211; 185 C Standardit EN ISO 11607 -1, EN 868 &#8211; 1 &#038; 5, EN 867 &#8211; [&hellip;]<\/p>\n","protected":false},"featured_media":104691,"comment_status":"open","ping_status":"closed","template":"","meta":[],"product_brand":[],"product_cat":[3482],"product_tag":[],"class_list":{"0":"post-78430","1":"product","2":"type-product","3":"status-publish","4":"has-post-thumbnail","6":"product_cat-hoitotarvikkeet-sterilointitarvikkeet-sterilointipussit","8":"first","9":"instock","10":"shipping-taxable","11":"purchasable","12":"product-type-simple"},"_links":{"self":[{"href":"https:\/\/logistiikkakeskus.net\/kauppa\/wp-json\/wp\/v2\/product\/78430","targetHints":{"allow":["GET"]}}],"collection":[{"href":"https:\/\/logistiikkakeskus.net\/kauppa\/wp-json\/wp\/v2\/product"}],"about":[{"href":"https:\/\/logistiikkakeskus.net\/kauppa\/wp-json\/wp\/v2\/types\/product"}],"replies":[{"embeddable":true,"href":"https:\/\/logistiikkakeskus.net\/kauppa\/wp-json\/wp\/v2\/comments?post=78430"}],"wp:featuredmedia":[{"embeddable":true,"href":"https:\/\/logistiikkakeskus.net\/kauppa\/wp-json\/wp\/v2\/media\/104691"}],"wp:attachment":[{"href":"https:\/\/logistiikkakeskus.net\/kauppa\/wp-json\/wp\/v2\/media?parent=78430"}],"wp:term":[{"taxonomy":"product_brand","embeddable":true,"href":"https:\/\/logistiikkakeskus.net\/kauppa\/wp-json\/wp\/v2\/product_brand?post=78430"},{"taxonomy":"product_cat","embeddable":true,"href":"https:\/\/logistiikkakeskus.net\/kauppa\/wp-json\/wp\/v2\/product_cat?post=78430"},{"taxonomy":"product_tag","embeddable":true,"href":"https:\/\/logistiikkakeskus.net\/kauppa\/wp-json\/wp\/v2\/product_tag?post=78430"}],"curies":[{"name":"wp","href":"https:\/\/api.w.org\/{rel}","templated":true}]}}