{"id":78360,"date":"2022-12-01T09:59:21","date_gmt":"2022-12-01T09:59:21","guid":{"rendered":"https:\/\/logistiikkakeskus.net\/kauppa\/tuote\/ihon-suojavoide-cavilon-92g-hajusteeton\/"},"modified":"2025-01-16T13:49:13","modified_gmt":"2025-01-16T11:49:13","slug":"ihon-suojavoide-cavilon-92g-hajusteeton","status":"publish","type":"product","link":"https:\/\/logistiikkakeskus.net\/kauppa\/tuote\/ihon-suojavoide-cavilon-92g-hajusteeton\/","title":{"rendered":"Ihon suojavoide Cavilon 92G hajusteeton"},"content":{"rendered":"<p>Myyntiyksikk\u00f6 KPL, ryhm\u00e4pakkaus 12 kpl\/ras <\/p>\n<h2>Cavilon ihonsuojavoide 92g hajusteeton<\/h2>\n<p>3M Cavilon Kest\u00e4v\u00e4 -ihonsuojavoide 92g. Tarjoaa kest\u00e4v\u00e4n suojan kehon eritteit\u00e4 vastaan. Kosteuttaa ihoapitk\u00e4kestoisesti. Sopii k\u00e4ytett\u00e4- v\u00e4ksi sek\u00e4 hauraan ett\u00e4 terveen ihonsuojaamiseenihorikoilta.Tuote ei sis\u00e4ll\u00e4 vaseliinia eik\u00e4 siksi tukivaippojen\/ inko ntinenssisiteiden imukanavia tai v\u00e4henn\u00e4 siteidenimukyky\u00e4.Ei heikenn\u00e4 teippien tai sidosten kiinnittyvyytt\u00e4 iholle.<\/p>\n<p><i><br \/> Toimittajan tuotenro: MMM3392FF OneMed oy<br \/> hakusanat:Suojavoide, ihonsuoja, Cavilon, 92g, 3392, haavasuoja,KORVAA 752120<\/i><\/p>\n","protected":false},"excerpt":{"rendered":"<p>Myyntiyksikk\u00f6 KPL, ryhm\u00e4pakkaus 12 kpl\/ras Cavilon ihonsuojavoide 92g hajusteeton 3M Cavilon Kest\u00e4v\u00e4 -ihonsuojavoide 92g. Tarjoaa kest\u00e4v\u00e4n suojan kehon eritteit\u00e4 vastaan. Kosteuttaa ihoapitk\u00e4kestoisesti. Sopii k\u00e4ytett\u00e4- v\u00e4ksi sek\u00e4 hauraan ett\u00e4 terveen ihonsuojaamiseenihorikoilta.Tuote ei sis\u00e4ll\u00e4 vaseliinia eik\u00e4 siksi tukivaippojen\/ inko ntinenssisiteiden imukanavia tai v\u00e4henn\u00e4 siteidenimukyky\u00e4.Ei heikenn\u00e4 teippien tai sidosten kiinnittyvyytt\u00e4 iholle. Toimittajan tuotenro: MMM3392FF OneMed oy hakusanat:Suojavoide, ihonsuoja, [&hellip;]<\/p>\n","protected":false},"featured_media":0,"comment_status":"open","ping_status":"closed","template":"","meta":[],"product_brand":[],"product_cat":[3474],"product_tag":[],"class_list":{"0":"post-78360","1":"product","2":"type-product","3":"status-publish","5":"product_cat-hoitotarvikkeet-haavanhoitotarvikkeet-haavanhoitoaineet","7":"first","8":"instock","9":"shipping-taxable","10":"purchasable","11":"product-type-simple"},"_links":{"self":[{"href":"https:\/\/logistiikkakeskus.net\/kauppa\/wp-json\/wp\/v2\/product\/78360","targetHints":{"allow":["GET"]}}],"collection":[{"href":"https:\/\/logistiikkakeskus.net\/kauppa\/wp-json\/wp\/v2\/product"}],"about":[{"href":"https:\/\/logistiikkakeskus.net\/kauppa\/wp-json\/wp\/v2\/types\/product"}],"replies":[{"embeddable":true,"href":"https:\/\/logistiikkakeskus.net\/kauppa\/wp-json\/wp\/v2\/comments?post=78360"}],"wp:attachment":[{"href":"https:\/\/logistiikkakeskus.net\/kauppa\/wp-json\/wp\/v2\/media?parent=78360"}],"wp:term":[{"taxonomy":"product_brand","embeddable":true,"href":"https:\/\/logistiikkakeskus.net\/kauppa\/wp-json\/wp\/v2\/product_brand?post=78360"},{"taxonomy":"product_cat","embeddable":true,"href":"https:\/\/logistiikkakeskus.net\/kauppa\/wp-json\/wp\/v2\/product_cat?post=78360"},{"taxonomy":"product_tag","embeddable":true,"href":"https:\/\/logistiikkakeskus.net\/kauppa\/wp-json\/wp\/v2\/product_tag?post=78360"}],"curies":[{"name":"wp","href":"https:\/\/api.w.org\/{rel}","templated":true}]}}