{"id":78324,"date":"2022-12-01T09:59:08","date_gmt":"2022-12-01T09:59:08","guid":{"rendered":"https:\/\/logistiikkakeskus.net\/kauppa\/tuote\/harsotaitos-selefa-7-5x7-5cm-8krs-ston\/"},"modified":"2026-01-20T09:20:26","modified_gmt":"2026-01-20T07:20:26","slug":"harsotaitos-selefa-7-5x7-5cm-8krs-ston","status":"publish","type":"product","link":"https:\/\/logistiikkakeskus.net\/kauppa\/tuote\/harsotaitos-selefa-7-5x7-5cm-8krs-ston\/","title":{"rendered":"Harsotaitos Selefa 7.5&#215;7.5cm 8krs ston"},"content":{"rendered":"<p>Myyntiyksikk\u00f6 PAK (100kpl),ryhm\u00e4pak 10pak\/ltk<\/p>\n<h2>Harsotaitos Selefa 7,5&#215;7,5cm 8-kerroksinen,tehdaspuhdas<\/h2>\n<ul>\n<li>Materiaali17-lankainen puuvillaharso.\n<li><b>Tuote ei sis\u00e4ll\u00e4 hartsia,luonnonkumia eik\u00e4hartsijohdannaisia.<\/b>\n<li>S\u00e4ilytys kuivassa jahuoneenl\u00e4mm\u00f6ss\u00e4.<\/ul>\n<p><i><br \/>hakusanat: Taitos harso,harsotaitos,tehdaspuhdas,ston,7,5&#215;7,5cm ,8-kerroksinen,8-kert,irtonep\u00e4ster.<\/i><\/p>\n","protected":false},"excerpt":{"rendered":"<p>Myyntiyksikk\u00f6 PAK (100kpl),ryhm\u00e4pak 10pak\/ltk Harsotaitos Selefa 7,5&#215;7,5cm 8-kerroksinen,tehdaspuhdas Materiaali17-lankainen puuvillaharso. Tuote ei sis\u00e4ll\u00e4 hartsia,luonnonkumia eik\u00e4hartsijohdannaisia. S\u00e4ilytys kuivassa jahuoneenl\u00e4mm\u00f6ss\u00e4. hakusanat: Taitos harso,harsotaitos,tehdaspuhdas,ston,7,5&#215;7,5cm ,8-kerroksinen,8-kert,irtonep\u00e4ster.<\/p>\n","protected":false},"featured_media":104657,"comment_status":"open","ping_status":"closed","template":"","meta":[],"product_brand":[],"product_cat":[3468],"product_tag":[],"class_list":{"0":"post-78324","1":"product","2":"type-product","3":"status-publish","4":"has-post-thumbnail","6":"product_cat-hoitotarvikkeet-kuitu-ja-harsotaitokset-harsotaitokset","8":"first","9":"instock","10":"shipping-taxable","11":"purchasable","12":"product-type-simple"},"_links":{"self":[{"href":"https:\/\/logistiikkakeskus.net\/kauppa\/wp-json\/wp\/v2\/product\/78324","targetHints":{"allow":["GET"]}}],"collection":[{"href":"https:\/\/logistiikkakeskus.net\/kauppa\/wp-json\/wp\/v2\/product"}],"about":[{"href":"https:\/\/logistiikkakeskus.net\/kauppa\/wp-json\/wp\/v2\/types\/product"}],"replies":[{"embeddable":true,"href":"https:\/\/logistiikkakeskus.net\/kauppa\/wp-json\/wp\/v2\/comments?post=78324"}],"wp:featuredmedia":[{"embeddable":true,"href":"https:\/\/logistiikkakeskus.net\/kauppa\/wp-json\/wp\/v2\/media\/104657"}],"wp:attachment":[{"href":"https:\/\/logistiikkakeskus.net\/kauppa\/wp-json\/wp\/v2\/media?parent=78324"}],"wp:term":[{"taxonomy":"product_brand","embeddable":true,"href":"https:\/\/logistiikkakeskus.net\/kauppa\/wp-json\/wp\/v2\/product_brand?post=78324"},{"taxonomy":"product_cat","embeddable":true,"href":"https:\/\/logistiikkakeskus.net\/kauppa\/wp-json\/wp\/v2\/product_cat?post=78324"},{"taxonomy":"product_tag","embeddable":true,"href":"https:\/\/logistiikkakeskus.net\/kauppa\/wp-json\/wp\/v2\/product_tag?post=78324"}],"curies":[{"name":"wp","href":"https:\/\/api.w.org\/{rel}","templated":true}]}}