{"id":78320,"date":"2022-12-01T09:59:07","date_gmt":"2022-12-01T09:59:07","guid":{"rendered":"https:\/\/logistiikkakeskus.net\/kauppa\/tuote\/kuitutaitos-selefa-10x10cm-4krs-steriili\/"},"modified":"2026-01-20T09:20:26","modified_gmt":"2026-01-20T07:20:26","slug":"kuitutaitos-selefa-10x10cm-4krs-steriili","status":"publish","type":"product","link":"https:\/\/logistiikkakeskus.net\/kauppa\/tuote\/kuitutaitos-selefa-10x10cm-4krs-steriili\/","title":{"rendered":"Kuitutaitos Selefa 10x10cm 4krs steriili"},"content":{"rendered":"<p>myyntiyksikk\u00f6 PAK(30 x 5kpl), ryhm\u00e4pak. 18 ras\/ltk<\/p>\n<h2> Steriili kuitukangastaitos Selefa 10x10cm 150kpl rasiassa<\/h2>\n<ul>\n<li>Steriilikuitukangastaitos haavan puhdistukseen ja suojaamiseen.\n<li>Ominaisuudet 4-kerroksinen, materiaali viskoosi70% ja polyester 30% Korkea imukyky,pehmeys jakuitujen v\u00e4h\u00e4inen irtoaminen tekev\u00e4t tuotteestakustannustehokkaan vaihtoehdon puuvillaharsolle.\n<li>Pakattu 5 kappaleen pusseihin (rasiassa 30 pussia).<\/ul>\n<p><i><br \/>hakusanat: Kuitukangastarvikkeet, kuitutaitos,harsotaitos, steriilitaitos, haavataitos<\/i><\/p>\n","protected":false},"excerpt":{"rendered":"<p>myyntiyksikk\u00f6 PAK(30 x 5kpl), ryhm\u00e4pak. 18 ras\/ltk Steriili kuitukangastaitos Selefa 10x10cm 150kpl rasiassa Steriilikuitukangastaitos haavan puhdistukseen ja suojaamiseen. Ominaisuudet 4-kerroksinen, materiaali viskoosi70% ja polyester 30% Korkea imukyky,pehmeys jakuitujen v\u00e4h\u00e4inen irtoaminen tekev\u00e4t tuotteestakustannustehokkaan vaihtoehdon puuvillaharsolle. Pakattu 5 kappaleen pusseihin (rasiassa 30 pussia). hakusanat: Kuitukangastarvikkeet, kuitutaitos,harsotaitos, steriilitaitos, haavataitos<\/p>\n","protected":false},"featured_media":104655,"comment_status":"open","ping_status":"closed","template":"","meta":[],"product_brand":[],"product_cat":[3467],"product_tag":[],"class_list":{"0":"post-78320","1":"product","2":"type-product","3":"status-publish","4":"has-post-thumbnail","6":"product_cat-hoitotarvikkeet-kuitu-ja-harsotaitokset-kuitutaitokset","8":"first","9":"instock","10":"shipping-taxable","11":"purchasable","12":"product-type-simple"},"_links":{"self":[{"href":"https:\/\/logistiikkakeskus.net\/kauppa\/wp-json\/wp\/v2\/product\/78320","targetHints":{"allow":["GET"]}}],"collection":[{"href":"https:\/\/logistiikkakeskus.net\/kauppa\/wp-json\/wp\/v2\/product"}],"about":[{"href":"https:\/\/logistiikkakeskus.net\/kauppa\/wp-json\/wp\/v2\/types\/product"}],"replies":[{"embeddable":true,"href":"https:\/\/logistiikkakeskus.net\/kauppa\/wp-json\/wp\/v2\/comments?post=78320"}],"wp:featuredmedia":[{"embeddable":true,"href":"https:\/\/logistiikkakeskus.net\/kauppa\/wp-json\/wp\/v2\/media\/104655"}],"wp:attachment":[{"href":"https:\/\/logistiikkakeskus.net\/kauppa\/wp-json\/wp\/v2\/media?parent=78320"}],"wp:term":[{"taxonomy":"product_brand","embeddable":true,"href":"https:\/\/logistiikkakeskus.net\/kauppa\/wp-json\/wp\/v2\/product_brand?post=78320"},{"taxonomy":"product_cat","embeddable":true,"href":"https:\/\/logistiikkakeskus.net\/kauppa\/wp-json\/wp\/v2\/product_cat?post=78320"},{"taxonomy":"product_tag","embeddable":true,"href":"https:\/\/logistiikkakeskus.net\/kauppa\/wp-json\/wp\/v2\/product_tag?post=78320"}],"curies":[{"name":"wp","href":"https:\/\/api.w.org\/{rel}","templated":true}]}}