{"id":78312,"date":"2022-12-01T09:59:04","date_gmt":"2022-12-01T09:59:04","guid":{"rendered":"https:\/\/logistiikkakeskus.net\/kauppa\/tuote\/kuitutaitos-selefa-75x75cm-4krs-ston\/"},"modified":"2026-01-20T09:20:26","modified_gmt":"2026-01-20T07:20:26","slug":"kuitutaitos-selefa-75x75cm-4krs-ston","status":"publish","type":"product","link":"https:\/\/logistiikkakeskus.net\/kauppa\/tuote\/kuitutaitos-selefa-75x75cm-4krs-ston\/","title":{"rendered":"Kuitutaitos Selefa 7,5&#215;7,5cm 4krs ston"},"content":{"rendered":"<p>Myyntiyksikk\u00f6 PAK (100 kpl), ryhm\u00e4pak. 75 pkt\/ltk<\/p>\n<h2>Kuitukangastaitos Selefa 7,5&#215;7,5cm 4krsston<\/h2>\n<p>Tehdaspuhdas kuitutaitos puhdistamiseenja suojaamiseen.<\/p>\n<ul><b>Ominaisuudet:<\/b><\/p>\n<li>Eritt\u00e4in imukykyinen haavataitos\n<li>Taitoksen koko on 7,5&#215;7,5cm 4krs ston\n<li>Materiaali viskoosi70% ja polyester 30%\n<li>Pehme\u00e4 materiaali tekeetaitoksesta ihoyst\u00e4v\u00e4llisen\n<li>Voidaan leikata\n<li>Pakattu 100 kapaleen paperip\u00e4\u00e4llysteisiinpakkauksiin\n<li><b>Ei sis\u00e4ll\u00e4<\/b>luonnonkumia eik\u00e4PVC:t\u00e4<\/ul>\n<p><i><br \/>hakusanat: Kuitukangastarvikkeet, kuitutaitos,harsotaitos, kuitukangastaitos, haavanhoitotaitos, haavataitos<\/i><\/p>\n","protected":false},"excerpt":{"rendered":"<p>Myyntiyksikk\u00f6 PAK (100 kpl), ryhm\u00e4pak. 75 pkt\/ltk Kuitukangastaitos Selefa 7,5&#215;7,5cm 4krsston Tehdaspuhdas kuitutaitos puhdistamiseenja suojaamiseen. Ominaisuudet: Eritt\u00e4in imukykyinen haavataitos Taitoksen koko on 7,5&#215;7,5cm 4krs ston Materiaali viskoosi70% ja polyester 30% Pehme\u00e4 materiaali tekeetaitoksesta ihoyst\u00e4v\u00e4llisen Voidaan leikata Pakattu 100 kapaleen paperip\u00e4\u00e4llysteisiinpakkauksiin Ei sis\u00e4ll\u00e4luonnonkumia eik\u00e4PVC:t\u00e4 hakusanat: Kuitukangastarvikkeet, kuitutaitos,harsotaitos, kuitukangastaitos, haavanhoitotaitos, haavataitos<\/p>\n","protected":false},"featured_media":104651,"comment_status":"open","ping_status":"closed","template":"","meta":[],"product_brand":[],"product_cat":[3467],"product_tag":[],"class_list":{"0":"post-78312","1":"product","2":"type-product","3":"status-publish","4":"has-post-thumbnail","6":"product_cat-hoitotarvikkeet-kuitu-ja-harsotaitokset-kuitutaitokset","8":"first","9":"instock","10":"shipping-taxable","11":"purchasable","12":"product-type-simple"},"_links":{"self":[{"href":"https:\/\/logistiikkakeskus.net\/kauppa\/wp-json\/wp\/v2\/product\/78312","targetHints":{"allow":["GET"]}}],"collection":[{"href":"https:\/\/logistiikkakeskus.net\/kauppa\/wp-json\/wp\/v2\/product"}],"about":[{"href":"https:\/\/logistiikkakeskus.net\/kauppa\/wp-json\/wp\/v2\/types\/product"}],"replies":[{"embeddable":true,"href":"https:\/\/logistiikkakeskus.net\/kauppa\/wp-json\/wp\/v2\/comments?post=78312"}],"wp:featuredmedia":[{"embeddable":true,"href":"https:\/\/logistiikkakeskus.net\/kauppa\/wp-json\/wp\/v2\/media\/104651"}],"wp:attachment":[{"href":"https:\/\/logistiikkakeskus.net\/kauppa\/wp-json\/wp\/v2\/media?parent=78312"}],"wp:term":[{"taxonomy":"product_brand","embeddable":true,"href":"https:\/\/logistiikkakeskus.net\/kauppa\/wp-json\/wp\/v2\/product_brand?post=78312"},{"taxonomy":"product_cat","embeddable":true,"href":"https:\/\/logistiikkakeskus.net\/kauppa\/wp-json\/wp\/v2\/product_cat?post=78312"},{"taxonomy":"product_tag","embeddable":true,"href":"https:\/\/logistiikkakeskus.net\/kauppa\/wp-json\/wp\/v2\/product_tag?post=78312"}],"curies":[{"name":"wp","href":"https:\/\/api.w.org\/{rel}","templated":true}]}}