{"id":78306,"date":"2022-12-01T09:59:02","date_gmt":"2022-12-01T09:59:02","guid":{"rendered":"https:\/\/logistiikkakeskus.net\/kauppa\/tuote\/ihonpuhdistuslappu-avalon-irrallinen\/"},"modified":"2026-01-20T09:20:26","modified_gmt":"2026-01-20T07:20:26","slug":"ihonpuhdistuslappu-avalon-irrallinen","status":"publish","type":"product","link":"https:\/\/logistiikkakeskus.net\/kauppa\/tuote\/ihonpuhdistuslappu-avalon-irrallinen\/","title":{"rendered":"Ihonpuhdistuslappu Avalon irrallinen"},"content":{"rendered":"<p>myyntiyksikk\u00f6 RAS,(400kpl)ryhm\u00e4pakk.18ras\/ltk<\/p>\n<h2>Avalon ihonpuhdistuslappu 4x5cm,irrallinen<\/h2>\n<ul>\n<li>Avalon irrallinen ihonpuhdistuslappu 4x5cmihon puhdistukseen ennen tai j\u00e4lkeen n\u00e4ytteenoton.\n<li>Hyv\u00e4 imukyky.\n<li>Kuivapaperi 120g. 400kpl\/rasia.\n<li>Valmistettu Suomessa.<\/p>\n<\/ul>\n<p><i><br \/>hakusanat: Ihonpuhdistus, puhdistuslappu, 5510,n\u00e4ytteenotto, irrallinen<\/i><\/p>\n","protected":false},"excerpt":{"rendered":"<p>myyntiyksikk\u00f6 RAS,(400kpl)ryhm\u00e4pakk.18ras\/ltk Avalon ihonpuhdistuslappu 4x5cm,irrallinen Avalon irrallinen ihonpuhdistuslappu 4x5cmihon puhdistukseen ennen tai j\u00e4lkeen n\u00e4ytteenoton. Hyv\u00e4 imukyky. Kuivapaperi 120g. 400kpl\/rasia. Valmistettu Suomessa. hakusanat: Ihonpuhdistus, puhdistuslappu, 5510,n\u00e4ytteenotto, irrallinen<\/p>\n","protected":false},"featured_media":104649,"comment_status":"open","ping_status":"closed","template":"","meta":[],"product_brand":[],"product_cat":[3467],"product_tag":[],"class_list":{"0":"post-78306","1":"product","2":"type-product","3":"status-publish","4":"has-post-thumbnail","6":"product_cat-hoitotarvikkeet-kuitu-ja-harsotaitokset-kuitutaitokset","8":"first","9":"instock","10":"shipping-taxable","11":"purchasable","12":"product-type-simple"},"_links":{"self":[{"href":"https:\/\/logistiikkakeskus.net\/kauppa\/wp-json\/wp\/v2\/product\/78306","targetHints":{"allow":["GET"]}}],"collection":[{"href":"https:\/\/logistiikkakeskus.net\/kauppa\/wp-json\/wp\/v2\/product"}],"about":[{"href":"https:\/\/logistiikkakeskus.net\/kauppa\/wp-json\/wp\/v2\/types\/product"}],"replies":[{"embeddable":true,"href":"https:\/\/logistiikkakeskus.net\/kauppa\/wp-json\/wp\/v2\/comments?post=78306"}],"wp:featuredmedia":[{"embeddable":true,"href":"https:\/\/logistiikkakeskus.net\/kauppa\/wp-json\/wp\/v2\/media\/104649"}],"wp:attachment":[{"href":"https:\/\/logistiikkakeskus.net\/kauppa\/wp-json\/wp\/v2\/media?parent=78306"}],"wp:term":[{"taxonomy":"product_brand","embeddable":true,"href":"https:\/\/logistiikkakeskus.net\/kauppa\/wp-json\/wp\/v2\/product_brand?post=78306"},{"taxonomy":"product_cat","embeddable":true,"href":"https:\/\/logistiikkakeskus.net\/kauppa\/wp-json\/wp\/v2\/product_cat?post=78306"},{"taxonomy":"product_tag","embeddable":true,"href":"https:\/\/logistiikkakeskus.net\/kauppa\/wp-json\/wp\/v2\/product_tag?post=78306"}],"curies":[{"name":"wp","href":"https:\/\/api.w.org\/{rel}","templated":true}]}}