{"id":78192,"date":"2022-12-01T09:58:22","date_gmt":"2022-12-01T09:58:22","guid":{"rendered":"https:\/\/logistiikkakeskus.net\/kauppa\/tuote\/kasinegentle-skin-leikkauska-latex-8-0\/"},"modified":"2026-01-20T09:20:20","modified_gmt":"2026-01-20T07:20:20","slug":"kasinegentle-skin-leikkauska-latex-8-0","status":"publish","type":"product","link":"https:\/\/logistiikkakeskus.net\/kauppa\/tuote\/kasinegentle-skin-leikkauska-latex-8-0\/","title":{"rendered":"K\u00e4sine,Gentle Skin Leikkausk\u00e4. Latex 8.0"},"content":{"rendered":"<p>myyntiyksikk\u00f6 RAS (50par), ryhm\u00e4p. 4 ras\/ltk <\/p>\n<h2>Sensiflex plusLeikkausk\u00e4sine latex 8.0 steriili<\/h2>\n<\/p>\n<ul><b>ominaisuudet:<\/b><\/p>\n<li> puuteriton\n<li>innovatiivinen pinnoitus mahdollistaa vaivattomanpukemisen\n<li>erinomainen pehmeys ja k\u00e4ytt\u00f6mukavuus\n<li>ainutlaatuiset vahvuus-ja kest\u00e4vyysominaisuudet\n<li>tarkkakosketustuntuma\n<li><b> kaksoisk\u00e4sinemahdollisuus <\/b>\n<li>pituus:min.295mm\n<li>paksuus k\u00e4mmenen alueella 0.21mm\n<li>mekaaninenlujuus 14N\n<li> Standardit:AQL 1.0\/ EN4551-2-3-4\/ ASTM D 5712, -6124\/ ENISO 123485:2003\/AC:2009 \/ CE\n<li> valmistaja Adventa Malesia<\/p>\n<p><i><br \/>Toimittajan tuotenro: 112.30.25 Walki Medical Oy<br \/>hakusanat: KORVAA TUOTTEEN: 45805 <\/i><\/p>\n","protected":false},"excerpt":{"rendered":"<p>myyntiyksikk\u00f6 RAS (50par), ryhm\u00e4p. 4 ras\/ltk Sensiflex plusLeikkausk\u00e4sine latex 8.0 steriili ominaisuudet: puuteriton innovatiivinen pinnoitus mahdollistaa vaivattomanpukemisen erinomainen pehmeys ja k\u00e4ytt\u00f6mukavuus ainutlaatuiset vahvuus-ja kest\u00e4vyysominaisuudet tarkkakosketustuntuma kaksoisk\u00e4sinemahdollisuus pituus:min.295mm paksuus k\u00e4mmenen alueella 0.21mm mekaaninenlujuus 14N Standardit:AQL 1.0\/ EN4551-2-3-4\/ ASTM D 5712, -6124\/ ENISO 123485:2003\/AC:2009 \/ CE valmistaja Adventa Malesia Toimittajan tuotenro: 112.30.25 Walki Medical Oyhakusanat: KORVAA TUOTTEEN: [&hellip;]<\/p>\n","protected":false},"featured_media":104596,"comment_status":"open","ping_status":"closed","template":"","meta":[],"product_brand":[],"product_cat":[3460],"product_tag":[],"class_list":{"0":"post-78192","1":"product","2":"type-product","3":"status-publish","4":"has-post-thumbnail","6":"product_cat-hoitotarvikkeet-leikkauskasineet-lateksiset-leikkauskasineet","8":"first","9":"instock","10":"shipping-taxable","11":"purchasable","12":"product-type-simple"},"_links":{"self":[{"href":"https:\/\/logistiikkakeskus.net\/kauppa\/wp-json\/wp\/v2\/product\/78192","targetHints":{"allow":["GET"]}}],"collection":[{"href":"https:\/\/logistiikkakeskus.net\/kauppa\/wp-json\/wp\/v2\/product"}],"about":[{"href":"https:\/\/logistiikkakeskus.net\/kauppa\/wp-json\/wp\/v2\/types\/product"}],"replies":[{"embeddable":true,"href":"https:\/\/logistiikkakeskus.net\/kauppa\/wp-json\/wp\/v2\/comments?post=78192"}],"wp:featuredmedia":[{"embeddable":true,"href":"https:\/\/logistiikkakeskus.net\/kauppa\/wp-json\/wp\/v2\/media\/104596"}],"wp:attachment":[{"href":"https:\/\/logistiikkakeskus.net\/kauppa\/wp-json\/wp\/v2\/media?parent=78192"}],"wp:term":[{"taxonomy":"product_brand","embeddable":true,"href":"https:\/\/logistiikkakeskus.net\/kauppa\/wp-json\/wp\/v2\/product_brand?post=78192"},{"taxonomy":"product_cat","embeddable":true,"href":"https:\/\/logistiikkakeskus.net\/kauppa\/wp-json\/wp\/v2\/product_cat?post=78192"},{"taxonomy":"product_tag","embeddable":true,"href":"https:\/\/logistiikkakeskus.net\/kauppa\/wp-json\/wp\/v2\/product_tag?post=78192"}],"curies":[{"name":"wp","href":"https:\/\/api.w.org\/{rel}","templated":true}]}}