{"id":78182,"date":"2022-12-01T09:58:18","date_gmt":"2022-12-01T09:58:18","guid":{"rendered":"https:\/\/logistiikkakeskus.net\/kauppa\/tuote\/kasine-sensiflex-leikkauskas-latex-5-5\/"},"modified":"2025-10-15T10:21:42","modified_gmt":"2025-10-15T07:21:42","slug":"kasine-sensiflex-leikkauskas-latex-5-5","status":"publish","type":"product","link":"https:\/\/logistiikkakeskus.net\/kauppa\/tuote\/kasine-sensiflex-leikkauskas-latex-5-5\/","title":{"rendered":"K\u00e4sine, Sensiflex Leikkausk\u00e4s. Latex 5.5"},"content":{"rendered":"<p>myyntiyksikk\u00f6 RAS (50par), ryhm\u00e4p. 4 ras\/ltk <\/p>\n<h2>Sensiflex plusLeikkausk\u00e4sine latex 5.5 steriili<\/h2>\n<\/p>\n<ul><b>ominaisuudet:<\/b><\/p>\n<li> puuteriton\n<li>innovatiivinen pinnoitus mahdollistaa vaivattomanpukemisen\n<li>erinomainen pehmeys ja k\u00e4ytt\u00f6mukavuus\n<li>ainutlaatuiset vahvuus-ja kest\u00e4vyysominaisuudet\n<li>tarkkakosketustuntuma\n<li><b> kaksoisk\u00e4sinemahdollisuus <\/b>\n<li>pituus:min.295mm\n<li>paksuus k\u00e4mmenen alueella 0.21mm\n<li>mekaaninenlujuus 14N\n<li> Standardit:AQL 1.0\/ EN4551-2-3-4\/ ASTM D 5712, -6124\/ ENISO 123485:2003\/AC:2009 \/ CE\n<li> valmistaja Adventa Malesia<\/p>\n<p><i><br \/>Toimittajan tuotenro: 112.30.20 Walki Medical Oy<br \/>hakusanat: KORVAA TUOTTEEN: 45800 <\/i><\/p>\n","protected":false},"excerpt":{"rendered":"<p>myyntiyksikk\u00f6 RAS (50par), ryhm\u00e4p. 4 ras\/ltk Sensiflex plusLeikkausk\u00e4sine latex 5.5 steriili ominaisuudet: puuteriton innovatiivinen pinnoitus mahdollistaa vaivattomanpukemisen erinomainen pehmeys ja k\u00e4ytt\u00f6mukavuus ainutlaatuiset vahvuus-ja kest\u00e4vyysominaisuudet tarkkakosketustuntuma kaksoisk\u00e4sinemahdollisuus pituus:min.295mm paksuus k\u00e4mmenen alueella 0.21mm mekaaninenlujuus 14N Standardit:AQL 1.0\/ EN4551-2-3-4\/ ASTM D 5712, -6124\/ ENISO 123485:2003\/AC:2009 \/ CE valmistaja Adventa Malesia Toimittajan tuotenro: 112.30.20 Walki Medical Oyhakusanat: KORVAA TUOTTEEN: [&hellip;]<\/p>\n","protected":false},"featured_media":0,"comment_status":"open","ping_status":"closed","template":"","meta":[],"product_brand":[],"product_cat":[3460],"product_tag":[],"class_list":{"0":"post-78182","1":"product","2":"type-product","3":"status-publish","5":"product_cat-hoitotarvikkeet-leikkauskasineet-lateksiset-leikkauskasineet","7":"first","8":"instock","9":"shipping-taxable","10":"purchasable","11":"product-type-simple"},"_links":{"self":[{"href":"https:\/\/logistiikkakeskus.net\/kauppa\/wp-json\/wp\/v2\/product\/78182","targetHints":{"allow":["GET"]}}],"collection":[{"href":"https:\/\/logistiikkakeskus.net\/kauppa\/wp-json\/wp\/v2\/product"}],"about":[{"href":"https:\/\/logistiikkakeskus.net\/kauppa\/wp-json\/wp\/v2\/types\/product"}],"replies":[{"embeddable":true,"href":"https:\/\/logistiikkakeskus.net\/kauppa\/wp-json\/wp\/v2\/comments?post=78182"}],"wp:attachment":[{"href":"https:\/\/logistiikkakeskus.net\/kauppa\/wp-json\/wp\/v2\/media?parent=78182"}],"wp:term":[{"taxonomy":"product_brand","embeddable":true,"href":"https:\/\/logistiikkakeskus.net\/kauppa\/wp-json\/wp\/v2\/product_brand?post=78182"},{"taxonomy":"product_cat","embeddable":true,"href":"https:\/\/logistiikkakeskus.net\/kauppa\/wp-json\/wp\/v2\/product_cat?post=78182"},{"taxonomy":"product_tag","embeddable":true,"href":"https:\/\/logistiikkakeskus.net\/kauppa\/wp-json\/wp\/v2\/product_tag?post=78182"}],"curies":[{"name":"wp","href":"https:\/\/api.w.org\/{rel}","templated":true}]}}