{"id":78144,"date":"2022-12-01T09:58:05","date_gmt":"2022-12-01T09:58:05","guid":{"rendered":"https:\/\/logistiikkakeskus.net\/kauppa\/tuote\/hajusuoja-nosa-nenaan\/"},"modified":"2026-01-20T09:20:17","modified_gmt":"2026-01-20T07:20:17","slug":"hajusuoja-nosa-nenaan","status":"publish","type":"product","link":"https:\/\/logistiikkakeskus.net\/kauppa\/tuote\/hajusuoja-nosa-nenaan\/","title":{"rendered":"Hajusuoja NOSA nen\u00e4\u00e4n"},"content":{"rendered":"<p>myyntiyksikk\u00f6 RAS(50kpl), Ryhm\u00e4p. 4 ras\/ltk<\/p>\n<h2>Nen\u00e4n NOSA-hajusuoja<\/h2>\n<p>Nosa v\u00e4hent\u00e4\u00e4pahaa hajua, ja on huomiota her\u00e4tt\u00e4m\u00e4t\u00f6n. Onhelppo ja mielytt\u00e4v\u00e4 k\u00e4ytt\u00e4\u00e4.<\/p>\n<ul><b>ominaisuudet:<\/b><\/p>\n<li> tuoksu: mentoli\/piparminttu\n<li>tuoksuaine: Ipra mint 7.4\n<li>ei sis\u00e4ll\u00e4PVC:t\u00e4 eik\u00e4 ftalaatteja\n<li> materiaali:termoplastinen elastomeeri, Mediprene<\/ul>\n<p><iZ <br \/>hakusanat:nen\u00e4, hajusuoja, nosa <\/i><\/p>\n","protected":false},"excerpt":{"rendered":"<p>myyntiyksikk\u00f6 RAS(50kpl), Ryhm\u00e4p. 4 ras\/ltk Nen\u00e4n NOSA-hajusuoja Nosa v\u00e4hent\u00e4\u00e4pahaa hajua, ja on huomiota her\u00e4tt\u00e4m\u00e4t\u00f6n. Onhelppo ja mielytt\u00e4v\u00e4 k\u00e4ytt\u00e4\u00e4. ominaisuudet: tuoksu: mentoli\/piparminttu tuoksuaine: Ipra mint 7.4 ei sis\u00e4ll\u00e4PVC:t\u00e4 eik\u00e4 ftalaatteja materiaali:termoplastinen elastomeeri, Mediprene<\/p>\n","protected":false},"featured_media":104572,"comment_status":"open","ping_status":"closed","template":"","meta":[],"product_brand":[],"product_cat":[3454],"product_tag":[],"class_list":{"0":"post-78144","1":"product","2":"type-product","3":"status-publish","4":"has-post-thumbnail","6":"product_cat-hoitotarvikkeet-henkilokohtainen-suojaus-muu-henkilokohtainen-suojaus","8":"first","9":"instock","10":"shipping-taxable","11":"purchasable","12":"product-type-simple"},"_links":{"self":[{"href":"https:\/\/logistiikkakeskus.net\/kauppa\/wp-json\/wp\/v2\/product\/78144","targetHints":{"allow":["GET"]}}],"collection":[{"href":"https:\/\/logistiikkakeskus.net\/kauppa\/wp-json\/wp\/v2\/product"}],"about":[{"href":"https:\/\/logistiikkakeskus.net\/kauppa\/wp-json\/wp\/v2\/types\/product"}],"replies":[{"embeddable":true,"href":"https:\/\/logistiikkakeskus.net\/kauppa\/wp-json\/wp\/v2\/comments?post=78144"}],"wp:featuredmedia":[{"embeddable":true,"href":"https:\/\/logistiikkakeskus.net\/kauppa\/wp-json\/wp\/v2\/media\/104572"}],"wp:attachment":[{"href":"https:\/\/logistiikkakeskus.net\/kauppa\/wp-json\/wp\/v2\/media?parent=78144"}],"wp:term":[{"taxonomy":"product_brand","embeddable":true,"href":"https:\/\/logistiikkakeskus.net\/kauppa\/wp-json\/wp\/v2\/product_brand?post=78144"},{"taxonomy":"product_cat","embeddable":true,"href":"https:\/\/logistiikkakeskus.net\/kauppa\/wp-json\/wp\/v2\/product_cat?post=78144"},{"taxonomy":"product_tag","embeddable":true,"href":"https:\/\/logistiikkakeskus.net\/kauppa\/wp-json\/wp\/v2\/product_tag?post=78144"}],"curies":[{"name":"wp","href":"https:\/\/api.w.org\/{rel}","templated":true}]}}