{"id":78140,"date":"2022-12-01T09:58:03","date_gmt":"2022-12-01T09:58:03","guid":{"rendered":"https:\/\/logistiikkakeskus.net\/kauppa\/tuote\/kengansuojus-sininen-kuminauha-kk\/"},"modified":"2026-01-20T09:20:17","modified_gmt":"2026-01-20T07:20:17","slug":"kengansuojus-sininen-kuminauha-kk","status":"publish","type":"product","link":"https:\/\/logistiikkakeskus.net\/kauppa\/tuote\/kengansuojus-sininen-kuminauha-kk\/","title":{"rendered":"Keng\u00e4nsuojus sininen, kuminauha kk"},"content":{"rendered":"<p>Myyntiyksikk\u00f6 PSS (100 kpl), ryhm\u00e4p. 20 pss\/ltk<\/p>\n<h2>Sininen keng\u00e4nsuojus Paksuus 0,03 mm kuminauhalla<\/h2>\n<p>Muovista valmistettu kertak\u00e4ytt\u00f6inen keng\u00e4nsuojus, jollasuojaattarpeen mukaan niin lattioita kuin jalkojakin.<\/p>\n<ul>\n<li>Kuvioitua polyeteeni\u00e4\n<li>Paksuus: 0,03 mm\n<li>Elintarvikehyv\u00e4ksynt\u00e4<\/ul>\n<p><i>Hakusanat: muovikalvotuotteet, henkil\u00f6kohtainensuojaus,suojavaatteet, keng\u00e4nsuoja<\/i><\/p>\n","protected":false},"excerpt":{"rendered":"<p>Myyntiyksikk\u00f6 PSS (100 kpl), ryhm\u00e4p. 20 pss\/ltk Sininen keng\u00e4nsuojus Paksuus 0,03 mm kuminauhalla Muovista valmistettu kertak\u00e4ytt\u00f6inen keng\u00e4nsuojus, jollasuojaattarpeen mukaan niin lattioita kuin jalkojakin. Kuvioitua polyeteeni\u00e4 Paksuus: 0,03 mm Elintarvikehyv\u00e4ksynt\u00e4 Hakusanat: muovikalvotuotteet, henkil\u00f6kohtainensuojaus,suojavaatteet, keng\u00e4nsuoja<\/p>\n","protected":false},"featured_media":104570,"comment_status":"open","ping_status":"closed","template":"","meta":[],"product_brand":[],"product_cat":[3454],"product_tag":[],"class_list":{"0":"post-78140","1":"product","2":"type-product","3":"status-publish","4":"has-post-thumbnail","6":"product_cat-hoitotarvikkeet-henkilokohtainen-suojaus-muu-henkilokohtainen-suojaus","8":"first","9":"instock","10":"shipping-taxable","11":"purchasable","12":"product-type-simple"},"_links":{"self":[{"href":"https:\/\/logistiikkakeskus.net\/kauppa\/wp-json\/wp\/v2\/product\/78140","targetHints":{"allow":["GET"]}}],"collection":[{"href":"https:\/\/logistiikkakeskus.net\/kauppa\/wp-json\/wp\/v2\/product"}],"about":[{"href":"https:\/\/logistiikkakeskus.net\/kauppa\/wp-json\/wp\/v2\/types\/product"}],"replies":[{"embeddable":true,"href":"https:\/\/logistiikkakeskus.net\/kauppa\/wp-json\/wp\/v2\/comments?post=78140"}],"wp:featuredmedia":[{"embeddable":true,"href":"https:\/\/logistiikkakeskus.net\/kauppa\/wp-json\/wp\/v2\/media\/104570"}],"wp:attachment":[{"href":"https:\/\/logistiikkakeskus.net\/kauppa\/wp-json\/wp\/v2\/media?parent=78140"}],"wp:term":[{"taxonomy":"product_brand","embeddable":true,"href":"https:\/\/logistiikkakeskus.net\/kauppa\/wp-json\/wp\/v2\/product_brand?post=78140"},{"taxonomy":"product_cat","embeddable":true,"href":"https:\/\/logistiikkakeskus.net\/kauppa\/wp-json\/wp\/v2\/product_cat?post=78140"},{"taxonomy":"product_tag","embeddable":true,"href":"https:\/\/logistiikkakeskus.net\/kauppa\/wp-json\/wp\/v2\/product_tag?post=78140"}],"curies":[{"name":"wp","href":"https:\/\/api.w.org\/{rel}","templated":true}]}}