{"id":78124,"date":"2022-12-01T09:57:57","date_gmt":"2022-12-01T09:57:57","guid":{"rendered":"https:\/\/logistiikkakeskus.net\/kauppa\/tuote\/hengityssuojain-ffp2-10kpl-ilman-venttii\/"},"modified":"2026-01-20T09:20:17","modified_gmt":"2026-01-20T07:20:17","slug":"hengityssuojain-ffp2-10kpl-ilman-venttii","status":"publish","type":"product","link":"https:\/\/logistiikkakeskus.net\/kauppa\/tuote\/hengityssuojain-ffp2-10kpl-ilman-venttii\/","title":{"rendered":"Hengityssuojain FFP2 20kpl ilman venttii"},"content":{"rendered":"<p>Myyntiyksikk\u00f6 RAS (20 kpl)<\/p>\n<p>FFP2 Hengityssuojain ilman venttiili\u00e4, valkoinen <\/p>\n<p>Hengityssuojain on tarkoitettu suojaamaan k\u00e4ytt\u00e4j\u00e4\u00e4 nesteidenjakiinteiden partikkeleiden kuten sytostaattien ja mikrobiologistenaineiden hengitt\u00e4miselt\u00e4. Kiinnitys kuminauhoilla.<\/p>\n<p><i>Hakusanat: hengityssuojaimet, maskit<\/i><\/p>\n","protected":false},"excerpt":{"rendered":"<p>Myyntiyksikk\u00f6 RAS (20 kpl) FFP2 Hengityssuojain ilman venttiili\u00e4, valkoinen Hengityssuojain on tarkoitettu suojaamaan k\u00e4ytt\u00e4j\u00e4\u00e4 nesteidenjakiinteiden partikkeleiden kuten sytostaattien ja mikrobiologistenaineiden hengitt\u00e4miselt\u00e4. Kiinnitys kuminauhoilla. Hakusanat: hengityssuojaimet, maskit<\/p>\n","protected":false},"featured_media":104566,"comment_status":"open","ping_status":"closed","template":"","meta":[],"product_brand":[],"product_cat":[3452],"product_tag":[],"class_list":{"0":"post-78124","1":"product","2":"type-product","3":"status-publish","4":"has-post-thumbnail","6":"product_cat-hoitotarvikkeet-henkilokohtainen-suojaus-hengityssuojaimet","8":"first","9":"instock","10":"shipping-taxable","11":"purchasable","12":"product-type-simple"},"_links":{"self":[{"href":"https:\/\/logistiikkakeskus.net\/kauppa\/wp-json\/wp\/v2\/product\/78124","targetHints":{"allow":["GET"]}}],"collection":[{"href":"https:\/\/logistiikkakeskus.net\/kauppa\/wp-json\/wp\/v2\/product"}],"about":[{"href":"https:\/\/logistiikkakeskus.net\/kauppa\/wp-json\/wp\/v2\/types\/product"}],"replies":[{"embeddable":true,"href":"https:\/\/logistiikkakeskus.net\/kauppa\/wp-json\/wp\/v2\/comments?post=78124"}],"wp:featuredmedia":[{"embeddable":true,"href":"https:\/\/logistiikkakeskus.net\/kauppa\/wp-json\/wp\/v2\/media\/104566"}],"wp:attachment":[{"href":"https:\/\/logistiikkakeskus.net\/kauppa\/wp-json\/wp\/v2\/media?parent=78124"}],"wp:term":[{"taxonomy":"product_brand","embeddable":true,"href":"https:\/\/logistiikkakeskus.net\/kauppa\/wp-json\/wp\/v2\/product_brand?post=78124"},{"taxonomy":"product_cat","embeddable":true,"href":"https:\/\/logistiikkakeskus.net\/kauppa\/wp-json\/wp\/v2\/product_cat?post=78124"},{"taxonomy":"product_tag","embeddable":true,"href":"https:\/\/logistiikkakeskus.net\/kauppa\/wp-json\/wp\/v2\/product_tag?post=78124"}],"curies":[{"name":"wp","href":"https:\/\/api.w.org\/{rel}","templated":true}]}}