{"id":78122,"date":"2022-12-01T09:57:57","date_gmt":"2022-12-01T09:57:57","guid":{"rendered":"https:\/\/logistiikkakeskus.net\/kauppa\/tuote\/hengityssuojain-ffp3-valk-20kpl\/"},"modified":"2025-03-25T14:45:29","modified_gmt":"2025-03-25T12:45:29","slug":"hengityssuojain-ffp3-valk-20kpl","status":"publish","type":"product","link":"https:\/\/logistiikkakeskus.net\/kauppa\/tuote\/hengityssuojain-ffp3-valk-20kpl\/","title":{"rendered":"Hengityssuojain FFP3 valk 20kpl"},"content":{"rendered":"<p>Myyntiyksikk\u00f6 RAS (5kpl),ryhm\u00e4p.12ras \/ltk <\/p>\n<h2>FFP3 DeaHengityssuojain uloshengitysventtiili ei aktiivihiilisuodatinta. V\u00e4rivalkoinen Ref:SE1259<\/h2>\n<\/p>\n<ul><b> Ominaisuudet:<\/b><\/p>\n<li>hengityssuojain on tarkoitettu suojaamaan k\u00e4ytt\u00e4j\u00e4\u00e4 nesteiden jakiinteiden partikkeleiden kuten sytostaattien ja mikrobiologistenaineiden hengitt\u00e4miselt\u00e4\n<li> kiinnityskuminauhoilla, edess\u00e4uloshengitysventtiili,ilman aktiivisuodatinta, su lapuhalettu tehokassuodatus\n<li> hengityssuojaimet ovat yksitt\u00e4ispakkauksissa<\/h2>\n<\/ul>\n<p><i><br \/> Toimittajan tuotenro:SE1259 Vestek Oy<br \/> hakusanat: Hengityssuojaimet, maskit<\/i><\/p>\n","protected":false},"excerpt":{"rendered":"<p>Myyntiyksikk\u00f6 RAS (5kpl),ryhm\u00e4p.12ras \/ltk FFP3 DeaHengityssuojain uloshengitysventtiili ei aktiivihiilisuodatinta. V\u00e4rivalkoinen Ref:SE1259 Ominaisuudet: hengityssuojain on tarkoitettu suojaamaan k\u00e4ytt\u00e4j\u00e4\u00e4 nesteiden jakiinteiden partikkeleiden kuten sytostaattien ja mikrobiologistenaineiden hengitt\u00e4miselt\u00e4 kiinnityskuminauhoilla, edess\u00e4uloshengitysventtiili,ilman aktiivisuodatinta, su lapuhalettu tehokassuodatus hengityssuojaimet ovat yksitt\u00e4ispakkauksissa Toimittajan tuotenro:SE1259 Vestek Oy hakusanat: Hengityssuojaimet, maskit<\/p>\n","protected":false},"featured_media":0,"comment_status":"open","ping_status":"closed","template":"","meta":[],"product_brand":[],"product_cat":[3452],"product_tag":[],"class_list":{"0":"post-78122","1":"product","2":"type-product","3":"status-publish","5":"product_cat-hoitotarvikkeet-henkilokohtainen-suojaus-hengityssuojaimet","7":"first","8":"instock","9":"shipping-taxable","10":"purchasable","11":"product-type-simple"},"_links":{"self":[{"href":"https:\/\/logistiikkakeskus.net\/kauppa\/wp-json\/wp\/v2\/product\/78122","targetHints":{"allow":["GET"]}}],"collection":[{"href":"https:\/\/logistiikkakeskus.net\/kauppa\/wp-json\/wp\/v2\/product"}],"about":[{"href":"https:\/\/logistiikkakeskus.net\/kauppa\/wp-json\/wp\/v2\/types\/product"}],"replies":[{"embeddable":true,"href":"https:\/\/logistiikkakeskus.net\/kauppa\/wp-json\/wp\/v2\/comments?post=78122"}],"wp:attachment":[{"href":"https:\/\/logistiikkakeskus.net\/kauppa\/wp-json\/wp\/v2\/media?parent=78122"}],"wp:term":[{"taxonomy":"product_brand","embeddable":true,"href":"https:\/\/logistiikkakeskus.net\/kauppa\/wp-json\/wp\/v2\/product_brand?post=78122"},{"taxonomy":"product_cat","embeddable":true,"href":"https:\/\/logistiikkakeskus.net\/kauppa\/wp-json\/wp\/v2\/product_cat?post=78122"},{"taxonomy":"product_tag","embeddable":true,"href":"https:\/\/logistiikkakeskus.net\/kauppa\/wp-json\/wp\/v2\/product_tag?post=78122"}],"curies":[{"name":"wp","href":"https:\/\/api.w.org\/{rel}","templated":true}]}}