{"id":78119,"date":"2022-12-01T09:57:55","date_gmt":"2022-12-01T09:57:55","guid":{"rendered":"https:\/\/logistiikkakeskus.net\/kauppa\/tuote\/kertakayttoinen-kasvomaski-nuorille\/"},"modified":"2025-01-16T13:48:17","modified_gmt":"2025-01-16T11:48:17","slug":"kertakayttoinen-kasvomaski-nuorille","status":"publish","type":"product","link":"https:\/\/logistiikkakeskus.net\/kauppa\/tuote\/kertakayttoinen-kasvomaski-nuorille\/","title":{"rendered":"Kertak\u00e4ytt\u00f6inen kasvomaski nuorille"},"content":{"rendered":"<p>Myyntiyksikk\u00f6 RAS (50kpl) Koko S Lapsille \/ nuorilleKirurginen suojain (Type: IIR EN-14683 : 2019) Suojaus 99%. Tyypin IIRtoimenpide suu-nen\u00e4suojaimissa kolmikerroksinen rakenne, mukaan lukienroiskeita kest\u00e4v\u00e4 kerros parempaan suojauksen tilanteissa, joissa onkorkea riski altistua verelle ja\/tai kehon eritteille. Sairaanhoitoon jakirurgiaan tilanteissa, joissa on riski kehon eritteiden roiskumisestaterveydenhuollon ammattilaisia kohti.(Samat ominaisuudet kuin normaalikokoisessa suojaimessa)Lasten\/nuorten Type IIR ei steriilipakattu, 50kpl pakkaus<\/p>\n","protected":false},"excerpt":{"rendered":"<p>Myyntiyksikk\u00f6 RAS (50kpl) Koko S Lapsille \/ nuorilleKirurginen suojain (Type: IIR EN-14683 : 2019) Suojaus 99%. Tyypin IIRtoimenpide suu-nen\u00e4suojaimissa kolmikerroksinen rakenne, mukaan lukienroiskeita kest\u00e4v\u00e4 kerros parempaan suojauksen tilanteissa, joissa onkorkea riski altistua verelle ja\/tai kehon eritteille. Sairaanhoitoon jakirurgiaan tilanteissa, joissa on riski kehon eritteiden roiskumisestaterveydenhuollon ammattilaisia kohti.(Samat ominaisuudet kuin normaalikokoisessa suojaimessa)Lasten\/nuorten Type IIR ei steriilipakattu, [&hellip;]<\/p>\n","protected":false},"featured_media":0,"comment_status":"open","ping_status":"closed","template":"","meta":[],"product_brand":[],"product_cat":[3399],"product_tag":[],"class_list":{"0":"post-78119","1":"product","2":"type-product","3":"status-publish","5":"product_cat-henkilonsuojaimet-ja-tyoturvallisuus-henkilonsuojaimet-hengityssuojaimet","7":"first","8":"instock","9":"shipping-taxable","10":"purchasable","11":"product-type-simple"},"_links":{"self":[{"href":"https:\/\/logistiikkakeskus.net\/kauppa\/wp-json\/wp\/v2\/product\/78119","targetHints":{"allow":["GET"]}}],"collection":[{"href":"https:\/\/logistiikkakeskus.net\/kauppa\/wp-json\/wp\/v2\/product"}],"about":[{"href":"https:\/\/logistiikkakeskus.net\/kauppa\/wp-json\/wp\/v2\/types\/product"}],"replies":[{"embeddable":true,"href":"https:\/\/logistiikkakeskus.net\/kauppa\/wp-json\/wp\/v2\/comments?post=78119"}],"wp:attachment":[{"href":"https:\/\/logistiikkakeskus.net\/kauppa\/wp-json\/wp\/v2\/media?parent=78119"}],"wp:term":[{"taxonomy":"product_brand","embeddable":true,"href":"https:\/\/logistiikkakeskus.net\/kauppa\/wp-json\/wp\/v2\/product_brand?post=78119"},{"taxonomy":"product_cat","embeddable":true,"href":"https:\/\/logistiikkakeskus.net\/kauppa\/wp-json\/wp\/v2\/product_cat?post=78119"},{"taxonomy":"product_tag","embeddable":true,"href":"https:\/\/logistiikkakeskus.net\/kauppa\/wp-json\/wp\/v2\/product_tag?post=78119"}],"curies":[{"name":"wp","href":"https:\/\/api.w.org\/{rel}","templated":true}]}}