{"id":78117,"date":"2022-12-01T09:57:54","date_gmt":"2022-12-01T09:57:54","guid":{"rendered":"https:\/\/logistiikkakeskus.net\/kauppa\/tuote\/kirurginen-maski-type-iir\/"},"modified":"2026-01-20T09:20:16","modified_gmt":"2026-01-20T07:20:16","slug":"kirurginen-maski-type-iir","status":"publish","type":"product","link":"https:\/\/logistiikkakeskus.net\/kauppa\/tuote\/kirurginen-maski-type-iir\/","title":{"rendered":"Kirurginen maski type IIR"},"content":{"rendered":"<p>Myyntiyksikk\u00f6 RAS (50kpl)<\/p>\n<h2>Kasvonsuoja Type IIR korvalenkein<\/h2>\n<p><b>Ominaisuudet:<\/b><\/p>\n<ul>\n<li>T\u00e4ytt\u00e4\u00e4 tyyppi IIR vaatimukset, bakteerien suodatinteho >98%hengitysvastus.Roiskesuojattu\n<li>Ulkopinta kehruumenetelm\u00e4ll\u00e4 (spunvond) valmistettua PP-kuitukangasta\n<li>Suodatin sulapuhallettua (meltblown) PP-kuitukangasta.\n<li>Pehme\u00e4 sis\u00e4pinta hydrofiilist\u00e4 (imev\u00e4\u00e4) l\u00e4mp\u00f6menetelm\u00e4ll\u00e4(thermalbonded) valmistettua PP-kuitukangasta\n<li>Nen\u00e4lanka\n<li>Ei sis\u00e4ll\u00e4 luonnonkumia eik\u00e4 PVC:t\u00e4<\/ul>\n<p>Toimittajan tuotenro: ONE2855<\/p>\n<p><i>hakusanat: leikkausmaski, kasvomaski, korvalenkit<\/i><\/p>\n","protected":false},"excerpt":{"rendered":"<p>Myyntiyksikk\u00f6 RAS (50kpl) Kasvonsuoja Type IIR korvalenkein Ominaisuudet: T\u00e4ytt\u00e4\u00e4 tyyppi IIR vaatimukset, bakteerien suodatinteho >98%hengitysvastus.Roiskesuojattu Ulkopinta kehruumenetelm\u00e4ll\u00e4 (spunvond) valmistettua PP-kuitukangasta Suodatin sulapuhallettua (meltblown) PP-kuitukangasta. Pehme\u00e4 sis\u00e4pinta hydrofiilist\u00e4 (imev\u00e4\u00e4) l\u00e4mp\u00f6menetelm\u00e4ll\u00e4(thermalbonded) valmistettua PP-kuitukangasta Nen\u00e4lanka Ei sis\u00e4ll\u00e4 luonnonkumia eik\u00e4 PVC:t\u00e4 Toimittajan tuotenro: ONE2855 hakusanat: leikkausmaski, kasvomaski, korvalenkit<\/p>\n","protected":false},"featured_media":104565,"comment_status":"open","ping_status":"closed","template":"","meta":[],"product_brand":[],"product_cat":[3452],"product_tag":[],"class_list":{"0":"post-78117","1":"product","2":"type-product","3":"status-publish","4":"has-post-thumbnail","6":"product_cat-hoitotarvikkeet-henkilokohtainen-suojaus-hengityssuojaimet","8":"first","9":"instock","10":"shipping-taxable","11":"purchasable","12":"product-type-simple"},"_links":{"self":[{"href":"https:\/\/logistiikkakeskus.net\/kauppa\/wp-json\/wp\/v2\/product\/78117","targetHints":{"allow":["GET"]}}],"collection":[{"href":"https:\/\/logistiikkakeskus.net\/kauppa\/wp-json\/wp\/v2\/product"}],"about":[{"href":"https:\/\/logistiikkakeskus.net\/kauppa\/wp-json\/wp\/v2\/types\/product"}],"replies":[{"embeddable":true,"href":"https:\/\/logistiikkakeskus.net\/kauppa\/wp-json\/wp\/v2\/comments?post=78117"}],"wp:featuredmedia":[{"embeddable":true,"href":"https:\/\/logistiikkakeskus.net\/kauppa\/wp-json\/wp\/v2\/media\/104565"}],"wp:attachment":[{"href":"https:\/\/logistiikkakeskus.net\/kauppa\/wp-json\/wp\/v2\/media?parent=78117"}],"wp:term":[{"taxonomy":"product_brand","embeddable":true,"href":"https:\/\/logistiikkakeskus.net\/kauppa\/wp-json\/wp\/v2\/product_brand?post=78117"},{"taxonomy":"product_cat","embeddable":true,"href":"https:\/\/logistiikkakeskus.net\/kauppa\/wp-json\/wp\/v2\/product_cat?post=78117"},{"taxonomy":"product_tag","embeddable":true,"href":"https:\/\/logistiikkakeskus.net\/kauppa\/wp-json\/wp\/v2\/product_tag?post=78117"}],"curies":[{"name":"wp","href":"https:\/\/api.w.org\/{rel}","templated":true}]}}