{"id":78113,"date":"2022-12-01T09:57:53","date_gmt":"2022-12-01T09:57:53","guid":{"rendered":"https:\/\/logistiikkakeskus.net\/kauppa\/tuote\/leikkaustakki-barrier-classic-l-131cm\/"},"modified":"2026-01-20T09:20:16","modified_gmt":"2026-01-20T07:20:16","slug":"leikkaustakki-barrier-classic-l-131cm","status":"publish","type":"product","link":"https:\/\/logistiikkakeskus.net\/kauppa\/tuote\/leikkaustakki-barrier-classic-l-131cm\/","title":{"rendered":"Leikkaustakki Barrier Classic L 131cm"},"content":{"rendered":"<p>Myyntiyksikk\u00f6 RAS (18 kpl)<\/p>\n<p>Leikkaustakki Classic High Performance koko L-L 131cm<\/p>\n<ul>\n<li>L\u00e4p\u00e4isem\u00e4t\u00f6n etuvahvike minimoi roiskeiden l\u00e4pimenon vaaran\n<li>Etuvahvike on hengitt\u00e4v\u00e4 k\u00e4ytt\u00f6mukavuuden saavuttamiseksi\n<li>L\u00e4p\u00e4isem\u00e4t\u00f6n hihavahvike minimoi roiskeiden l\u00e4pimenon vaaran<\/ul>\n","protected":false},"excerpt":{"rendered":"<p>Myyntiyksikk\u00f6 RAS (18 kpl) Leikkaustakki Classic High Performance koko L-L 131cm L\u00e4p\u00e4isem\u00e4t\u00f6n etuvahvike minimoi roiskeiden l\u00e4pimenon vaaran Etuvahvike on hengitt\u00e4v\u00e4 k\u00e4ytt\u00f6mukavuuden saavuttamiseksi L\u00e4p\u00e4isem\u00e4t\u00f6n hihavahvike minimoi roiskeiden l\u00e4pimenon vaaran<\/p>\n","protected":false},"featured_media":104563,"comment_status":"open","ping_status":"closed","template":"","meta":[],"product_brand":[],"product_cat":[3451],"product_tag":[],"class_list":{"0":"post-78113","1":"product","2":"type-product","3":"status-publish","4":"has-post-thumbnail","6":"product_cat-hoitotarvikkeet-henkilokohtainen-suojaus-suojatakit","8":"first","9":"instock","10":"shipping-taxable","11":"purchasable","12":"product-type-simple"},"_links":{"self":[{"href":"https:\/\/logistiikkakeskus.net\/kauppa\/wp-json\/wp\/v2\/product\/78113","targetHints":{"allow":["GET"]}}],"collection":[{"href":"https:\/\/logistiikkakeskus.net\/kauppa\/wp-json\/wp\/v2\/product"}],"about":[{"href":"https:\/\/logistiikkakeskus.net\/kauppa\/wp-json\/wp\/v2\/types\/product"}],"replies":[{"embeddable":true,"href":"https:\/\/logistiikkakeskus.net\/kauppa\/wp-json\/wp\/v2\/comments?post=78113"}],"wp:featuredmedia":[{"embeddable":true,"href":"https:\/\/logistiikkakeskus.net\/kauppa\/wp-json\/wp\/v2\/media\/104563"}],"wp:attachment":[{"href":"https:\/\/logistiikkakeskus.net\/kauppa\/wp-json\/wp\/v2\/media?parent=78113"}],"wp:term":[{"taxonomy":"product_brand","embeddable":true,"href":"https:\/\/logistiikkakeskus.net\/kauppa\/wp-json\/wp\/v2\/product_brand?post=78113"},{"taxonomy":"product_cat","embeddable":true,"href":"https:\/\/logistiikkakeskus.net\/kauppa\/wp-json\/wp\/v2\/product_cat?post=78113"},{"taxonomy":"product_tag","embeddable":true,"href":"https:\/\/logistiikkakeskus.net\/kauppa\/wp-json\/wp\/v2\/product_tag?post=78113"}],"curies":[{"name":"wp","href":"https:\/\/api.w.org\/{rel}","templated":true}]}}