{"id":78101,"date":"2022-12-01T09:57:49","date_gmt":"2022-12-01T09:57:49","guid":{"rendered":"https:\/\/logistiikkakeskus.net\/kauppa\/tuote\/esiliina-med-comfort-80-x-125-cm\/"},"modified":"2026-01-20T09:20:16","modified_gmt":"2026-01-20T07:20:16","slug":"esiliina-med-comfort-80-x-125-cm","status":"publish","type":"product","link":"https:\/\/logistiikkakeskus.net\/kauppa\/tuote\/esiliina-med-comfort-80-x-125-cm\/","title":{"rendered":"Esiliina Med-Comfort 80 x 125 cm"},"content":{"rendered":"<h2>Med-Comfort-esiliina 80 x 125cm<\/h2>\n<ul>\n<li>Esiliina 80 x 125 cm, valkoinen\n<li>Pakattu suojalaatikkoon, josta saa vedetty\u00e4 yhden esiliinankerrallaan\n<li>Karhennettu pinta<\/ul>\n<p><i>hakusanat: suojavaatteet, esiliina, kertak\u00e4ytt\u00f6,muovikalvotuotteet, suojaesiliina, muoviesiliina, muoviessu, suojaessu<\/i><\/p>\n","protected":false},"excerpt":{"rendered":"<p>Med-Comfort-esiliina 80 x 125cm Esiliina 80 x 125 cm, valkoinen Pakattu suojalaatikkoon, josta saa vedetty\u00e4 yhden esiliinankerrallaan Karhennettu pinta hakusanat: suojavaatteet, esiliina, kertak\u00e4ytt\u00f6,muovikalvotuotteet, suojaesiliina, muoviesiliina, muoviessu, suojaessu<\/p>\n","protected":false},"featured_media":104559,"comment_status":"open","ping_status":"closed","template":"","meta":[],"product_brand":[],"product_cat":[3450],"product_tag":[],"class_list":{"0":"post-78101","1":"product","2":"type-product","3":"status-publish","4":"has-post-thumbnail","6":"product_cat-hoitotarvikkeet-henkilokohtainen-suojaus-esiliinat","8":"first","9":"instock","10":"shipping-taxable","11":"purchasable","12":"product-type-simple"},"_links":{"self":[{"href":"https:\/\/logistiikkakeskus.net\/kauppa\/wp-json\/wp\/v2\/product\/78101","targetHints":{"allow":["GET"]}}],"collection":[{"href":"https:\/\/logistiikkakeskus.net\/kauppa\/wp-json\/wp\/v2\/product"}],"about":[{"href":"https:\/\/logistiikkakeskus.net\/kauppa\/wp-json\/wp\/v2\/types\/product"}],"replies":[{"embeddable":true,"href":"https:\/\/logistiikkakeskus.net\/kauppa\/wp-json\/wp\/v2\/comments?post=78101"}],"wp:featuredmedia":[{"embeddable":true,"href":"https:\/\/logistiikkakeskus.net\/kauppa\/wp-json\/wp\/v2\/media\/104559"}],"wp:attachment":[{"href":"https:\/\/logistiikkakeskus.net\/kauppa\/wp-json\/wp\/v2\/media?parent=78101"}],"wp:term":[{"taxonomy":"product_brand","embeddable":true,"href":"https:\/\/logistiikkakeskus.net\/kauppa\/wp-json\/wp\/v2\/product_brand?post=78101"},{"taxonomy":"product_cat","embeddable":true,"href":"https:\/\/logistiikkakeskus.net\/kauppa\/wp-json\/wp\/v2\/product_cat?post=78101"},{"taxonomy":"product_tag","embeddable":true,"href":"https:\/\/logistiikkakeskus.net\/kauppa\/wp-json\/wp\/v2\/product_tag?post=78101"}],"curies":[{"name":"wp","href":"https:\/\/api.w.org\/{rel}","templated":true}]}}