{"id":78074,"date":"2022-12-01T09:57:38","date_gmt":"2022-12-01T09:57:38","guid":{"rendered":"https:\/\/logistiikkakeskus.net\/kauppa\/tuote\/turvakenka-s1p-steelite-fw14-38\/"},"modified":"2026-01-20T09:20:14","modified_gmt":"2026-01-20T07:20:14","slug":"turvakenka-s1p-steelite-fw14-38","status":"publish","type":"product","link":"https:\/\/logistiikkakeskus.net\/kauppa\/tuote\/turvakenka-s1p-steelite-fw14-38\/","title":{"rendered":"Turvakenk\u00e4, S1P Steelite FW14 (38)"},"content":{"rendered":"<h2>S1P Steelite FW14 -turvakenk\u00e4, koko 38<\/h2>\n<p>Erilaisissa ty\u00f6teht\u00e4viss\u00e4 suosittu FW14 on er\u00e4s mukavimpia jatukevimpia markkinoilla olevia jalkineita. Kattava suoja: 200 joulenter\u00e4sk\u00e4rki, pohjan keskiosa ter\u00e4st\u00e4, pit\u00e4v\u00e4 iskua vaimentava kanta.<\/p>\n<p><b>Ominaisuudet:<\/b><\/p>\n<ul>\n<li>CE luokitus\n<li>200 joulen ter\u00e4svarvassuoja\n<li>naulaanastumissuoja\n<li>pit\u00e4v\u00e4 ja iskua vaimentava pohja\n<li>jalkine on \u00f6ljyn kest\u00e4v\u00e4 ja antistaattinen<\/ul>\n<p>Toimittajan tuotenro: FW14BKR38, Kumitukku Oy<br \/><i>hakusanat: ty\u00f6keng\u00e4t, turvakeng\u00e4t, turvajalkineet, steelite,FW14<\/i><\/p>\n","protected":false},"excerpt":{"rendered":"<p>S1P Steelite FW14 -turvakenk\u00e4, koko 38 Erilaisissa ty\u00f6teht\u00e4viss\u00e4 suosittu FW14 on er\u00e4s mukavimpia jatukevimpia markkinoilla olevia jalkineita. Kattava suoja: 200 joulenter\u00e4sk\u00e4rki, pohjan keskiosa ter\u00e4st\u00e4, pit\u00e4v\u00e4 iskua vaimentava kanta. Ominaisuudet: CE luokitus 200 joulen ter\u00e4svarvassuoja naulaanastumissuoja pit\u00e4v\u00e4 ja iskua vaimentava pohja jalkine on \u00f6ljyn kest\u00e4v\u00e4 ja antistaattinen Toimittajan tuotenro: FW14BKR38, Kumitukku Oyhakusanat: ty\u00f6keng\u00e4t, turvakeng\u00e4t, turvajalkineet, steelite,FW14<\/p>\n","protected":false},"featured_media":104546,"comment_status":"open","ping_status":"closed","template":"","meta":[],"product_brand":[],"product_cat":[3415],"product_tag":[],"class_list":{"0":"post-78074","1":"product","2":"type-product","3":"status-publish","4":"has-post-thumbnail","6":"product_cat-henkilonsuojaimet-ja-tyoturvallisuus-jalkineet-turvakengat","8":"first","9":"instock","10":"shipping-taxable","11":"purchasable","12":"product-type-simple"},"_links":{"self":[{"href":"https:\/\/logistiikkakeskus.net\/kauppa\/wp-json\/wp\/v2\/product\/78074","targetHints":{"allow":["GET"]}}],"collection":[{"href":"https:\/\/logistiikkakeskus.net\/kauppa\/wp-json\/wp\/v2\/product"}],"about":[{"href":"https:\/\/logistiikkakeskus.net\/kauppa\/wp-json\/wp\/v2\/types\/product"}],"replies":[{"embeddable":true,"href":"https:\/\/logistiikkakeskus.net\/kauppa\/wp-json\/wp\/v2\/comments?post=78074"}],"wp:featuredmedia":[{"embeddable":true,"href":"https:\/\/logistiikkakeskus.net\/kauppa\/wp-json\/wp\/v2\/media\/104546"}],"wp:attachment":[{"href":"https:\/\/logistiikkakeskus.net\/kauppa\/wp-json\/wp\/v2\/media?parent=78074"}],"wp:term":[{"taxonomy":"product_brand","embeddable":true,"href":"https:\/\/logistiikkakeskus.net\/kauppa\/wp-json\/wp\/v2\/product_brand?post=78074"},{"taxonomy":"product_cat","embeddable":true,"href":"https:\/\/logistiikkakeskus.net\/kauppa\/wp-json\/wp\/v2\/product_cat?post=78074"},{"taxonomy":"product_tag","embeddable":true,"href":"https:\/\/logistiikkakeskus.net\/kauppa\/wp-json\/wp\/v2\/product_tag?post=78074"}],"curies":[{"name":"wp","href":"https:\/\/api.w.org\/{rel}","templated":true}]}}