{"id":78038,"date":"2022-12-01T09:57:23","date_gmt":"2022-12-01T09:57:23","guid":{"rendered":"https:\/\/logistiikkakeskus.net\/kauppa\/tuote\/laudeliina-katrin-green-spa-41x41cm-2krs\/"},"modified":"2026-01-20T09:20:12","modified_gmt":"2026-01-20T07:20:12","slug":"laudeliina-katrin-green-spa-41x41cm-2krs","status":"publish","type":"product","link":"https:\/\/logistiikkakeskus.net\/kauppa\/tuote\/laudeliina-katrin-green-spa-41x41cm-2krs\/","title":{"rendered":"Laudeliina Katrin Green Spa 41x41cm 2krs"},"content":{"rendered":"<p>Myyntiyksikk\u00f6 RAS (120 kpl), ryhm\u00e4pak. 6 ras\/ltk <\/p>\n<h2>Katrin GreenSpa Pefletti sheet<\/h2>\n<\/p>\n<ul><b<Ominaisuudet:<\/b>Vastuullinen<\/p>\n<li>vett\u00e4 hylkiv\u00e4hygieeninen ja miellytt\u00e4v\u00e4 alusta\n<li> 2-kerroksinen,vihre\u00e4\n<li>koko:41&#215;41 cm\n<li><b>sertifioitu pohjoismaisella joutsenmerkill\u00e4 <\/b><\/ul>\n<p><i> Toimittajan tuotenro. 454773 Mets\u00e4 TissueOy<br \/> hakusanat:Talouspaperit, Pehmopaperit, pefletti,istuinalustat, laudeliinat,istuinsuojat<\/i><\/p>\n","protected":false},"excerpt":{"rendered":"<p>Myyntiyksikk\u00f6 RAS (120 kpl), ryhm\u00e4pak. 6 ras\/ltk Katrin GreenSpa Pefletti sheet<\/p>\n","protected":false},"featured_media":104532,"comment_status":"open","ping_status":"closed","template":"","meta":[],"product_brand":[],"product_cat":[3279],"product_tag":[],"class_list":{"0":"post-78038","1":"product","2":"type-product","3":"status-publish","4":"has-post-thumbnail","6":"product_cat-hoitotarvikkeet-henkilokohtainen-hygienia-hygieniatarvikkeet","8":"first","9":"instock","10":"shipping-taxable","11":"purchasable","12":"product-type-simple"},"_links":{"self":[{"href":"https:\/\/logistiikkakeskus.net\/kauppa\/wp-json\/wp\/v2\/product\/78038","targetHints":{"allow":["GET"]}}],"collection":[{"href":"https:\/\/logistiikkakeskus.net\/kauppa\/wp-json\/wp\/v2\/product"}],"about":[{"href":"https:\/\/logistiikkakeskus.net\/kauppa\/wp-json\/wp\/v2\/types\/product"}],"replies":[{"embeddable":true,"href":"https:\/\/logistiikkakeskus.net\/kauppa\/wp-json\/wp\/v2\/comments?post=78038"}],"wp:featuredmedia":[{"embeddable":true,"href":"https:\/\/logistiikkakeskus.net\/kauppa\/wp-json\/wp\/v2\/media\/104532"}],"wp:attachment":[{"href":"https:\/\/logistiikkakeskus.net\/kauppa\/wp-json\/wp\/v2\/media?parent=78038"}],"wp:term":[{"taxonomy":"product_brand","embeddable":true,"href":"https:\/\/logistiikkakeskus.net\/kauppa\/wp-json\/wp\/v2\/product_brand?post=78038"},{"taxonomy":"product_cat","embeddable":true,"href":"https:\/\/logistiikkakeskus.net\/kauppa\/wp-json\/wp\/v2\/product_cat?post=78038"},{"taxonomy":"product_tag","embeddable":true,"href":"https:\/\/logistiikkakeskus.net\/kauppa\/wp-json\/wp\/v2\/product_tag?post=78038"}],"curies":[{"name":"wp","href":"https:\/\/api.w.org\/{rel}","templated":true}]}}