{"id":78036,"date":"2022-12-01T09:57:22","date_gmt":"2022-12-01T09:57:22","guid":{"rendered":"https:\/\/logistiikkakeskus.net\/kauppa\/tuote\/hammastikku-jordan-1000-yksitt-pakattu\/"},"modified":"2026-01-20T09:20:12","modified_gmt":"2026-01-20T07:20:12","slug":"hammastikku-jordan-1000-yksitt-pakattu","status":"publish","type":"product","link":"https:\/\/logistiikkakeskus.net\/kauppa\/tuote\/hammastikku-jordan-1000-yksitt-pakattu\/","title":{"rendered":"X Hammastikku Jordan 1000 yksitt.pakattu"},"content":{"rendered":"<p>myyntiyksikk\u00f6 RAS (n.1000 kpl), ryhm\u00e4p. 6 ras\/ltk<\/p>\n<h2>Yksitt\u00e4ispakattu Duni\/Jordan hammastikku,1000 kpl<\/h2>\n<p>Puinen hammastikku, joka onyksitt\u00e4ispakattu paperiseen pussiin.Hammastikku on litte\u00e4 ja kolmikulmainen.Rasiassa keskim\u00e4\u00e4rin 1000 hammastikkua,mutta m\u00e4\u00e4r\u00e4 vaihtelee jonkin verran (+\/-50kappaletta) suuntaansa.<\/p>\n<p><i><br \/>hakusanat: Henkil\u00f6kohtainen Hygienia, hammashuoltosuuhygienia, hammastikku Duni\/Jordanlitte\u00e4 kolmikulmainen<\/i><\/p>\n","protected":false},"excerpt":{"rendered":"<p>myyntiyksikk\u00f6 RAS (n.1000 kpl), ryhm\u00e4p. 6 ras\/ltk Yksitt\u00e4ispakattu Duni\/Jordan hammastikku,1000 kpl Puinen hammastikku, joka onyksitt\u00e4ispakattu paperiseen pussiin.Hammastikku on litte\u00e4 ja kolmikulmainen.Rasiassa keskim\u00e4\u00e4rin 1000 hammastikkua,mutta m\u00e4\u00e4r\u00e4 vaihtelee jonkin verran (+\/-50kappaletta) suuntaansa. hakusanat: Henkil\u00f6kohtainen Hygienia, hammashuoltosuuhygienia, hammastikku Duni\/Jordanlitte\u00e4 kolmikulmainen<\/p>\n","protected":false},"featured_media":104531,"comment_status":"open","ping_status":"closed","template":"","meta":[],"product_brand":[],"product_cat":[3279],"product_tag":[],"class_list":{"0":"post-78036","1":"product","2":"type-product","3":"status-publish","4":"has-post-thumbnail","6":"product_cat-hoitotarvikkeet-henkilokohtainen-hygienia-hygieniatarvikkeet","8":"first","9":"instock","10":"shipping-taxable","11":"purchasable","12":"product-type-simple"},"_links":{"self":[{"href":"https:\/\/logistiikkakeskus.net\/kauppa\/wp-json\/wp\/v2\/product\/78036","targetHints":{"allow":["GET"]}}],"collection":[{"href":"https:\/\/logistiikkakeskus.net\/kauppa\/wp-json\/wp\/v2\/product"}],"about":[{"href":"https:\/\/logistiikkakeskus.net\/kauppa\/wp-json\/wp\/v2\/types\/product"}],"replies":[{"embeddable":true,"href":"https:\/\/logistiikkakeskus.net\/kauppa\/wp-json\/wp\/v2\/comments?post=78036"}],"wp:featuredmedia":[{"embeddable":true,"href":"https:\/\/logistiikkakeskus.net\/kauppa\/wp-json\/wp\/v2\/media\/104531"}],"wp:attachment":[{"href":"https:\/\/logistiikkakeskus.net\/kauppa\/wp-json\/wp\/v2\/media?parent=78036"}],"wp:term":[{"taxonomy":"product_brand","embeddable":true,"href":"https:\/\/logistiikkakeskus.net\/kauppa\/wp-json\/wp\/v2\/product_brand?post=78036"},{"taxonomy":"product_cat","embeddable":true,"href":"https:\/\/logistiikkakeskus.net\/kauppa\/wp-json\/wp\/v2\/product_cat?post=78036"},{"taxonomy":"product_tag","embeddable":true,"href":"https:\/\/logistiikkakeskus.net\/kauppa\/wp-json\/wp\/v2\/product_tag?post=78036"}],"curies":[{"name":"wp","href":"https:\/\/api.w.org\/{rel}","templated":true}]}}