{"id":78026,"date":"2022-12-01T09:57:18","date_gmt":"2022-12-01T09:57:18","guid":{"rendered":"https:\/\/logistiikkakeskus.net\/kauppa\/tuote\/terveysside-vuokkoset-normal-siiveton\/"},"modified":"2026-01-20T09:20:12","modified_gmt":"2026-01-20T07:20:12","slug":"terveysside-vuokkoset-normal-siiveton","status":"publish","type":"product","link":"https:\/\/logistiikkakeskus.net\/kauppa\/tuote\/terveysside-vuokkoset-normal-siiveton\/","title":{"rendered":"Terveysside Vuokkoset normal, siivet\u00f6n"},"content":{"rendered":"<p>Myyntiyksikk\u00f6: PSS (14 kpl)<\/p>\n<p>Imukykyinen siivet\u00f6n ohutside. Suojan kapea muotoilu takaahyv\u00e4nistuvuuden ja pehme\u00e4 pinta tuntuu hyv\u00e4lt\u00e4 ihoa vasten. Siivet\u00f6n suoja onhuomaamaton ja sopii k\u00e4ytett\u00e4v\u00e4ksi vuodon jokaisena p\u00e4iv\u00e4n\u00e4.<\/p>\n<p><i>hakusanat: intiimihygienia, kuukautissuoja, PHS,libresse, kestoside, terveysside, Always,pikkuhoususuoja<\/i><\/p>\n","protected":false},"excerpt":{"rendered":"<p>Myyntiyksikk\u00f6: PSS (14 kpl) Imukykyinen siivet\u00f6n ohutside. Suojan kapea muotoilu takaahyv\u00e4nistuvuuden ja pehme\u00e4 pinta tuntuu hyv\u00e4lt\u00e4 ihoa vasten. Siivet\u00f6n suoja onhuomaamaton ja sopii k\u00e4ytett\u00e4v\u00e4ksi vuodon jokaisena p\u00e4iv\u00e4n\u00e4. hakusanat: intiimihygienia, kuukautissuoja, PHS,libresse, kestoside, terveysside, Always,pikkuhoususuoja<\/p>\n","protected":false},"featured_media":104527,"comment_status":"open","ping_status":"closed","template":"","meta":[],"product_brand":[],"product_cat":[3279],"product_tag":[],"class_list":{"0":"post-78026","1":"product","2":"type-product","3":"status-publish","4":"has-post-thumbnail","6":"product_cat-hoitotarvikkeet-henkilokohtainen-hygienia-hygieniatarvikkeet","8":"first","9":"instock","10":"shipping-taxable","11":"purchasable","12":"product-type-simple"},"_links":{"self":[{"href":"https:\/\/logistiikkakeskus.net\/kauppa\/wp-json\/wp\/v2\/product\/78026","targetHints":{"allow":["GET"]}}],"collection":[{"href":"https:\/\/logistiikkakeskus.net\/kauppa\/wp-json\/wp\/v2\/product"}],"about":[{"href":"https:\/\/logistiikkakeskus.net\/kauppa\/wp-json\/wp\/v2\/types\/product"}],"replies":[{"embeddable":true,"href":"https:\/\/logistiikkakeskus.net\/kauppa\/wp-json\/wp\/v2\/comments?post=78026"}],"wp:featuredmedia":[{"embeddable":true,"href":"https:\/\/logistiikkakeskus.net\/kauppa\/wp-json\/wp\/v2\/media\/104527"}],"wp:attachment":[{"href":"https:\/\/logistiikkakeskus.net\/kauppa\/wp-json\/wp\/v2\/media?parent=78026"}],"wp:term":[{"taxonomy":"product_brand","embeddable":true,"href":"https:\/\/logistiikkakeskus.net\/kauppa\/wp-json\/wp\/v2\/product_brand?post=78026"},{"taxonomy":"product_cat","embeddable":true,"href":"https:\/\/logistiikkakeskus.net\/kauppa\/wp-json\/wp\/v2\/product_cat?post=78026"},{"taxonomy":"product_tag","embeddable":true,"href":"https:\/\/logistiikkakeskus.net\/kauppa\/wp-json\/wp\/v2\/product_tag?post=78026"}],"curies":[{"name":"wp","href":"https:\/\/api.w.org\/{rel}","templated":true}]}}