{"id":78024,"date":"2022-12-01T09:57:17","date_gmt":"2022-12-01T09:57:17","guid":{"rendered":"https:\/\/logistiikkakeskus.net\/kauppa\/tuote\/tamponi-normal-caroli-essentials-80-tamp\/"},"modified":"2026-01-20T09:20:12","modified_gmt":"2026-01-20T07:20:12","slug":"tamponi-normal-caroli-essentials-80-tamp","status":"publish","type":"product","link":"https:\/\/logistiikkakeskus.net\/kauppa\/tuote\/tamponi-normal-caroli-essentials-80-tamp\/","title":{"rendered":"XTamponi Vuokkoset Organic Normal 16 kpl"},"content":{"rendered":"<p>myyntiyksikk\u00f6 16KPL\/RAS, RYHM\u00c4PAKK 20RAS\/LTK<\/p>\n<h2>Tamponi Vuokkoset Organic Normal<\/h2>\n<ul>\n<li>Vuokkoset Organic Tampon Normal. Miellytt\u00e4v\u00e4 jahelppok\u00e4ytt\u00f6inen,ilman asetinta. Varma suoja normaaliin kuukautisvuotoon. Vaihtov\u00e4li 4-8tuntia. Laajenee leveyssuuntaan kehoa my\u00f6t\u00e4illen ja imu-urat antavatluotettavan suojan. 100% luomupuuvillaa. Biohajoava. Klooriton.Joutsenmerkkituote. Astma- ja Allergialiiton suosittelema.<\/ul>\n<p><i><br \/>hakusanat: Tamponi normal<\/i><\/p>\n","protected":false},"excerpt":{"rendered":"<p>myyntiyksikk\u00f6 16KPL\/RAS, RYHM\u00c4PAKK 20RAS\/LTK Tamponi Vuokkoset Organic Normal Vuokkoset Organic Tampon Normal. Miellytt\u00e4v\u00e4 jahelppok\u00e4ytt\u00f6inen,ilman asetinta. Varma suoja normaaliin kuukautisvuotoon. Vaihtov\u00e4li 4-8tuntia. Laajenee leveyssuuntaan kehoa my\u00f6t\u00e4illen ja imu-urat antavatluotettavan suojan. 100% luomupuuvillaa. Biohajoava. Klooriton.Joutsenmerkkituote. Astma- ja Allergialiiton suosittelema. hakusanat: Tamponi normal<\/p>\n","protected":false},"featured_media":104526,"comment_status":"open","ping_status":"closed","template":"","meta":[],"product_brand":[],"product_cat":[3279],"product_tag":[],"class_list":{"0":"post-78024","1":"product","2":"type-product","3":"status-publish","4":"has-post-thumbnail","6":"product_cat-hoitotarvikkeet-henkilokohtainen-hygienia-hygieniatarvikkeet","8":"first","9":"instock","10":"shipping-taxable","11":"purchasable","12":"product-type-simple"},"_links":{"self":[{"href":"https:\/\/logistiikkakeskus.net\/kauppa\/wp-json\/wp\/v2\/product\/78024","targetHints":{"allow":["GET"]}}],"collection":[{"href":"https:\/\/logistiikkakeskus.net\/kauppa\/wp-json\/wp\/v2\/product"}],"about":[{"href":"https:\/\/logistiikkakeskus.net\/kauppa\/wp-json\/wp\/v2\/types\/product"}],"replies":[{"embeddable":true,"href":"https:\/\/logistiikkakeskus.net\/kauppa\/wp-json\/wp\/v2\/comments?post=78024"}],"wp:featuredmedia":[{"embeddable":true,"href":"https:\/\/logistiikkakeskus.net\/kauppa\/wp-json\/wp\/v2\/media\/104526"}],"wp:attachment":[{"href":"https:\/\/logistiikkakeskus.net\/kauppa\/wp-json\/wp\/v2\/media?parent=78024"}],"wp:term":[{"taxonomy":"product_brand","embeddable":true,"href":"https:\/\/logistiikkakeskus.net\/kauppa\/wp-json\/wp\/v2\/product_brand?post=78024"},{"taxonomy":"product_cat","embeddable":true,"href":"https:\/\/logistiikkakeskus.net\/kauppa\/wp-json\/wp\/v2\/product_cat?post=78024"},{"taxonomy":"product_tag","embeddable":true,"href":"https:\/\/logistiikkakeskus.net\/kauppa\/wp-json\/wp\/v2\/product_tag?post=78024"}],"curies":[{"name":"wp","href":"https:\/\/api.w.org\/{rel}","templated":true}]}}