{"id":78014,"date":"2022-12-01T09:57:14","date_gmt":"2022-12-01T09:57:14","guid":{"rendered":"https:\/\/logistiikkakeskus.net\/kauppa\/tuote\/ihovoide-kasivartalo-200-ml-lv\/"},"modified":"2026-01-20T09:20:12","modified_gmt":"2026-01-20T07:20:12","slug":"ihovoide-kasivartalo-200-ml-lv","status":"publish","type":"product","link":"https:\/\/logistiikkakeskus.net\/kauppa\/tuote\/ihovoide-kasivartalo-200-ml-lv\/","title":{"rendered":"Ihovoide k\u00e4si\/vartalo 200 ml LV"},"content":{"rendered":"<h2>LV k\u00e4si- ja vartalovoide 200 ml<\/h2>\n<p>LV k\u00e4si- ja vartalovoide hoitaa ja kosteuttaa ihoa edist\u00e4enkuivan jakarhean ihon paranemista. Iho tuntuu pehme\u00e4lt\u00e4 ja kimmoisalta hetilevitt\u00e4misen j\u00e4lkeen. Kaikenik\u00e4isten k\u00e4ytt\u00f6\u00f6n sopiva tuote soveltuu kokovartalon ihon ja jalkojen hoitoon. Voide levittyy ja imeytyy hyvin eik\u00e4j\u00e4t\u00e4 ihoa tahmeaksi.<\/p>\n<p>Hajusteettomalla ja v\u00e4riaineettomalla, kotimaisella tuotteellaonAllergia-, iho- ja astmaliiton hyv\u00e4ksynt\u00e4. Vegaaninen avainlipputuote.<\/p>\n<p><i>Hakusanat: perusvoide, k\u00e4sivoide, ihovoide,hoitava voide, kosteusvoide<\/i><\/p>\n","protected":false},"excerpt":{"rendered":"<p>LV k\u00e4si- ja vartalovoide 200 ml LV k\u00e4si- ja vartalovoide hoitaa ja kosteuttaa ihoa edist\u00e4enkuivan jakarhean ihon paranemista. Iho tuntuu pehme\u00e4lt\u00e4 ja kimmoisalta hetilevitt\u00e4misen j\u00e4lkeen. Kaikenik\u00e4isten k\u00e4ytt\u00f6\u00f6n sopiva tuote soveltuu kokovartalon ihon ja jalkojen hoitoon. Voide levittyy ja imeytyy hyvin eik\u00e4j\u00e4t\u00e4 ihoa tahmeaksi. Hajusteettomalla ja v\u00e4riaineettomalla, kotimaisella tuotteellaonAllergia-, iho- ja astmaliiton hyv\u00e4ksynt\u00e4. Vegaaninen avainlipputuote. Hakusanat: [&hellip;]<\/p>\n","protected":false},"featured_media":104523,"comment_status":"open","ping_status":"closed","template":"","meta":[],"product_brand":[],"product_cat":[3279],"product_tag":[],"class_list":{"0":"post-78014","1":"product","2":"type-product","3":"status-publish","4":"has-post-thumbnail","6":"product_cat-hoitotarvikkeet-henkilokohtainen-hygienia-hygieniatarvikkeet","8":"first","9":"instock","10":"shipping-taxable","11":"purchasable","12":"product-type-simple"},"_links":{"self":[{"href":"https:\/\/logistiikkakeskus.net\/kauppa\/wp-json\/wp\/v2\/product\/78014","targetHints":{"allow":["GET"]}}],"collection":[{"href":"https:\/\/logistiikkakeskus.net\/kauppa\/wp-json\/wp\/v2\/product"}],"about":[{"href":"https:\/\/logistiikkakeskus.net\/kauppa\/wp-json\/wp\/v2\/types\/product"}],"replies":[{"embeddable":true,"href":"https:\/\/logistiikkakeskus.net\/kauppa\/wp-json\/wp\/v2\/comments?post=78014"}],"wp:featuredmedia":[{"embeddable":true,"href":"https:\/\/logistiikkakeskus.net\/kauppa\/wp-json\/wp\/v2\/media\/104523"}],"wp:attachment":[{"href":"https:\/\/logistiikkakeskus.net\/kauppa\/wp-json\/wp\/v2\/media?parent=78014"}],"wp:term":[{"taxonomy":"product_brand","embeddable":true,"href":"https:\/\/logistiikkakeskus.net\/kauppa\/wp-json\/wp\/v2\/product_brand?post=78014"},{"taxonomy":"product_cat","embeddable":true,"href":"https:\/\/logistiikkakeskus.net\/kauppa\/wp-json\/wp\/v2\/product_cat?post=78014"},{"taxonomy":"product_tag","embeddable":true,"href":"https:\/\/logistiikkakeskus.net\/kauppa\/wp-json\/wp\/v2\/product_tag?post=78014"}],"curies":[{"name":"wp","href":"https:\/\/api.w.org\/{rel}","templated":true}]}}