{"id":78002,"date":"2022-12-01T09:57:10","date_gmt":"2022-12-01T09:57:10","guid":{"rendered":"https:\/\/logistiikkakeskus.net\/kauppa\/tuote\/aurinkovoide-75-ml-lv-spf50\/"},"modified":"2026-01-20T09:20:11","modified_gmt":"2026-01-20T07:20:11","slug":"aurinkovoide-75-ml-lv-spf50","status":"publish","type":"product","link":"https:\/\/logistiikkakeskus.net\/kauppa\/tuote\/aurinkovoide-75-ml-lv-spf50\/","title":{"rendered":"Aurinkovoide 100 ml (SPF50)"},"content":{"rendered":"<h2>Aurinkovoide 100 ml, Bambo Nature (SPF50)<\/h2>\n<p>Aurinkovoide suojaa ihoa tehokkaasti UVA ja UVB -s\u00e4teilylt\u00e4 jakevyenkoostumuksensa ansiosta voide imeytyy helposti. Bambo Natureaurinkovoiteilla on Joutsenmerkki, Vegan Society -sertifiointi, AsthmaAllegy Nordic -merkki, tuotteet on dermatologisesti testattu herk\u00e4lleiholle sopiviksi, eiv\u00e4tk\u00e4 ne sis\u00e4ll\u00e4 hajusteita tai v\u00e4riaineita.<\/p>\n<p><i>Hakusanat: aurinkovoide, ihonhoito, aurinkosuoja<\/i><\/p>\n","protected":false},"excerpt":{"rendered":"<p>Aurinkovoide 100 ml, Bambo Nature (SPF50) Aurinkovoide suojaa ihoa tehokkaasti UVA ja UVB -s\u00e4teilylt\u00e4 jakevyenkoostumuksensa ansiosta voide imeytyy helposti. Bambo Natureaurinkovoiteilla on Joutsenmerkki, Vegan Society -sertifiointi, AsthmaAllegy Nordic -merkki, tuotteet on dermatologisesti testattu herk\u00e4lleiholle sopiviksi, eiv\u00e4tk\u00e4 ne sis\u00e4ll\u00e4 hajusteita tai v\u00e4riaineita. Hakusanat: aurinkovoide, ihonhoito, aurinkosuoja<\/p>\n","protected":false},"featured_media":104519,"comment_status":"open","ping_status":"closed","template":"","meta":[],"product_brand":[],"product_cat":[3279],"product_tag":[],"class_list":{"0":"post-78002","1":"product","2":"type-product","3":"status-publish","4":"has-post-thumbnail","6":"product_cat-hoitotarvikkeet-henkilokohtainen-hygienia-hygieniatarvikkeet","8":"first","9":"instock","10":"shipping-taxable","11":"purchasable","12":"product-type-simple"},"_links":{"self":[{"href":"https:\/\/logistiikkakeskus.net\/kauppa\/wp-json\/wp\/v2\/product\/78002","targetHints":{"allow":["GET"]}}],"collection":[{"href":"https:\/\/logistiikkakeskus.net\/kauppa\/wp-json\/wp\/v2\/product"}],"about":[{"href":"https:\/\/logistiikkakeskus.net\/kauppa\/wp-json\/wp\/v2\/types\/product"}],"replies":[{"embeddable":true,"href":"https:\/\/logistiikkakeskus.net\/kauppa\/wp-json\/wp\/v2\/comments?post=78002"}],"wp:featuredmedia":[{"embeddable":true,"href":"https:\/\/logistiikkakeskus.net\/kauppa\/wp-json\/wp\/v2\/media\/104519"}],"wp:attachment":[{"href":"https:\/\/logistiikkakeskus.net\/kauppa\/wp-json\/wp\/v2\/media?parent=78002"}],"wp:term":[{"taxonomy":"product_brand","embeddable":true,"href":"https:\/\/logistiikkakeskus.net\/kauppa\/wp-json\/wp\/v2\/product_brand?post=78002"},{"taxonomy":"product_cat","embeddable":true,"href":"https:\/\/logistiikkakeskus.net\/kauppa\/wp-json\/wp\/v2\/product_cat?post=78002"},{"taxonomy":"product_tag","embeddable":true,"href":"https:\/\/logistiikkakeskus.net\/kauppa\/wp-json\/wp\/v2\/product_tag?post=78002"}],"curies":[{"name":"wp","href":"https:\/\/api.w.org\/{rel}","templated":true}]}}