{"id":77994,"date":"2022-12-01T09:57:07","date_gmt":"2022-12-01T09:57:07","guid":{"rendered":"https:\/\/logistiikkakeskus.net\/kauppa\/tuote\/vanutikku-suunhoitoon-sitruunanmakuinen\/"},"modified":"2025-03-25T14:45:22","modified_gmt":"2025-03-25T12:45:22","slug":"vanutikku-suunhoitoon-sitruunanmakuinen","status":"publish","type":"product","link":"https:\/\/logistiikkakeskus.net\/kauppa\/tuote\/vanutikku-suunhoitoon-sitruunanmakuinen\/","title":{"rendered":"Vanutikku suunhoitoon sitruunanmakuinen"},"content":{"rendered":"<p>myyntiyksikk\u00f6 RAS (25 x 3 vanutikkua)<\/p>\n<h2>Suuhygieniatikku, sitruunanmakuinen<\/h2>\n<p>Valmiiksi kosteutettu isop\u00e4inen vanutikkusuuhygienian hoitoon 3 kappaleen pusseissa.Vanutikku on valmiiksi kosteutettu glyseriinill\u00e4ja maistuu sitruunalta.<\/p>\n<ul><b>Valmistusmateriaalit:<\/b><\/p>\n<li>Varsi; polypropyleenimuovia\n<li>Vanup\u00e4\u00e4;100% puuvillaa\n<li>Kosteutus; 50% glyseriini, 1%sitruunan makuaine, 1,5% sitruunahappoa<\/ul>\n<p><i><br \/>hakusanat: pumpulitikku, pumpulipuikko, vanutikku, vanupuikko, n\u00e4ytteenottotikku, n\u00e4ytteenottopuikko, sitruunanmakuinen, sitruunatikku, lemon\/glycerin, suuhygieniatikku, Steriilituote<\/i><\/p>\n","protected":false},"excerpt":{"rendered":"<p>myyntiyksikk\u00f6 RAS (25 x 3 vanutikkua) Suuhygieniatikku, sitruunanmakuinen Valmiiksi kosteutettu isop\u00e4inen vanutikkusuuhygienian hoitoon 3 kappaleen pusseissa.Vanutikku on valmiiksi kosteutettu glyseriinill\u00e4ja maistuu sitruunalta. Valmistusmateriaalit: Varsi; polypropyleenimuovia Vanup\u00e4\u00e4;100% puuvillaa Kosteutus; 50% glyseriini, 1%sitruunan makuaine, 1,5% sitruunahappoa hakusanat: pumpulitikku, pumpulipuikko, vanutikku, vanupuikko, n\u00e4ytteenottotikku, n\u00e4ytteenottopuikko, sitruunanmakuinen, sitruunatikku, lemon\/glycerin, suuhygieniatikku, Steriilituote<\/p>\n","protected":false},"featured_media":0,"comment_status":"open","ping_status":"closed","template":"","meta":[],"product_brand":[],"product_cat":[3279],"product_tag":[],"class_list":{"0":"post-77994","1":"product","2":"type-product","3":"status-publish","5":"product_cat-hoitotarvikkeet-henkilokohtainen-hygienia-hygieniatarvikkeet","7":"first","8":"instock","9":"shipping-taxable","10":"purchasable","11":"product-type-simple"},"_links":{"self":[{"href":"https:\/\/logistiikkakeskus.net\/kauppa\/wp-json\/wp\/v2\/product\/77994","targetHints":{"allow":["GET"]}}],"collection":[{"href":"https:\/\/logistiikkakeskus.net\/kauppa\/wp-json\/wp\/v2\/product"}],"about":[{"href":"https:\/\/logistiikkakeskus.net\/kauppa\/wp-json\/wp\/v2\/types\/product"}],"replies":[{"embeddable":true,"href":"https:\/\/logistiikkakeskus.net\/kauppa\/wp-json\/wp\/v2\/comments?post=77994"}],"wp:attachment":[{"href":"https:\/\/logistiikkakeskus.net\/kauppa\/wp-json\/wp\/v2\/media?parent=77994"}],"wp:term":[{"taxonomy":"product_brand","embeddable":true,"href":"https:\/\/logistiikkakeskus.net\/kauppa\/wp-json\/wp\/v2\/product_brand?post=77994"},{"taxonomy":"product_cat","embeddable":true,"href":"https:\/\/logistiikkakeskus.net\/kauppa\/wp-json\/wp\/v2\/product_cat?post=77994"},{"taxonomy":"product_tag","embeddable":true,"href":"https:\/\/logistiikkakeskus.net\/kauppa\/wp-json\/wp\/v2\/product_tag?post=77994"}],"curies":[{"name":"wp","href":"https:\/\/api.w.org\/{rel}","templated":true}]}}