{"id":77992,"date":"2022-12-01T09:57:07","date_gmt":"2022-12-01T09:57:07","guid":{"rendered":"https:\/\/logistiikkakeskus.net\/kauppa\/tuote\/nenaliina-serla-3-krs-silkinpehmea-70kpl\/"},"modified":"2026-01-20T09:20:11","modified_gmt":"2026-01-20T07:20:11","slug":"nenaliina-serla-3-krs-silkinpehmea-70kpl","status":"publish","type":"product","link":"https:\/\/logistiikkakeskus.net\/kauppa\/tuote\/nenaliina-serla-3-krs-silkinpehmea-70kpl\/","title":{"rendered":"Nen\u00e4liina Serla 3-krs silkinpehme\u00e4 70kpl"},"content":{"rendered":"<p>Myyntiyksikk\u00f6 PKT (70 liinaa), ryhm\u00e4p. 18 pkt\/ltk<\/p>\n<h2>Nen\u00e4liinaSerlasilkinpehme\u00e4 3-krs, 70 kpl<\/h2>\n<p>Laadukas ja pehme\u00e4nen\u00e4liina, jokasopiiniist\u00e4miseen, kyynelten kuivaamiseen kuin tahrojen pyyhkimiseen.<\/p>\n<ul><b>Ominaisuudet<\/b><\/p>\n<li>Valkoinenpuukuitupohjainen (selluloosa)nen\u00e4liina\n<li>3-kerroksinen rakenne\n<li>Arkin koko 250 x 275mm\n<li>Paketissa 70 nen\u00e4liinaa\n<li><b>Ymp\u00e4rist\u00f6merkittypohjoismaisellajoutsenmerkill\u00e4<\/b><\/ul>\n<p>Vastuullinen<i><br \/>hakusanat:Talouspaperit,Pehmopaperit,nen\u00e4liinat,henkil\u00f6kohtainenhygienia, kasvopyyhe, paperipyyhe<\/i><\/p>\n","protected":false},"excerpt":{"rendered":"<p>Myyntiyksikk\u00f6 PKT (70 liinaa), ryhm\u00e4p. 18 pkt\/ltk Nen\u00e4liinaSerlasilkinpehme\u00e4 3-krs, 70 kpl Laadukas ja pehme\u00e4nen\u00e4liina, jokasopiiniist\u00e4miseen, kyynelten kuivaamiseen kuin tahrojen pyyhkimiseen. Ominaisuudet Valkoinenpuukuitupohjainen (selluloosa)nen\u00e4liina 3-kerroksinen rakenne Arkin koko 250 x 275mm Paketissa 70 nen\u00e4liinaa Ymp\u00e4rist\u00f6merkittypohjoismaisellajoutsenmerkill\u00e4 Vastuullinenhakusanat:Talouspaperit,Pehmopaperit,nen\u00e4liinat,henkil\u00f6kohtainenhygienia, kasvopyyhe, paperipyyhe<\/p>\n","protected":false},"featured_media":104517,"comment_status":"open","ping_status":"closed","template":"","meta":[],"product_brand":[],"product_cat":[3279],"product_tag":[],"class_list":{"0":"post-77992","1":"product","2":"type-product","3":"status-publish","4":"has-post-thumbnail","6":"product_cat-hoitotarvikkeet-henkilokohtainen-hygienia-hygieniatarvikkeet","8":"first","9":"instock","10":"shipping-taxable","11":"purchasable","12":"product-type-simple"},"_links":{"self":[{"href":"https:\/\/logistiikkakeskus.net\/kauppa\/wp-json\/wp\/v2\/product\/77992","targetHints":{"allow":["GET"]}}],"collection":[{"href":"https:\/\/logistiikkakeskus.net\/kauppa\/wp-json\/wp\/v2\/product"}],"about":[{"href":"https:\/\/logistiikkakeskus.net\/kauppa\/wp-json\/wp\/v2\/types\/product"}],"replies":[{"embeddable":true,"href":"https:\/\/logistiikkakeskus.net\/kauppa\/wp-json\/wp\/v2\/comments?post=77992"}],"wp:featuredmedia":[{"embeddable":true,"href":"https:\/\/logistiikkakeskus.net\/kauppa\/wp-json\/wp\/v2\/media\/104517"}],"wp:attachment":[{"href":"https:\/\/logistiikkakeskus.net\/kauppa\/wp-json\/wp\/v2\/media?parent=77992"}],"wp:term":[{"taxonomy":"product_brand","embeddable":true,"href":"https:\/\/logistiikkakeskus.net\/kauppa\/wp-json\/wp\/v2\/product_brand?post=77992"},{"taxonomy":"product_cat","embeddable":true,"href":"https:\/\/logistiikkakeskus.net\/kauppa\/wp-json\/wp\/v2\/product_cat?post=77992"},{"taxonomy":"product_tag","embeddable":true,"href":"https:\/\/logistiikkakeskus.net\/kauppa\/wp-json\/wp\/v2\/product_tag?post=77992"}],"curies":[{"name":"wp","href":"https:\/\/api.w.org\/{rel}","templated":true}]}}