{"id":77990,"date":"2022-12-01T09:57:06","date_gmt":"2022-12-01T09:57:06","guid":{"rendered":"https:\/\/logistiikkakeskus.net\/kauppa\/tuote\/ruokalappu-teippikiinn-tasku-avalon-kk\/"},"modified":"2026-01-20T09:20:11","modified_gmt":"2026-01-20T07:20:11","slug":"ruokalappu-teippikiinn-tasku-avalon-kk","status":"publish","type":"product","link":"https:\/\/logistiikkakeskus.net\/kauppa\/tuote\/ruokalappu-teippikiinn-tasku-avalon-kk\/","title":{"rendered":"Ruokalappu teippikiinn tasku Avalon, kk"},"content":{"rendered":"<p>myyntiyksikk\u00f6 LTK (1000kpl), ryhm\u00e4pakkaus 30ltk\/lava<\/p>\n<h2>Ruokalappu Avalon taskulla,teippikiinnitys,kk<\/h2>\n<ul>\n<li>taskulla ja teippikiinnityksell\u00e4\n<li>valkoinen kreppi\n<li>sininen laminointi\n<li>pitk\u00e4 malli37x67cm\n<li>helppo avata\n<li>k\u00e4\u00e4nnett\u00e4v\u00e4ll\u00e4 taskulla\n<li>muotoiltu kaula-aukko\n<li>teippi tarttuu hyvin: <i>ei j\u00e4t\u00e4 j\u00e4lki\u00e4 vaatteisiin<\/i>\n<li>valmistettu Suomessa<\/ul>\n<p><i><br \/>hakusanat: ruokalappu, teippikiinnityksell\u00e4,ruokaliina<\/i><\/p>\n","protected":false},"excerpt":{"rendered":"<p>myyntiyksikk\u00f6 LTK (1000kpl), ryhm\u00e4pakkaus 30ltk\/lava Ruokalappu Avalon taskulla,teippikiinnitys,kk taskulla ja teippikiinnityksell\u00e4 valkoinen kreppi sininen laminointi pitk\u00e4 malli37x67cm helppo avata k\u00e4\u00e4nnett\u00e4v\u00e4ll\u00e4 taskulla muotoiltu kaula-aukko teippi tarttuu hyvin: ei j\u00e4t\u00e4 j\u00e4lki\u00e4 vaatteisiin valmistettu Suomessa hakusanat: ruokalappu, teippikiinnityksell\u00e4,ruokaliina<\/p>\n","protected":false},"featured_media":104516,"comment_status":"open","ping_status":"closed","template":"","meta":[],"product_brand":[],"product_cat":[3448],"product_tag":[],"class_list":{"0":"post-77990","1":"product","2":"type-product","3":"status-publish","4":"has-post-thumbnail","6":"product_cat-hoitotarvikkeet-henkilokohtainen-hygienia-ruokalaput","8":"first","9":"instock","10":"shipping-taxable","11":"purchasable","12":"product-type-simple"},"_links":{"self":[{"href":"https:\/\/logistiikkakeskus.net\/kauppa\/wp-json\/wp\/v2\/product\/77990","targetHints":{"allow":["GET"]}}],"collection":[{"href":"https:\/\/logistiikkakeskus.net\/kauppa\/wp-json\/wp\/v2\/product"}],"about":[{"href":"https:\/\/logistiikkakeskus.net\/kauppa\/wp-json\/wp\/v2\/types\/product"}],"replies":[{"embeddable":true,"href":"https:\/\/logistiikkakeskus.net\/kauppa\/wp-json\/wp\/v2\/comments?post=77990"}],"wp:featuredmedia":[{"embeddable":true,"href":"https:\/\/logistiikkakeskus.net\/kauppa\/wp-json\/wp\/v2\/media\/104516"}],"wp:attachment":[{"href":"https:\/\/logistiikkakeskus.net\/kauppa\/wp-json\/wp\/v2\/media?parent=77990"}],"wp:term":[{"taxonomy":"product_brand","embeddable":true,"href":"https:\/\/logistiikkakeskus.net\/kauppa\/wp-json\/wp\/v2\/product_brand?post=77990"},{"taxonomy":"product_cat","embeddable":true,"href":"https:\/\/logistiikkakeskus.net\/kauppa\/wp-json\/wp\/v2\/product_cat?post=77990"},{"taxonomy":"product_tag","embeddable":true,"href":"https:\/\/logistiikkakeskus.net\/kauppa\/wp-json\/wp\/v2\/product_tag?post=77990"}],"curies":[{"name":"wp","href":"https:\/\/api.w.org\/{rel}","templated":true}]}}