{"id":77988,"date":"2022-12-01T09:57:05","date_gmt":"2022-12-01T09:57:05","guid":{"rendered":"https:\/\/logistiikkakeskus.net\/kauppa\/tuote\/ruokalappu-nauhakiinn-taskulla-avalonkk\/"},"modified":"2026-01-20T09:20:11","modified_gmt":"2026-01-20T07:20:11","slug":"ruokalappu-nauhakiinn-taskulla-avalonkk","status":"publish","type":"product","link":"https:\/\/logistiikkakeskus.net\/kauppa\/tuote\/ruokalappu-nauhakiinn-taskulla-avalonkk\/","title":{"rendered":"Ruokalappu nauhakiinn taskulla Avalon,kk"},"content":{"rendered":"<p>myyntiyksikk\u00f6 LTK (1000kpl), ryhm\u00e4pakkaus 30 ltk\/lava<\/p>\n<h2>Ruokalappu Avalon taskulla nauhakiinnitys kk<\/h2>\n<ul>\n<li>valkoinen kreppi\n<li>sininen laminaatti\n<li>pitk\u00e4 malli 38x66cm\n<li>k\u00e4\u00e4nnett\u00e4v\u00e4 tasku\n<li>py\u00f6ristetty kaula-aukko\n<li>valmistettu Suomessa<\/ul>\n<p><i><br \/>hakusanat: ruokalappu, ruokalaput,nauhakiinnitys taskulla<\/i><\/p>\n","protected":false},"excerpt":{"rendered":"<p>myyntiyksikk\u00f6 LTK (1000kpl), ryhm\u00e4pakkaus 30 ltk\/lava Ruokalappu Avalon taskulla nauhakiinnitys kk valkoinen kreppi sininen laminaatti pitk\u00e4 malli 38x66cm k\u00e4\u00e4nnett\u00e4v\u00e4 tasku py\u00f6ristetty kaula-aukko valmistettu Suomessa hakusanat: ruokalappu, ruokalaput,nauhakiinnitys taskulla<\/p>\n","protected":false},"featured_media":104514,"comment_status":"open","ping_status":"closed","template":"","meta":[],"product_brand":[],"product_cat":[3448],"product_tag":[],"class_list":{"0":"post-77988","1":"product","2":"type-product","3":"status-publish","4":"has-post-thumbnail","6":"product_cat-hoitotarvikkeet-henkilokohtainen-hygienia-ruokalaput","8":"first","9":"instock","10":"shipping-taxable","11":"purchasable","12":"product-type-simple"},"_links":{"self":[{"href":"https:\/\/logistiikkakeskus.net\/kauppa\/wp-json\/wp\/v2\/product\/77988","targetHints":{"allow":["GET"]}}],"collection":[{"href":"https:\/\/logistiikkakeskus.net\/kauppa\/wp-json\/wp\/v2\/product"}],"about":[{"href":"https:\/\/logistiikkakeskus.net\/kauppa\/wp-json\/wp\/v2\/types\/product"}],"replies":[{"embeddable":true,"href":"https:\/\/logistiikkakeskus.net\/kauppa\/wp-json\/wp\/v2\/comments?post=77988"}],"wp:featuredmedia":[{"embeddable":true,"href":"https:\/\/logistiikkakeskus.net\/kauppa\/wp-json\/wp\/v2\/media\/104514"}],"wp:attachment":[{"href":"https:\/\/logistiikkakeskus.net\/kauppa\/wp-json\/wp\/v2\/media?parent=77988"}],"wp:term":[{"taxonomy":"product_brand","embeddable":true,"href":"https:\/\/logistiikkakeskus.net\/kauppa\/wp-json\/wp\/v2\/product_brand?post=77988"},{"taxonomy":"product_cat","embeddable":true,"href":"https:\/\/logistiikkakeskus.net\/kauppa\/wp-json\/wp\/v2\/product_cat?post=77988"},{"taxonomy":"product_tag","embeddable":true,"href":"https:\/\/logistiikkakeskus.net\/kauppa\/wp-json\/wp\/v2\/product_tag?post=77988"}],"curies":[{"name":"wp","href":"https:\/\/api.w.org\/{rel}","templated":true}]}}