{"id":77986,"date":"2022-12-01T09:57:04","date_gmt":"2022-12-01T09:57:04","guid":{"rendered":"https:\/\/logistiikkakeskus.net\/kauppa\/tuote\/ihon-pesukinnas-kuitukangas-kk-abena\/"},"modified":"2026-01-20T09:20:11","modified_gmt":"2026-01-20T07:20:11","slug":"ihon-pesukinnas-kuitukangas-kk-abena","status":"publish","type":"product","link":"https:\/\/logistiikkakeskus.net\/kauppa\/tuote\/ihon-pesukinnas-kuitukangas-kk-abena\/","title":{"rendered":"Ihon pesukinnas kuitukangas kk"},"content":{"rendered":"<p>Myyntiyksikk\u00f6 LTK (1000 kpl)<\/p>\n<h2>Pesukinnas Avalon Super Ultra<\/h2>\n<p>Eritt\u00e4in pehme\u00e4, kest\u00e4v\u00e4 ja imukykyinen pesukinnas.Ultrasaumausantaa paremman kest\u00e4vyyden kintaalle.<\/p>\n<ul>\n<li>Kuitukangas 60g\n<li>Koko: 15 x 24cm<\/ul>\n<p><i>Hakusanat: ihonpesukinnas kertak\u00e4ytt\u00f6inen, pesulaput,pesulappu,pesukinnas, pesukintaat, kuitukankaat<\/i><\/p>\n","protected":false},"excerpt":{"rendered":"<p>Myyntiyksikk\u00f6 LTK (1000 kpl) Pesukinnas Avalon Super Ultra Eritt\u00e4in pehme\u00e4, kest\u00e4v\u00e4 ja imukykyinen pesukinnas.Ultrasaumausantaa paremman kest\u00e4vyyden kintaalle. Kuitukangas 60g Koko: 15 x 24cm Hakusanat: ihonpesukinnas kertak\u00e4ytt\u00f6inen, pesulaput,pesulappu,pesukinnas, pesukintaat, kuitukankaat<\/p>\n","protected":false},"featured_media":104513,"comment_status":"open","ping_status":"closed","template":"","meta":[],"product_brand":[],"product_cat":[3447],"product_tag":[],"class_list":{"0":"post-77986","1":"product","2":"type-product","3":"status-publish","4":"has-post-thumbnail","6":"product_cat-hoitotarvikkeet-henkilokohtainen-hygienia-pesukintaat-ja-pyyhkeet","8":"first","9":"instock","10":"shipping-taxable","11":"purchasable","12":"product-type-simple"},"_links":{"self":[{"href":"https:\/\/logistiikkakeskus.net\/kauppa\/wp-json\/wp\/v2\/product\/77986","targetHints":{"allow":["GET"]}}],"collection":[{"href":"https:\/\/logistiikkakeskus.net\/kauppa\/wp-json\/wp\/v2\/product"}],"about":[{"href":"https:\/\/logistiikkakeskus.net\/kauppa\/wp-json\/wp\/v2\/types\/product"}],"replies":[{"embeddable":true,"href":"https:\/\/logistiikkakeskus.net\/kauppa\/wp-json\/wp\/v2\/comments?post=77986"}],"wp:featuredmedia":[{"embeddable":true,"href":"https:\/\/logistiikkakeskus.net\/kauppa\/wp-json\/wp\/v2\/media\/104513"}],"wp:attachment":[{"href":"https:\/\/logistiikkakeskus.net\/kauppa\/wp-json\/wp\/v2\/media?parent=77986"}],"wp:term":[{"taxonomy":"product_brand","embeddable":true,"href":"https:\/\/logistiikkakeskus.net\/kauppa\/wp-json\/wp\/v2\/product_brand?post=77986"},{"taxonomy":"product_cat","embeddable":true,"href":"https:\/\/logistiikkakeskus.net\/kauppa\/wp-json\/wp\/v2\/product_cat?post=77986"},{"taxonomy":"product_tag","embeddable":true,"href":"https:\/\/logistiikkakeskus.net\/kauppa\/wp-json\/wp\/v2\/product_tag?post=77986"}],"curies":[{"name":"wp","href":"https:\/\/api.w.org\/{rel}","templated":true}]}}