{"id":77982,"date":"2022-12-01T09:57:03","date_gmt":"2022-12-01T09:57:03","guid":{"rendered":"https:\/\/logistiikkakeskus.net\/kauppa\/tuote\/ihon-pesupyyhe-avalon-kostea-hajuton\/"},"modified":"2026-01-20T09:20:11","modified_gmt":"2026-01-20T07:20:11","slug":"ihon-pesupyyhe-avalon-kostea-hajuton","status":"publish","type":"product","link":"https:\/\/logistiikkakeskus.net\/kauppa\/tuote\/ihon-pesupyyhe-avalon-kostea-hajuton\/","title":{"rendered":"Ihon pesupyyhe Avalon kostea, hajuton"},"content":{"rendered":"<p>myyntiyksikk\u00f6 PSS (12 kpl), ryhm\u00e4p. 36 pss\/ltk<\/p>\n<h2>Avalon hoitava pesupyyhe,kostea,hajustamaton<\/h2>\n<p>Avalon hoitava pesupyyhe,kostea,hajustamaton<\/p>\n<ul>\n<li>80g kuituliina\n<li>koko: 28&#215;18 cm\n<li>pesupyyhe on kehitetty p\u00e4ivitt\u00e4iseen koko vartalon pesuun\n<li>voidemainen ja hoitava pesuemulsiopyyhe on tarkoitettukuivan ja herk\u00e4n ihon puhdistamiseen\n<li>my\u00f6s inkotenssipotilaanhygieniaan\n<li><b>hajustamaton<\/b>\n<li>kevytl\u00e4mmitys taij\u00e4\u00e4dytys lis\u00e4\u00e4v\u00e4t mukavuuden tunnetta.Mahdollinen l\u00e4mmitysnoin 1 minuutti\n<li><b>hygieniatason s\u00e4ilytt\u00e4miseksisuositellaank\u00e4ytett\u00e4v\u00e4ksi omaa pyyhett\u00e4 kuhunkin pesualueeseen<\/b>\n<li>jokaisesta toimitettavasta er\u00e4st\u00e4 valmistaja tekeemikrobiologiset testit\n<li>k\u00e4sitell\u00e4\u00e4n yhdyskuntaj\u00e4tteen\u00e4tai energiaj\u00e4tteen\u00e4<\/ul>\n<p><i><br \/>hakusanat:pesulappupesupyyhe, pesukinnas, kylpykinnas, kuitukinnas,pesukintaat, peruspesu<\/i><\/p>\n","protected":false},"excerpt":{"rendered":"<p>myyntiyksikk\u00f6 PSS (12 kpl), ryhm\u00e4p. 36 pss\/ltk Avalon hoitava pesupyyhe,kostea,hajustamaton Avalon hoitava pesupyyhe,kostea,hajustamaton 80g kuituliina koko: 28&#215;18 cm pesupyyhe on kehitetty p\u00e4ivitt\u00e4iseen koko vartalon pesuun voidemainen ja hoitava pesuemulsiopyyhe on tarkoitettukuivan ja herk\u00e4n ihon puhdistamiseen my\u00f6s inkotenssipotilaanhygieniaan hajustamaton kevytl\u00e4mmitys taij\u00e4\u00e4dytys lis\u00e4\u00e4v\u00e4t mukavuuden tunnetta.Mahdollinen l\u00e4mmitysnoin 1 minuutti hygieniatason s\u00e4ilytt\u00e4miseksisuositellaank\u00e4ytett\u00e4v\u00e4ksi omaa pyyhett\u00e4 kuhunkin pesualueeseen jokaisesta toimitettavasta er\u00e4st\u00e4 [&hellip;]<\/p>\n","protected":false},"featured_media":104511,"comment_status":"open","ping_status":"closed","template":"","meta":[],"product_brand":[],"product_cat":[3447],"product_tag":[],"class_list":{"0":"post-77982","1":"product","2":"type-product","3":"status-publish","4":"has-post-thumbnail","6":"product_cat-hoitotarvikkeet-henkilokohtainen-hygienia-pesukintaat-ja-pyyhkeet","8":"first","9":"instock","10":"shipping-taxable","11":"purchasable","12":"product-type-simple"},"_links":{"self":[{"href":"https:\/\/logistiikkakeskus.net\/kauppa\/wp-json\/wp\/v2\/product\/77982","targetHints":{"allow":["GET"]}}],"collection":[{"href":"https:\/\/logistiikkakeskus.net\/kauppa\/wp-json\/wp\/v2\/product"}],"about":[{"href":"https:\/\/logistiikkakeskus.net\/kauppa\/wp-json\/wp\/v2\/types\/product"}],"replies":[{"embeddable":true,"href":"https:\/\/logistiikkakeskus.net\/kauppa\/wp-json\/wp\/v2\/comments?post=77982"}],"wp:featuredmedia":[{"embeddable":true,"href":"https:\/\/logistiikkakeskus.net\/kauppa\/wp-json\/wp\/v2\/media\/104511"}],"wp:attachment":[{"href":"https:\/\/logistiikkakeskus.net\/kauppa\/wp-json\/wp\/v2\/media?parent=77982"}],"wp:term":[{"taxonomy":"product_brand","embeddable":true,"href":"https:\/\/logistiikkakeskus.net\/kauppa\/wp-json\/wp\/v2\/product_brand?post=77982"},{"taxonomy":"product_cat","embeddable":true,"href":"https:\/\/logistiikkakeskus.net\/kauppa\/wp-json\/wp\/v2\/product_cat?post=77982"},{"taxonomy":"product_tag","embeddable":true,"href":"https:\/\/logistiikkakeskus.net\/kauppa\/wp-json\/wp\/v2\/product_tag?post=77982"}],"curies":[{"name":"wp","href":"https:\/\/api.w.org\/{rel}","templated":true}]}}