{"id":77978,"date":"2022-12-01T09:57:02","date_gmt":"2022-12-01T09:57:02","guid":{"rendered":"https:\/\/logistiikkakeskus.net\/kauppa\/tuote\/ihonpesuneste-soft-care-sen-800ml-hton\/"},"modified":"2026-01-20T09:20:10","modified_gmt":"2026-01-20T07:20:10","slug":"ihonpesuneste-soft-care-sen-800ml-hton","status":"publish","type":"product","link":"https:\/\/logistiikkakeskus.net\/kauppa\/tuote\/ihonpesuneste-soft-care-sen-800ml-hton\/","title":{"rendered":"Ihonpesuneste Soft Care Sen 800ml h:ton"},"content":{"rendered":"<p>Myyntiyksikk\u00f6 LTK, (6 pak)<\/p>\n<h2>Hajustamaton ihonpesunesteSoft CareSensitiveH2 800ml<\/h2>\n<p>Ihon pesuun tarkoitettueritt\u00e4inmietopesuneste, joka hell\u00e4varaisena sopii useintoistuvaan pesuun jaherkk\u00e4ihoisille.<b>Vaatii Soft Care Line -telineen<\/b> ,jostanestesaippuan annostelu on helppoa. Pesunestesoveltuu my\u00f6s hiustenja koko vartalon pesuun.<b>Ei sis\u00e4ll\u00e4 hajusteita eik\u00e4 v\u00e4riaineita<\/b> -sopii my\u00f6s herk\u00e4lle iholle. Ph 5,0-5,5.Joutsenmerkki<\/p>\n<p>Vastuullinen<i><br \/>hakusanat: k\u00e4sienpesuneste, hiustenpesuneste,nestesaippua,suihkushampoo<\/i><\/p>\n","protected":false},"excerpt":{"rendered":"<p>Myyntiyksikk\u00f6 LTK, (6 pak) Hajustamaton ihonpesunesteSoft CareSensitiveH2 800ml Ihon pesuun tarkoitettueritt\u00e4inmietopesuneste, joka hell\u00e4varaisena sopii useintoistuvaan pesuun jaherkk\u00e4ihoisille.Vaatii Soft Care Line -telineen ,jostanestesaippuan annostelu on helppoa. Pesunestesoveltuu my\u00f6s hiustenja koko vartalon pesuun.Ei sis\u00e4ll\u00e4 hajusteita eik\u00e4 v\u00e4riaineita -sopii my\u00f6s herk\u00e4lle iholle. Ph 5,0-5,5.Joutsenmerkki Vastuullinenhakusanat: k\u00e4sienpesuneste, hiustenpesuneste,nestesaippua,suihkushampoo<\/p>\n","protected":false},"featured_media":104508,"comment_status":"open","ping_status":"closed","template":"","meta":[],"product_brand":[],"product_cat":[3446],"product_tag":[],"class_list":{"0":"post-77978","1":"product","2":"type-product","3":"status-publish","4":"has-post-thumbnail","6":"product_cat-hoitotarvikkeet-henkilokohtainen-hygienia-ihon-pesunesteet","8":"first","9":"instock","10":"shipping-taxable","11":"purchasable","12":"product-type-simple"},"_links":{"self":[{"href":"https:\/\/logistiikkakeskus.net\/kauppa\/wp-json\/wp\/v2\/product\/77978","targetHints":{"allow":["GET"]}}],"collection":[{"href":"https:\/\/logistiikkakeskus.net\/kauppa\/wp-json\/wp\/v2\/product"}],"about":[{"href":"https:\/\/logistiikkakeskus.net\/kauppa\/wp-json\/wp\/v2\/types\/product"}],"replies":[{"embeddable":true,"href":"https:\/\/logistiikkakeskus.net\/kauppa\/wp-json\/wp\/v2\/comments?post=77978"}],"wp:featuredmedia":[{"embeddable":true,"href":"https:\/\/logistiikkakeskus.net\/kauppa\/wp-json\/wp\/v2\/media\/104508"}],"wp:attachment":[{"href":"https:\/\/logistiikkakeskus.net\/kauppa\/wp-json\/wp\/v2\/media?parent=77978"}],"wp:term":[{"taxonomy":"product_brand","embeddable":true,"href":"https:\/\/logistiikkakeskus.net\/kauppa\/wp-json\/wp\/v2\/product_brand?post=77978"},{"taxonomy":"product_cat","embeddable":true,"href":"https:\/\/logistiikkakeskus.net\/kauppa\/wp-json\/wp\/v2\/product_cat?post=77978"},{"taxonomy":"product_tag","embeddable":true,"href":"https:\/\/logistiikkakeskus.net\/kauppa\/wp-json\/wp\/v2\/product_tag?post=77978"}],"curies":[{"name":"wp","href":"https:\/\/api.w.org\/{rel}","templated":true}]}}