{"id":77976,"date":"2022-12-01T09:57:01","date_gmt":"2022-12-01T09:57:01","guid":{"rendered":"https:\/\/logistiikkakeskus.net\/kauppa\/tuote\/suihkushampoo-avalon-1l-dispenso\/"},"modified":"2026-01-20T09:20:10","modified_gmt":"2026-01-20T07:20:10","slug":"suihkushampoo-avalon-1l-dispenso","status":"publish","type":"product","link":"https:\/\/logistiikkakeskus.net\/kauppa\/tuote\/suihkushampoo-avalon-1l-dispenso\/","title":{"rendered":"Suihkushampoo Avalon 1L dispenso"},"content":{"rendered":"<p>myyntiyksikk\u00f6 PLO (1000ml), ryhm\u00e4pak. 8 plo\/ltk<\/p>\n<h2>Miedosti hajustettu suihkushampoo Avalon 1L,dispensopac<\/h2>\n<ul>\n<li>hiuksille ja kokovartalolle\n<li>mieto yleis shampoo kaikille hiustyypeille\n<li> uuteshampooravitsee ja kuntouttaa hiusphjaa\n<li>antaa iholle pehmeytt\u00e4sek\u00e4 est\u00e4\u00e4 kuivumistali> mieto tuoksu\n<li>v\u00e4riaineeton\n<li>pH5.5<\/ul>\n<p><i><br \/>hakusanat: nestesaippua, suihkusaippua,k\u00e4sisaippua, suihkushampoo, hiusshampoo<\/i><\/p>\n","protected":false},"excerpt":{"rendered":"<p>myyntiyksikk\u00f6 PLO (1000ml), ryhm\u00e4pak. 8 plo\/ltk Miedosti hajustettu suihkushampoo Avalon 1L,dispensopac hiuksille ja kokovartalolle mieto yleis shampoo kaikille hiustyypeille uuteshampooravitsee ja kuntouttaa hiusphjaa antaa iholle pehmeytt\u00e4sek\u00e4 est\u00e4\u00e4 kuivumistali> mieto tuoksu v\u00e4riaineeton pH5.5 hakusanat: nestesaippua, suihkusaippua,k\u00e4sisaippua, suihkushampoo, hiusshampoo<\/p>\n","protected":false},"featured_media":104507,"comment_status":"open","ping_status":"closed","template":"","meta":[],"product_brand":[],"product_cat":[3446],"product_tag":[],"class_list":{"0":"post-77976","1":"product","2":"type-product","3":"status-publish","4":"has-post-thumbnail","6":"product_cat-hoitotarvikkeet-henkilokohtainen-hygienia-ihon-pesunesteet","8":"first","9":"instock","10":"shipping-taxable","11":"purchasable","12":"product-type-simple"},"_links":{"self":[{"href":"https:\/\/logistiikkakeskus.net\/kauppa\/wp-json\/wp\/v2\/product\/77976","targetHints":{"allow":["GET"]}}],"collection":[{"href":"https:\/\/logistiikkakeskus.net\/kauppa\/wp-json\/wp\/v2\/product"}],"about":[{"href":"https:\/\/logistiikkakeskus.net\/kauppa\/wp-json\/wp\/v2\/types\/product"}],"replies":[{"embeddable":true,"href":"https:\/\/logistiikkakeskus.net\/kauppa\/wp-json\/wp\/v2\/comments?post=77976"}],"wp:featuredmedia":[{"embeddable":true,"href":"https:\/\/logistiikkakeskus.net\/kauppa\/wp-json\/wp\/v2\/media\/104507"}],"wp:attachment":[{"href":"https:\/\/logistiikkakeskus.net\/kauppa\/wp-json\/wp\/v2\/media?parent=77976"}],"wp:term":[{"taxonomy":"product_brand","embeddable":true,"href":"https:\/\/logistiikkakeskus.net\/kauppa\/wp-json\/wp\/v2\/product_brand?post=77976"},{"taxonomy":"product_cat","embeddable":true,"href":"https:\/\/logistiikkakeskus.net\/kauppa\/wp-json\/wp\/v2\/product_cat?post=77976"},{"taxonomy":"product_tag","embeddable":true,"href":"https:\/\/logistiikkakeskus.net\/kauppa\/wp-json\/wp\/v2\/product_tag?post=77976"}],"curies":[{"name":"wp","href":"https:\/\/api.w.org\/{rel}","templated":true}]}}