{"id":77970,"date":"2022-12-01T09:56:59","date_gmt":"2022-12-01T09:56:59","guid":{"rendered":"https:\/\/logistiikkakeskus.net\/kauppa\/tuote\/ihonpesuneste-soft-care-wash-500ml-hton\/"},"modified":"2026-01-20T09:20:10","modified_gmt":"2026-01-20T07:20:10","slug":"ihonpesuneste-soft-care-wash-500ml-hton","status":"publish","type":"product","link":"https:\/\/logistiikkakeskus.net\/kauppa\/tuote\/ihonpesuneste-soft-care-wash-500ml-hton\/","title":{"rendered":"Helsinki ihonpesuneste 500 ml h:ton"},"content":{"rendered":"<p>Myyntiyksikk\u00f6 PLO (500 ml), ryhm\u00e4pak. 6 plo\/ltk<\/p>\n<h2>Erisan Pro Soap -nestesaippua<\/h2>\n<p>Tehokas ja hell\u00e4varainen hajustamaton hoitava k\u00e4sisaippuaammattik\u00e4ytt\u00f6\u00f6n. Huuhtoutuu helposti.<\/p>\n<ul>\n<li>Soveltuu usein toistuvaan k\u00e4sien pesuun\n<li>Vaahtoaa miellytt\u00e4v\u00e4sti ja huuhtoutuu helposti\n<li>Sis\u00e4lt\u00e4\u00e4 ihoa kosteuttavaa glyserolia\n<li>Riittoisa ja taloudellinen\n<li>Hajustamaton\n<li>Vastuullinen\n<li>Ymp\u00e4rist\u00f6my\u00f6t\u00e4inen\n<li>Joutsenmerkki<\/ul>\n<p><i>Hakusanat: ihonpesu, pesuneste, hiustenpesu,k\u00e4denpesu, k\u00e4sienpesu<\/i><\/p>\n","protected":false},"excerpt":{"rendered":"<p>Myyntiyksikk\u00f6 PLO (500 ml), ryhm\u00e4pak. 6 plo\/ltk Erisan Pro Soap -nestesaippua Tehokas ja hell\u00e4varainen hajustamaton hoitava k\u00e4sisaippuaammattik\u00e4ytt\u00f6\u00f6n. Huuhtoutuu helposti. Soveltuu usein toistuvaan k\u00e4sien pesuun Vaahtoaa miellytt\u00e4v\u00e4sti ja huuhtoutuu helposti Sis\u00e4lt\u00e4\u00e4 ihoa kosteuttavaa glyserolia Riittoisa ja taloudellinen Hajustamaton Vastuullinen Ymp\u00e4rist\u00f6my\u00f6t\u00e4inen Joutsenmerkki Hakusanat: ihonpesu, pesuneste, hiustenpesu,k\u00e4denpesu, k\u00e4sienpesu<\/p>\n","protected":false},"featured_media":104504,"comment_status":"open","ping_status":"closed","template":"","meta":[],"product_brand":[],"product_cat":[3446],"product_tag":[],"class_list":{"0":"post-77970","1":"product","2":"type-product","3":"status-publish","4":"has-post-thumbnail","6":"product_cat-hoitotarvikkeet-henkilokohtainen-hygienia-ihon-pesunesteet","8":"first","9":"instock","10":"shipping-taxable","11":"purchasable","12":"product-type-simple"},"_links":{"self":[{"href":"https:\/\/logistiikkakeskus.net\/kauppa\/wp-json\/wp\/v2\/product\/77970","targetHints":{"allow":["GET"]}}],"collection":[{"href":"https:\/\/logistiikkakeskus.net\/kauppa\/wp-json\/wp\/v2\/product"}],"about":[{"href":"https:\/\/logistiikkakeskus.net\/kauppa\/wp-json\/wp\/v2\/types\/product"}],"replies":[{"embeddable":true,"href":"https:\/\/logistiikkakeskus.net\/kauppa\/wp-json\/wp\/v2\/comments?post=77970"}],"wp:featuredmedia":[{"embeddable":true,"href":"https:\/\/logistiikkakeskus.net\/kauppa\/wp-json\/wp\/v2\/media\/104504"}],"wp:attachment":[{"href":"https:\/\/logistiikkakeskus.net\/kauppa\/wp-json\/wp\/v2\/media?parent=77970"}],"wp:term":[{"taxonomy":"product_brand","embeddable":true,"href":"https:\/\/logistiikkakeskus.net\/kauppa\/wp-json\/wp\/v2\/product_brand?post=77970"},{"taxonomy":"product_cat","embeddable":true,"href":"https:\/\/logistiikkakeskus.net\/kauppa\/wp-json\/wp\/v2\/product_cat?post=77970"},{"taxonomy":"product_tag","embeddable":true,"href":"https:\/\/logistiikkakeskus.net\/kauppa\/wp-json\/wp\/v2\/product_tag?post=77970"}],"curies":[{"name":"wp","href":"https:\/\/api.w.org\/{rel}","templated":true}]}}