{"id":77968,"date":"2022-12-01T09:56:58","date_gmt":"2022-12-01T09:56:58","guid":{"rendered":"https:\/\/logistiikkakeskus.net\/kauppa\/tuote\/ihon-pesuvoide-1l-dispenso-hajustamaton\/"},"modified":"2026-01-20T09:20:10","modified_gmt":"2026-01-20T07:20:10","slug":"ihon-pesuvoide-1l-dispenso-hajustamaton","status":"publish","type":"product","link":"https:\/\/logistiikkakeskus.net\/kauppa\/tuote\/ihon-pesuvoide-1l-dispenso-hajustamaton\/","title":{"rendered":"Ihon pesuvoide 1L dispenso hajustamaton"},"content":{"rendered":"<p>myyntiyksikk\u00f6 PLO(1000ml),Ryhm\u00e4pak. 8 plo\/ltk<\/p>\n<h2>Avalon hoitava ihon pesuemulsio 1000ml,hajustamatondispensopac<\/h2>\n<ul>\n<li>ihon kuivumistaest\u00e4v\u00e4\n<li>voidemainen pesuemulsio,erityisesti vaippa-alueen iholle\n<li>voidetta voidaan k\u00e4ytt\u00e4\u00e4 my\u00f6s koko vartalolle\n<li>voide sek\u00e4 puhdistaa ett\u00e4 hoitaa ihoa\n<li>herk\u00e4lle ja kuivalleiholle\n<li>\u00f6ljy-vesiemulsio,on tarkoitettu k\u00e4yett\u00e4v\u00e4ksisaippuan sijasta\n<li>hajustamaton,v\u00e4riaineeton\n<li> eitarvitsehuuhtoa\n<li>pH 5.5<\/ul>\n<ul><b>Yhteensopivat tuotteet:<\/b><\/p>\n<li><i>608350  Annostin Dispenso-sein\u00e4teline lyhyt vipu\n<li>608360  Annostin Dispenso-sein\u00e4teline pitk\u00e4 vipu<\/i><\/ul>\n<p><i><br \/>hakusanat: pesuvoide, kuivapesu, ihonpesuvoide,ihonpuhdistusvoide, nestesaippuat, suihkusaippuat,k\u00e4sisaippuat<\/i><\/p>\n","protected":false},"excerpt":{"rendered":"<p>myyntiyksikk\u00f6 PLO(1000ml),Ryhm\u00e4pak. 8 plo\/ltk Avalon hoitava ihon pesuemulsio 1000ml,hajustamatondispensopac ihon kuivumistaest\u00e4v\u00e4 voidemainen pesuemulsio,erityisesti vaippa-alueen iholle voidetta voidaan k\u00e4ytt\u00e4\u00e4 my\u00f6s koko vartalolle voide sek\u00e4 puhdistaa ett\u00e4 hoitaa ihoa herk\u00e4lle ja kuivalleiholle \u00f6ljy-vesiemulsio,on tarkoitettu k\u00e4yett\u00e4v\u00e4ksisaippuan sijasta hajustamaton,v\u00e4riaineeton eitarvitsehuuhtoa pH 5.5 Yhteensopivat tuotteet: 608350 Annostin Dispenso-sein\u00e4teline lyhyt vipu 608360 Annostin Dispenso-sein\u00e4teline pitk\u00e4 vipu hakusanat: pesuvoide, kuivapesu, ihonpesuvoide,ihonpuhdistusvoide, nestesaippuat, [&hellip;]<\/p>\n","protected":false},"featured_media":104503,"comment_status":"open","ping_status":"closed","template":"","meta":[],"product_brand":[],"product_cat":[3446],"product_tag":[],"class_list":{"0":"post-77968","1":"product","2":"type-product","3":"status-publish","4":"has-post-thumbnail","6":"product_cat-hoitotarvikkeet-henkilokohtainen-hygienia-ihon-pesunesteet","8":"first","9":"instock","10":"shipping-taxable","11":"purchasable","12":"product-type-simple"},"_links":{"self":[{"href":"https:\/\/logistiikkakeskus.net\/kauppa\/wp-json\/wp\/v2\/product\/77968","targetHints":{"allow":["GET"]}}],"collection":[{"href":"https:\/\/logistiikkakeskus.net\/kauppa\/wp-json\/wp\/v2\/product"}],"about":[{"href":"https:\/\/logistiikkakeskus.net\/kauppa\/wp-json\/wp\/v2\/types\/product"}],"replies":[{"embeddable":true,"href":"https:\/\/logistiikkakeskus.net\/kauppa\/wp-json\/wp\/v2\/comments?post=77968"}],"wp:featuredmedia":[{"embeddable":true,"href":"https:\/\/logistiikkakeskus.net\/kauppa\/wp-json\/wp\/v2\/media\/104503"}],"wp:attachment":[{"href":"https:\/\/logistiikkakeskus.net\/kauppa\/wp-json\/wp\/v2\/media?parent=77968"}],"wp:term":[{"taxonomy":"product_brand","embeddable":true,"href":"https:\/\/logistiikkakeskus.net\/kauppa\/wp-json\/wp\/v2\/product_brand?post=77968"},{"taxonomy":"product_cat","embeddable":true,"href":"https:\/\/logistiikkakeskus.net\/kauppa\/wp-json\/wp\/v2\/product_cat?post=77968"},{"taxonomy":"product_tag","embeddable":true,"href":"https:\/\/logistiikkakeskus.net\/kauppa\/wp-json\/wp\/v2\/product_tag?post=77968"}],"curies":[{"name":"wp","href":"https:\/\/api.w.org\/{rel}","templated":true}]}}