{"id":77966,"date":"2022-12-01T09:56:58","date_gmt":"2022-12-01T09:56:58","guid":{"rendered":"https:\/\/logistiikkakeskus.net\/kauppa\/tuote\/ihon-pesuvoide-avalon-500ml-hajustettu\/"},"modified":"2026-01-20T09:20:10","modified_gmt":"2026-01-20T07:20:10","slug":"ihon-pesuvoide-avalon-500ml-hajustettu","status":"publish","type":"product","link":"https:\/\/logistiikkakeskus.net\/kauppa\/tuote\/ihon-pesuvoide-avalon-500ml-hajustettu\/","title":{"rendered":"Ihon pesuvoide Avalon 500ml hajustettu"},"content":{"rendered":"<p>myyntiyksikk\u00f6 PLO (500ml), ryhm\u00e4pak. 6 plo\/ltk<\/p>\n<h2>Hoitava ihon pesuemulsio Avalon 500ml,pumppupullo<\/h2>\n<p>Hajustettu emulsiomainenpesuvoide herk\u00e4lle ja kuivalle iholle, erityisesti vaippa-alueen iholle, mutta voidaan k\u00e4ytt\u00e4\u00e4 my\u00f6svuodepotilaan kokopesuun. Pesuvoide sis\u00e4lt\u00e4\u00e4 likaa irrottavia, ihoa suojaavia, hoitavia ainesosia.Emulsio on tarkoitettu k\u00e4ytett\u00e4v\u00e4ksi saippuansijasta &#8211; ei tarvitse huuhtoa. Pesuvoiteenannostelu on helppoa 500ml pumppupullosta.<\/p>\n<p><i><br \/>hakusanat: pesuvoide, kuivapesu, ihonpesuvoide,ihonpuhdistusvoide, nestesaippuat, suihkusaippuat,k\u00e4sisaippuat<\/i><\/p>\n","protected":false},"excerpt":{"rendered":"<p>myyntiyksikk\u00f6 PLO (500ml), ryhm\u00e4pak. 6 plo\/ltk Hoitava ihon pesuemulsio Avalon 500ml,pumppupullo Hajustettu emulsiomainenpesuvoide herk\u00e4lle ja kuivalle iholle, erityisesti vaippa-alueen iholle, mutta voidaan k\u00e4ytt\u00e4\u00e4 my\u00f6svuodepotilaan kokopesuun. Pesuvoide sis\u00e4lt\u00e4\u00e4 likaa irrottavia, ihoa suojaavia, hoitavia ainesosia.Emulsio on tarkoitettu k\u00e4ytett\u00e4v\u00e4ksi saippuansijasta &#8211; ei tarvitse huuhtoa. Pesuvoiteenannostelu on helppoa 500ml pumppupullosta. hakusanat: pesuvoide, kuivapesu, ihonpesuvoide,ihonpuhdistusvoide, nestesaippuat, suihkusaippuat,k\u00e4sisaippuat<\/p>\n","protected":false},"featured_media":104502,"comment_status":"open","ping_status":"closed","template":"","meta":[],"product_brand":[],"product_cat":[3446],"product_tag":[],"class_list":{"0":"post-77966","1":"product","2":"type-product","3":"status-publish","4":"has-post-thumbnail","6":"product_cat-hoitotarvikkeet-henkilokohtainen-hygienia-ihon-pesunesteet","8":"first","9":"instock","10":"shipping-taxable","11":"purchasable","12":"product-type-simple"},"_links":{"self":[{"href":"https:\/\/logistiikkakeskus.net\/kauppa\/wp-json\/wp\/v2\/product\/77966","targetHints":{"allow":["GET"]}}],"collection":[{"href":"https:\/\/logistiikkakeskus.net\/kauppa\/wp-json\/wp\/v2\/product"}],"about":[{"href":"https:\/\/logistiikkakeskus.net\/kauppa\/wp-json\/wp\/v2\/types\/product"}],"replies":[{"embeddable":true,"href":"https:\/\/logistiikkakeskus.net\/kauppa\/wp-json\/wp\/v2\/comments?post=77966"}],"wp:featuredmedia":[{"embeddable":true,"href":"https:\/\/logistiikkakeskus.net\/kauppa\/wp-json\/wp\/v2\/media\/104502"}],"wp:attachment":[{"href":"https:\/\/logistiikkakeskus.net\/kauppa\/wp-json\/wp\/v2\/media?parent=77966"}],"wp:term":[{"taxonomy":"product_brand","embeddable":true,"href":"https:\/\/logistiikkakeskus.net\/kauppa\/wp-json\/wp\/v2\/product_brand?post=77966"},{"taxonomy":"product_cat","embeddable":true,"href":"https:\/\/logistiikkakeskus.net\/kauppa\/wp-json\/wp\/v2\/product_cat?post=77966"},{"taxonomy":"product_tag","embeddable":true,"href":"https:\/\/logistiikkakeskus.net\/kauppa\/wp-json\/wp\/v2\/product_tag?post=77966"}],"curies":[{"name":"wp","href":"https:\/\/api.w.org\/{rel}","templated":true}]}}