{"id":77962,"date":"2022-12-01T09:56:56","date_gmt":"2022-12-01T09:56:56","guid":{"rendered":"https:\/\/logistiikkakeskus.net\/kauppa\/tuote\/ihon-pesuneste-avalon-3l-hajuton\/"},"modified":"2026-01-20T09:20:09","modified_gmt":"2026-01-20T07:20:09","slug":"ihon-pesuneste-avalon-3l-hajuton","status":"publish","type":"product","link":"https:\/\/logistiikkakeskus.net\/kauppa\/tuote\/ihon-pesuneste-avalon-3l-hajuton\/","title":{"rendered":"Ihon pesuneste Avalon 3L hajuton"},"content":{"rendered":"<p>myyntiyksikk\u00f6 AST (3l)<\/p>\n<h2>Hajustamaton nestesaippua Avalon, 3 litraa<\/h2>\n<p>Ihon pesuun tarkoitettu, hajustamatonnestesaippua, joka hell\u00e4varaisena sopii useintoistuvaan pesuun ja herkk\u00e4ihoisille. Pesuneste soveltuu my\u00f6s hiusten ja koko vartalon pesuun.<b>Ei sis\u00e4ll\u00e4 hajusteita eik\u00e4 v\u00e4riaineita<\/b> -sopii my\u00f6s herk\u00e4lle iholle. Nesteen pH-arvo on6,0<\/p>\n<p><i>Hakusanat: hiustenpesuaine,tukanpesuaine,k\u00e4sienpesuaine, nestesaippua, suihkusaippua,k\u00e4sisaippua, hiusshampoo<\/i><\/p>\n","protected":false},"excerpt":{"rendered":"<p>myyntiyksikk\u00f6 AST (3l) Hajustamaton nestesaippua Avalon, 3 litraa Ihon pesuun tarkoitettu, hajustamatonnestesaippua, joka hell\u00e4varaisena sopii useintoistuvaan pesuun ja herkk\u00e4ihoisille. Pesuneste soveltuu my\u00f6s hiusten ja koko vartalon pesuun.Ei sis\u00e4ll\u00e4 hajusteita eik\u00e4 v\u00e4riaineita -sopii my\u00f6s herk\u00e4lle iholle. Nesteen pH-arvo on6,0 Hakusanat: hiustenpesuaine,tukanpesuaine,k\u00e4sienpesuaine, nestesaippua, suihkusaippua,k\u00e4sisaippua, hiusshampoo<\/p>\n","protected":false},"featured_media":104500,"comment_status":"open","ping_status":"closed","template":"","meta":[],"product_brand":[],"product_cat":[3446],"product_tag":[],"class_list":{"0":"post-77962","1":"product","2":"type-product","3":"status-publish","4":"has-post-thumbnail","6":"product_cat-hoitotarvikkeet-henkilokohtainen-hygienia-ihon-pesunesteet","8":"first","9":"instock","10":"shipping-taxable","11":"purchasable","12":"product-type-simple"},"_links":{"self":[{"href":"https:\/\/logistiikkakeskus.net\/kauppa\/wp-json\/wp\/v2\/product\/77962","targetHints":{"allow":["GET"]}}],"collection":[{"href":"https:\/\/logistiikkakeskus.net\/kauppa\/wp-json\/wp\/v2\/product"}],"about":[{"href":"https:\/\/logistiikkakeskus.net\/kauppa\/wp-json\/wp\/v2\/types\/product"}],"replies":[{"embeddable":true,"href":"https:\/\/logistiikkakeskus.net\/kauppa\/wp-json\/wp\/v2\/comments?post=77962"}],"wp:featuredmedia":[{"embeddable":true,"href":"https:\/\/logistiikkakeskus.net\/kauppa\/wp-json\/wp\/v2\/media\/104500"}],"wp:attachment":[{"href":"https:\/\/logistiikkakeskus.net\/kauppa\/wp-json\/wp\/v2\/media?parent=77962"}],"wp:term":[{"taxonomy":"product_brand","embeddable":true,"href":"https:\/\/logistiikkakeskus.net\/kauppa\/wp-json\/wp\/v2\/product_brand?post=77962"},{"taxonomy":"product_cat","embeddable":true,"href":"https:\/\/logistiikkakeskus.net\/kauppa\/wp-json\/wp\/v2\/product_cat?post=77962"},{"taxonomy":"product_tag","embeddable":true,"href":"https:\/\/logistiikkakeskus.net\/kauppa\/wp-json\/wp\/v2\/product_tag?post=77962"}],"curies":[{"name":"wp","href":"https:\/\/api.w.org\/{rel}","templated":true}]}}