{"id":77960,"date":"2022-12-01T09:56:56","date_gmt":"2022-12-01T09:56:56","guid":{"rendered":"https:\/\/logistiikkakeskus.net\/kauppa\/tuote\/ihon-pesuneste-erisan-500ml\/"},"modified":"2026-01-20T09:20:09","modified_gmt":"2026-01-20T07:20:09","slug":"ihon-pesuneste-erisan-500ml","status":"publish","type":"product","link":"https:\/\/logistiikkakeskus.net\/kauppa\/tuote\/ihon-pesuneste-erisan-500ml\/","title":{"rendered":"Ihon pesuneste Erisan 500ml"},"content":{"rendered":"<h2>Erisan Hoitava pesuneste, 500 ml pumppupullo<\/h2>\n<p>Erisan hoitava pesuneste on hajustamaton ja v\u00e4riaineeton, jokasopiihyvin usein toistuvaan k\u00e4sienpesuun sek\u00e4 suihkupesuun, my\u00f6s hiuksille.Tuote soveltuu hyvin my\u00f6s herkk\u00e4ihoisille.<\/p>\n<ul>\n<li>Hajusteeton\n<li>Tuotteen pH 5,5<\/ul>\n<p><i>Hakusanat: ihonpesunesteet, nestesaippua, hoitavakokovartalon,k\u00e4sienpesuaineet, lasten, hajustamaton<\/i><\/p>\n","protected":false},"excerpt":{"rendered":"<p>Erisan Hoitava pesuneste, 500 ml pumppupullo Erisan hoitava pesuneste on hajustamaton ja v\u00e4riaineeton, jokasopiihyvin usein toistuvaan k\u00e4sienpesuun sek\u00e4 suihkupesuun, my\u00f6s hiuksille.Tuote soveltuu hyvin my\u00f6s herkk\u00e4ihoisille. Hajusteeton Tuotteen pH 5,5 Hakusanat: ihonpesunesteet, nestesaippua, hoitavakokovartalon,k\u00e4sienpesuaineet, lasten, hajustamaton<\/p>\n","protected":false},"featured_media":104499,"comment_status":"open","ping_status":"closed","template":"","meta":[],"product_brand":[],"product_cat":[3446],"product_tag":[],"class_list":{"0":"post-77960","1":"product","2":"type-product","3":"status-publish","4":"has-post-thumbnail","6":"product_cat-hoitotarvikkeet-henkilokohtainen-hygienia-ihon-pesunesteet","8":"first","9":"instock","10":"shipping-taxable","11":"purchasable","12":"product-type-simple"},"_links":{"self":[{"href":"https:\/\/logistiikkakeskus.net\/kauppa\/wp-json\/wp\/v2\/product\/77960","targetHints":{"allow":["GET"]}}],"collection":[{"href":"https:\/\/logistiikkakeskus.net\/kauppa\/wp-json\/wp\/v2\/product"}],"about":[{"href":"https:\/\/logistiikkakeskus.net\/kauppa\/wp-json\/wp\/v2\/types\/product"}],"replies":[{"embeddable":true,"href":"https:\/\/logistiikkakeskus.net\/kauppa\/wp-json\/wp\/v2\/comments?post=77960"}],"wp:featuredmedia":[{"embeddable":true,"href":"https:\/\/logistiikkakeskus.net\/kauppa\/wp-json\/wp\/v2\/media\/104499"}],"wp:attachment":[{"href":"https:\/\/logistiikkakeskus.net\/kauppa\/wp-json\/wp\/v2\/media?parent=77960"}],"wp:term":[{"taxonomy":"product_brand","embeddable":true,"href":"https:\/\/logistiikkakeskus.net\/kauppa\/wp-json\/wp\/v2\/product_brand?post=77960"},{"taxonomy":"product_cat","embeddable":true,"href":"https:\/\/logistiikkakeskus.net\/kauppa\/wp-json\/wp\/v2\/product_cat?post=77960"},{"taxonomy":"product_tag","embeddable":true,"href":"https:\/\/logistiikkakeskus.net\/kauppa\/wp-json\/wp\/v2\/product_tag?post=77960"}],"curies":[{"name":"wp","href":"https:\/\/api.w.org\/{rel}","templated":true}]}}