{"id":77956,"date":"2022-12-01T09:56:54","date_gmt":"2022-12-01T09:56:54","guid":{"rendered":"https:\/\/logistiikkakeskus.net\/kauppa\/tuote\/partahoyla-parranajoon-2-tera-big-2-kk\/"},"modified":"2026-01-20T09:20:09","modified_gmt":"2026-01-20T07:20:09","slug":"partahoyla-parranajoon-2-tera-big-2-kk","status":"publish","type":"product","link":"https:\/\/logistiikkakeskus.net\/kauppa\/tuote\/partahoyla-parranajoon-2-tera-big-2-kk\/","title":{"rendered":"Partah\u00f6yl\u00e4 parranajoon 2-ter\u00e4 kk"},"content":{"rendered":"<p>Myyntiyksikk\u00f6 PSS (10kpl)<\/p>\n<h2>Gillette Blue -partah\u00f6yl\u00e4, kk<\/h2>\n<p>Kertak\u00e4ytt\u00f6inen partah\u00f6yl\u00e4 parranajoon.<\/p>\n<p><i>Hakusanat: partah\u00f6yl\u00e4, h\u00f6yl\u00e4, partakone, parranajoon, kertak\u00e4ytt\u00f6inen<\/i><\/p>\n","protected":false},"excerpt":{"rendered":"<p>Myyntiyksikk\u00f6 PSS (10kpl) Gillette Blue -partah\u00f6yl\u00e4, kk Kertak\u00e4ytt\u00f6inen partah\u00f6yl\u00e4 parranajoon. Hakusanat: partah\u00f6yl\u00e4, h\u00f6yl\u00e4, partakone, parranajoon, kertak\u00e4ytt\u00f6inen<\/p>\n","protected":false},"featured_media":104498,"comment_status":"open","ping_status":"closed","template":"","meta":[],"product_brand":[],"product_cat":[3279],"product_tag":[],"class_list":{"0":"post-77956","1":"product","2":"type-product","3":"status-publish","4":"has-post-thumbnail","6":"product_cat-hoitotarvikkeet-henkilokohtainen-hygienia-hygieniatarvikkeet","8":"first","9":"instock","10":"shipping-taxable","11":"purchasable","12":"product-type-simple"},"_links":{"self":[{"href":"https:\/\/logistiikkakeskus.net\/kauppa\/wp-json\/wp\/v2\/product\/77956","targetHints":{"allow":["GET"]}}],"collection":[{"href":"https:\/\/logistiikkakeskus.net\/kauppa\/wp-json\/wp\/v2\/product"}],"about":[{"href":"https:\/\/logistiikkakeskus.net\/kauppa\/wp-json\/wp\/v2\/types\/product"}],"replies":[{"embeddable":true,"href":"https:\/\/logistiikkakeskus.net\/kauppa\/wp-json\/wp\/v2\/comments?post=77956"}],"wp:featuredmedia":[{"embeddable":true,"href":"https:\/\/logistiikkakeskus.net\/kauppa\/wp-json\/wp\/v2\/media\/104498"}],"wp:attachment":[{"href":"https:\/\/logistiikkakeskus.net\/kauppa\/wp-json\/wp\/v2\/media?parent=77956"}],"wp:term":[{"taxonomy":"product_brand","embeddable":true,"href":"https:\/\/logistiikkakeskus.net\/kauppa\/wp-json\/wp\/v2\/product_brand?post=77956"},{"taxonomy":"product_cat","embeddable":true,"href":"https:\/\/logistiikkakeskus.net\/kauppa\/wp-json\/wp\/v2\/product_cat?post=77956"},{"taxonomy":"product_tag","embeddable":true,"href":"https:\/\/logistiikkakeskus.net\/kauppa\/wp-json\/wp\/v2\/product_tag?post=77956"}],"curies":[{"name":"wp","href":"https:\/\/api.w.org\/{rel}","templated":true}]}}