{"id":77954,"date":"2022-12-01T09:56:54","date_gmt":"2022-12-01T09:56:54","guid":{"rendered":"https:\/\/logistiikkakeskus.net\/kauppa\/tuote\/kampa-iso-muovi-17cm\/"},"modified":"2026-01-20T09:20:09","modified_gmt":"2026-01-20T07:20:09","slug":"kampa-iso-muovi-17cm","status":"publish","type":"product","link":"https:\/\/logistiikkakeskus.net\/kauppa\/tuote\/kampa-iso-muovi-17cm\/","title":{"rendered":"Kampa iso muovi 17cm"},"content":{"rendered":"<p>Myyntiyksikk\u00f6: KPL, 24Kpl\/Ras<\/p>\n<h2>Muovikampa iso 17,5cm<\/h2>\n<ul>\n<li>k\u00e4silaukkukampa\n<li>kammassa tihe\u00e4 jaharva osuus\n<li>pituus: 17,5cm<\/p>\n<\/ul>\n<p><i><br \/>hakusanat: Kampa, muovikampa, k\u00e4silaukkukampa, hiuskampa<\/i><\/p>\n","protected":false},"excerpt":{"rendered":"<p>Myyntiyksikk\u00f6: KPL, 24Kpl\/Ras Muovikampa iso 17,5cm k\u00e4silaukkukampa kammassa tihe\u00e4 jaharva osuus pituus: 17,5cm hakusanat: Kampa, muovikampa, k\u00e4silaukkukampa, hiuskampa<\/p>\n","protected":false},"featured_media":104497,"comment_status":"open","ping_status":"closed","template":"","meta":[],"product_brand":[],"product_cat":[3279],"product_tag":[],"class_list":{"0":"post-77954","1":"product","2":"type-product","3":"status-publish","4":"has-post-thumbnail","6":"product_cat-hoitotarvikkeet-henkilokohtainen-hygienia-hygieniatarvikkeet","8":"first","9":"instock","10":"shipping-taxable","11":"purchasable","12":"product-type-simple"},"_links":{"self":[{"href":"https:\/\/logistiikkakeskus.net\/kauppa\/wp-json\/wp\/v2\/product\/77954","targetHints":{"allow":["GET"]}}],"collection":[{"href":"https:\/\/logistiikkakeskus.net\/kauppa\/wp-json\/wp\/v2\/product"}],"about":[{"href":"https:\/\/logistiikkakeskus.net\/kauppa\/wp-json\/wp\/v2\/types\/product"}],"replies":[{"embeddable":true,"href":"https:\/\/logistiikkakeskus.net\/kauppa\/wp-json\/wp\/v2\/comments?post=77954"}],"wp:featuredmedia":[{"embeddable":true,"href":"https:\/\/logistiikkakeskus.net\/kauppa\/wp-json\/wp\/v2\/media\/104497"}],"wp:attachment":[{"href":"https:\/\/logistiikkakeskus.net\/kauppa\/wp-json\/wp\/v2\/media?parent=77954"}],"wp:term":[{"taxonomy":"product_brand","embeddable":true,"href":"https:\/\/logistiikkakeskus.net\/kauppa\/wp-json\/wp\/v2\/product_brand?post=77954"},{"taxonomy":"product_cat","embeddable":true,"href":"https:\/\/logistiikkakeskus.net\/kauppa\/wp-json\/wp\/v2\/product_cat?post=77954"},{"taxonomy":"product_tag","embeddable":true,"href":"https:\/\/logistiikkakeskus.net\/kauppa\/wp-json\/wp\/v2\/product_tag?post=77954"}],"curies":[{"name":"wp","href":"https:\/\/api.w.org\/{rel}","templated":true}]}}