{"id":77952,"date":"2022-12-01T09:56:53","date_gmt":"2022-12-01T09:56:53","guid":{"rendered":"https:\/\/logistiikkakeskus.net\/kauppa\/tuote\/hiusten-pesuaine-avalon-500ml-pumppuplo\/"},"modified":"2026-01-20T09:20:09","modified_gmt":"2026-01-20T07:20:09","slug":"hiusten-pesuaine-avalon-500ml-pumppuplo","status":"publish","type":"product","link":"https:\/\/logistiikkakeskus.net\/kauppa\/tuote\/hiusten-pesuaine-avalon-500ml-pumppuplo\/","title":{"rendered":"Hiusten pesuaine Avalon 500ml pumppuplo"},"content":{"rendered":"<p>Myyntiyksikk\u00f6 PLO (500ml), ryhm\u00e4pak. 6 plo\/ltk<\/p>\n<h2>Avalon shampoo,hajustamaton 500ml pumppupullo<\/h2>\n<ul>\n<li>hell\u00e4sti pesev\u00e4 jarunsasvaahtoinen shampoop\u00e4ivitt\u00e4iseen k\u00e4ytt\u00f6\u00f6n kaikille hiustyypille\n<li>sopii my\u00f6svartalonpesuun\n<li>uuteshampoo ravitsee ja kuntouttaa hiuspohjaa\n<li>antaaiholle pehmeytt\u00e4 ja est\u00e4\u00e4 sen kuivumista\n<li><b>tuote onhajustamaton ja v\u00e4riaineeton<\/b>\n<li>pH 5,5<\/ul>\n<ul><b>S\u00e4ilyvyys:<\/b><\/p>\n<li>s\u00e4ilyy huoneen l\u00e4mm\u00f6ss\u00e4 3 vuotta, jaavattuna 12kk<\/ul>\n<p><i><br \/>hakusanat: Ihonpesu,pesuneste,hiustenpesu,k\u00e4denpesu,k\u00e4sienpesu<\/i><\/p>\n","protected":false},"excerpt":{"rendered":"<p>Myyntiyksikk\u00f6 PLO (500ml), ryhm\u00e4pak. 6 plo\/ltk Avalon shampoo,hajustamaton 500ml pumppupullo hell\u00e4sti pesev\u00e4 jarunsasvaahtoinen shampoop\u00e4ivitt\u00e4iseen k\u00e4ytt\u00f6\u00f6n kaikille hiustyypille sopii my\u00f6svartalonpesuun uuteshampoo ravitsee ja kuntouttaa hiuspohjaa antaaiholle pehmeytt\u00e4 ja est\u00e4\u00e4 sen kuivumista tuote onhajustamaton ja v\u00e4riaineeton pH 5,5 S\u00e4ilyvyys: s\u00e4ilyy huoneen l\u00e4mm\u00f6ss\u00e4 3 vuotta, jaavattuna 12kk hakusanat: Ihonpesu,pesuneste,hiustenpesu,k\u00e4denpesu,k\u00e4sienpesu<\/p>\n","protected":false},"featured_media":104496,"comment_status":"open","ping_status":"closed","template":"","meta":[],"product_brand":[],"product_cat":[3446],"product_tag":[],"class_list":{"0":"post-77952","1":"product","2":"type-product","3":"status-publish","4":"has-post-thumbnail","6":"product_cat-hoitotarvikkeet-henkilokohtainen-hygienia-ihon-pesunesteet","8":"first","9":"instock","10":"shipping-taxable","11":"purchasable","12":"product-type-simple"},"_links":{"self":[{"href":"https:\/\/logistiikkakeskus.net\/kauppa\/wp-json\/wp\/v2\/product\/77952","targetHints":{"allow":["GET"]}}],"collection":[{"href":"https:\/\/logistiikkakeskus.net\/kauppa\/wp-json\/wp\/v2\/product"}],"about":[{"href":"https:\/\/logistiikkakeskus.net\/kauppa\/wp-json\/wp\/v2\/types\/product"}],"replies":[{"embeddable":true,"href":"https:\/\/logistiikkakeskus.net\/kauppa\/wp-json\/wp\/v2\/comments?post=77952"}],"wp:featuredmedia":[{"embeddable":true,"href":"https:\/\/logistiikkakeskus.net\/kauppa\/wp-json\/wp\/v2\/media\/104496"}],"wp:attachment":[{"href":"https:\/\/logistiikkakeskus.net\/kauppa\/wp-json\/wp\/v2\/media?parent=77952"}],"wp:term":[{"taxonomy":"product_brand","embeddable":true,"href":"https:\/\/logistiikkakeskus.net\/kauppa\/wp-json\/wp\/v2\/product_brand?post=77952"},{"taxonomy":"product_cat","embeddable":true,"href":"https:\/\/logistiikkakeskus.net\/kauppa\/wp-json\/wp\/v2\/product_cat?post=77952"},{"taxonomy":"product_tag","embeddable":true,"href":"https:\/\/logistiikkakeskus.net\/kauppa\/wp-json\/wp\/v2\/product_tag?post=77952"}],"curies":[{"name":"wp","href":"https:\/\/api.w.org\/{rel}","templated":true}]}}