{"id":77948,"date":"2022-12-01T09:56:51","date_gmt":"2022-12-01T09:56:51","guid":{"rendered":"https:\/\/logistiikkakeskus.net\/kauppa\/tuote\/partahoyla-1-puoleinen-kertakaytto\/"},"modified":"2025-03-25T14:45:19","modified_gmt":"2025-03-25T12:45:19","slug":"partahoyla-1-puoleinen-kertakaytto","status":"publish","type":"product","link":"https:\/\/logistiikkakeskus.net\/kauppa\/tuote\/partahoyla-1-puoleinen-kertakaytto\/","title":{"rendered":"Partah\u00f6yl\u00e4 1-puoleinen, kertak\u00e4ytt\u00f6"},"content":{"rendered":"<p>myyntiyksikk\u00f6 RAS (100kpl)<\/p>\n<h2>Partah\u00f6yl\u00e4 1-puoleinen kertak\u00e4ytt\u00f6inen<\/h2>\n<p>Ihokarvojen poistoon<\/p>\n<p><i><br \/>hakusanat: partakone,partah\u00f6yl\u00e4 1-puoleinen,kertak\u00e4ytt\u00f6inen,ihokarvojen poistoon<\/i><\/p>\n","protected":false},"excerpt":{"rendered":"<p>myyntiyksikk\u00f6 RAS (100kpl) Partah\u00f6yl\u00e4 1-puoleinen kertak\u00e4ytt\u00f6inen Ihokarvojen poistoon hakusanat: partakone,partah\u00f6yl\u00e4 1-puoleinen,kertak\u00e4ytt\u00f6inen,ihokarvojen poistoon<\/p>\n","protected":false},"featured_media":0,"comment_status":"open","ping_status":"closed","template":"","meta":[],"product_brand":[],"product_cat":[3279],"product_tag":[],"class_list":{"0":"post-77948","1":"product","2":"type-product","3":"status-publish","5":"product_cat-hoitotarvikkeet-henkilokohtainen-hygienia-hygieniatarvikkeet","7":"first","8":"instock","9":"shipping-taxable","10":"purchasable","11":"product-type-simple"},"_links":{"self":[{"href":"https:\/\/logistiikkakeskus.net\/kauppa\/wp-json\/wp\/v2\/product\/77948","targetHints":{"allow":["GET"]}}],"collection":[{"href":"https:\/\/logistiikkakeskus.net\/kauppa\/wp-json\/wp\/v2\/product"}],"about":[{"href":"https:\/\/logistiikkakeskus.net\/kauppa\/wp-json\/wp\/v2\/types\/product"}],"replies":[{"embeddable":true,"href":"https:\/\/logistiikkakeskus.net\/kauppa\/wp-json\/wp\/v2\/comments?post=77948"}],"wp:attachment":[{"href":"https:\/\/logistiikkakeskus.net\/kauppa\/wp-json\/wp\/v2\/media?parent=77948"}],"wp:term":[{"taxonomy":"product_brand","embeddable":true,"href":"https:\/\/logistiikkakeskus.net\/kauppa\/wp-json\/wp\/v2\/product_brand?post=77948"},{"taxonomy":"product_cat","embeddable":true,"href":"https:\/\/logistiikkakeskus.net\/kauppa\/wp-json\/wp\/v2\/product_cat?post=77948"},{"taxonomy":"product_tag","embeddable":true,"href":"https:\/\/logistiikkakeskus.net\/kauppa\/wp-json\/wp\/v2\/product_tag?post=77948"}],"curies":[{"name":"wp","href":"https:\/\/api.w.org\/{rel}","templated":true}]}}